{"id":32705,"date":"2025-04-10T12:09:07","date_gmt":"2025-04-10T10:09:07","guid":{"rendered":"https:\/\/myspainfood.com\/producto\/el-gran-cardenal-saueost-med-olivenolje\/"},"modified":"2025-07-28T10:35:01","modified_gmt":"2025-07-28T08:35:01","slug":"el-gran-cardenal-saueost-med-olivenolje","status":"publish","type":"product","link":"https:\/\/myspainfood.com\/no\/producto\/el-gran-cardenal-saueost-med-olivenolje\/","title":{"rendered":"El Gran Cardenal Saueost med olivenolje"},"content":{"rendered":"<div class=\"et_pb_blurb_container\">\n<div class=\"et_pb_blurb_container\">\n<h4 class=\"et_pb_module_header\">Sau med olje<\/h4>\n<div class=\"et_pb_blurb_description\">V\u00e5r kastiljanske saueost, vinner av 4 internasjonale gullmedaljer, sammen med en av middelhavskostens skatter, olivenolje.<\/p>\n<p>Til dette bruker vi v\u00e5r egen olje, fra hundre \u00e5r gamle oliventr\u00e6r dyrket p\u00e5 jordene som San Isidro dyrket sammen med sin kone&#8230;<\/p><\/div>\n<\/div>\n<\/div>\n","protected":false},"excerpt":{"rendered":"<p>Sau med olje V\u00e5r kastiljanske saueost, vinner av 4 internasjonale gullmedaljer, sammen med en av middelhavskostens skatter, olivenolje. Til dette bruker vi v\u00e5r egen olje, fra hundre \u00e5r gamle oliventr\u00e6r dyrket p\u00e5 jordene som San Isidro dyrket sammen med sin kone&#8230;<\/p>\n","protected":false},"featured_media":11676,"template":"","meta":{"_et_pb_use_builder":"","_et_pb_old_content":"","_et_gb_content_width":""},"product_brand":[1319],"product_cat":[2724,1805,2252],"product_tag":[],"class_list":{"0":"post-32705","1":"product","2":"type-product","3":"status-publish","4":"has-post-thumbnail","6":"product_brand-el-gran-cardenal","7":"product_cat-herding","8":"product_cat-kald","9":"product_cat-ost-og-polse","10":"product_shipping_class-kald-forsendelse","12":"first","13":"outofstock","14":"taxable","15":"shipping-taxable","16":"purchasable","17":"product-type-variable"},"_links":{"self":[{"href":"https:\/\/myspainfood.com\/no\/wp-json\/wp\/v2\/product\/32705","targetHints":{"allow":["GET"]}}],"collection":[{"href":"https:\/\/myspainfood.com\/no\/wp-json\/wp\/v2\/product"}],"about":[{"href":"https:\/\/myspainfood.com\/no\/wp-json\/wp\/v2\/types\/product"}],"wp:featuredmedia":[{"embeddable":true,"href":"https:\/\/myspainfood.com\/no\/wp-json\/wp\/v2\/media\/11676"}],"wp:attachment":[{"href":"https:\/\/myspainfood.com\/no\/wp-json\/wp\/v2\/media?parent=32705"}],"wp:term":[{"taxonomy":"product_brand","embeddable":true,"href":"https:\/\/myspainfood.com\/no\/wp-json\/wp\/v2\/product_brand?post=32705"},{"taxonomy":"product_cat","embeddable":true,"href":"https:\/\/myspainfood.com\/no\/wp-json\/wp\/v2\/product_cat?post=32705"},{"taxonomy":"product_tag","embeddable":true,"href":"https:\/\/myspainfood.com\/no\/wp-json\/wp\/v2\/product_tag?post=32705"}],"curies":[{"name":"wp","href":"https:\/\/api.w.org\/{rel}","templated":true}]}}