{"id":33434,"date":"2025-04-10T12:08:59","date_gmt":"2025-04-10T10:08:59","guid":{"rendered":"https:\/\/myspainfood.com\/producto\/m-jesus-de-la-hoz-monsalve-2024-verdejo\/"},"modified":"2025-04-10T12:08:59","modified_gmt":"2025-04-10T10:08:59","slug":"m-jesus-de-la-hoz-monsalve-2024-verdejo","status":"publish","type":"product","link":"https:\/\/myspainfood.com\/no\/producto\/m-jesus-de-la-hoz-monsalve-2024-verdejo\/","title":{"rendered":"M Jesus de La Hoz Monsalve 2024 Verdejo"},"content":{"rendered":"<div class=\"cs-blog-content\">\n<p>Denne vinen er oppkalt etter en familietradisjon som er forankret i vinproduksjon. Vinproduksjonsutstyret er utstyrt med den nyeste teknologien for \u00e5 sikre at mosten ikke mister noe av sin sortskarakter. Gj\u00e6ring i rustfrie st\u00e5ltanker gir absolutt temperaturkontroll, og respekterer de strenge kvalitetskontrollene i hver prosess. <\/p>\n<p><strong>Farge:<\/strong> lys str\u00e5farget.<\/p>\n<p><strong>Aroma:<\/strong> uttrykksfull, sortstypisk, frisk frukt.<\/p>\n<p><strong>Smak:<\/strong> smakfull, fruktig, frisk, kj\u00f8ttfull.<\/p>\n<\/div>\n<h1><span class=\"vintage\"> <\/span><\/h1>\n","protected":false},"excerpt":{"rendered":"<p>Denne vinen er oppkalt etter en familietradisjon som er forankret i vinproduksjon. Vinproduksjonsutstyret er utstyrt med den nyeste teknologien for \u00e5 sikre at mosten ikke mister noe av sin sortskarakter. Gj\u00e6ring i rustfrie st\u00e5ltanker gir absolutt temperaturkontroll, og respekterer de strenge kvalitetskontrollene i hver prosess. Farge: lys str\u00e5farget. Aroma: uttrykksfull, sortstypisk, frisk frukt. Smak: smakfull, [&hellip;]<\/p>\n","protected":false},"featured_media":11775,"template":"","meta":{"_et_pb_use_builder":"","_et_pb_old_content":"","_et_gb_content_width":""},"product_brand":[1140],"product_cat":[4884,5246],"product_tag":[7250,7251],"class_list":{"0":"post-33434","1":"product","2":"type-product","3":"status-publish","4":"has-post-thumbnail","6":"product_brand-ladera-de-los-obispos","7":"product_cat-drikkevarer","8":"product_cat-vin-no-2","9":"product_tag-gotisk-no","10":"product_tag-hjul-no","12":"first","13":"instock","14":"featured","15":"taxable","16":"shipping-taxable","17":"purchasable","18":"product-type-variable"},"_links":{"self":[{"href":"https:\/\/myspainfood.com\/no\/wp-json\/wp\/v2\/product\/33434","targetHints":{"allow":["GET"]}}],"collection":[{"href":"https:\/\/myspainfood.com\/no\/wp-json\/wp\/v2\/product"}],"about":[{"href":"https:\/\/myspainfood.com\/no\/wp-json\/wp\/v2\/types\/product"}],"wp:featuredmedia":[{"embeddable":true,"href":"https:\/\/myspainfood.com\/no\/wp-json\/wp\/v2\/media\/11775"}],"wp:attachment":[{"href":"https:\/\/myspainfood.com\/no\/wp-json\/wp\/v2\/media?parent=33434"}],"wp:term":[{"taxonomy":"product_brand","embeddable":true,"href":"https:\/\/myspainfood.com\/no\/wp-json\/wp\/v2\/product_brand?post=33434"},{"taxonomy":"product_cat","embeddable":true,"href":"https:\/\/myspainfood.com\/no\/wp-json\/wp\/v2\/product_cat?post=33434"},{"taxonomy":"product_tag","embeddable":true,"href":"https:\/\/myspainfood.com\/no\/wp-json\/wp\/v2\/product_tag?post=33434"}],"curies":[{"name":"wp","href":"https:\/\/api.w.org\/{rel}","templated":true}]}}