{"id":33464,"date":"2025-04-10T12:10:14","date_gmt":"2025-04-10T10:10:14","guid":{"rendered":"https:\/\/myspainfood.com\/producto\/cockles-naturell-45-65-areoso\/"},"modified":"2025-07-31T16:48:31","modified_gmt":"2025-07-31T14:48:31","slug":"cockles-naturell-45-65-areoso","status":"publish","type":"product","link":"https:\/\/myspainfood.com\/no\/producto\/cockles-naturell-45-65-areoso\/","title":{"rendered":"Cockles naturell 45\/65 Areoso"},"content":{"rendered":"<p>Produkt: Cockles 45\/65 stykker.<\/p>\n<p>Ingredienser: Hjertemusling, vann og salt<\/p>\n<p>TILBEREDELSESPROSESS: Hjertemuslinger tilberedes p\u00e5 samme m\u00e5te som muslinger, selv om de ikke er et like delikat produkt som muslinger. Prosessen er som f\u00f8lger: De kokes i vann, med de riktige hygienisk-sanit\u00e6re egenskapene. Hele avskallings- og sorteringsprosessen er automatisert. Deretter vaskes de igjen i varmt vann, og derfra pakkes de. Deretter tilsettes dekkv\u00e6sken, som i dette tilfellet er naturlig vann. Den lukkes og steriliseres med de karakteristiske og passende parametrene for dette produktet. Deretter er den klar for lagring og salg.      <\/p>\n","protected":false},"excerpt":{"rendered":"<p>Produkt: Cockles 45\/65 stykker. Ingredienser: Hjertemusling, vann og salt TILBEREDELSESPROSESS: Hjertemuslinger tilberedes p\u00e5 samme m\u00e5te som muslinger, selv om de ikke er et like delikat produkt som muslinger. Prosessen er som f\u00f8lger: De kokes i vann, med de riktige hygienisk-sanit\u00e6re egenskapene. Hele avskallings- og sorteringsprosessen er automatisert. Deretter vaskes de igjen i varmt vann, og [&hellip;]<\/p>\n","protected":false},"featured_media":12576,"template":"","meta":{"_et_pb_use_builder":"","_et_pb_old_content":"","_et_gb_content_width":""},"product_brand":[1358,1075],"product_cat":[5663,1972],"product_tag":[],"class_list":{"0":"post-33464","1":"product","2":"type-product","3":"status-publish","4":"has-post-thumbnail","6":"product_brand-areoso","7":"product_brand-oti","8":"product_cat-cockles","9":"product_cat-konserver","11":"first","12":"outofstock","13":"sale","14":"taxable","15":"shipping-taxable","16":"purchasable","17":"product-type-simple"},"_links":{"self":[{"href":"https:\/\/myspainfood.com\/no\/wp-json\/wp\/v2\/product\/33464","targetHints":{"allow":["GET"]}}],"collection":[{"href":"https:\/\/myspainfood.com\/no\/wp-json\/wp\/v2\/product"}],"about":[{"href":"https:\/\/myspainfood.com\/no\/wp-json\/wp\/v2\/types\/product"}],"wp:featuredmedia":[{"embeddable":true,"href":"https:\/\/myspainfood.com\/no\/wp-json\/wp\/v2\/media\/12576"}],"wp:attachment":[{"href":"https:\/\/myspainfood.com\/no\/wp-json\/wp\/v2\/media?parent=33464"}],"wp:term":[{"taxonomy":"product_brand","embeddable":true,"href":"https:\/\/myspainfood.com\/no\/wp-json\/wp\/v2\/product_brand?post=33464"},{"taxonomy":"product_cat","embeddable":true,"href":"https:\/\/myspainfood.com\/no\/wp-json\/wp\/v2\/product_cat?post=33464"},{"taxonomy":"product_tag","embeddable":true,"href":"https:\/\/myspainfood.com\/no\/wp-json\/wp\/v2\/product_tag?post=33464"}],"curies":[{"name":"wp","href":"https:\/\/api.w.org\/{rel}","templated":true}]}}