{"id":33643,"date":"2025-04-10T12:09:55","date_gmt":"2025-04-10T10:09:55","guid":{"rendered":"https:\/\/myspainfood.com\/producto\/vermouth-los-cantabros-075l-med-solera-fra-igarmi-60-enheter\/"},"modified":"2025-04-10T12:09:55","modified_gmt":"2025-04-10T10:09:55","slug":"vermouth-los-cantabros-075l-med-solera-fra-igarmi-60-enheter","status":"publish","type":"product","link":"https:\/\/myspainfood.com\/no\/producto\/vermouth-los-cantabros-075l-med-solera-fra-igarmi-60-enheter\/","title":{"rendered":"Vermouth Los C\u00e1ntabros 0,75l med solera fra Igarmi 60 enheter"},"content":{"rendered":"<p>Verm\u00fa los C\u00e1ntabros er en hyllest til alle de mennene og kvinnene som har forst\u00e5tt \u00e5 bevare og spre kulturen v\u00e5r.<\/p>\n<p>Ogs\u00e5 v\u00e5re r\u00f8tter og tradisjoner, ledsaget av messer, festivaler, spill og gastronomi, fra havet til fjellene i v\u00e5rt elskede Cantabria.<\/p>\n<p>Dette produktet er tappet p\u00e5 flaske av <a href=\"https:\/\/bodegasigarmi.es\/mayoristas-de-bebidas-en-cantabria\/\" target=\"_blank\" rel=\"noopener noreferrer nofollow\">Bodegas Igarmi <\/a>.  <\/p>\n<p>Bodegas Igarmi er et resultat av en tradisjon som siden 1890 har v\u00e6rt preget av kvalitet og kundeservice.<\/p>\n<p>En familiebedrift som med sin lidenskap og dedikasjon til vin har gjort det mulig \u00e5 tappe og markedsf\u00f8re viner med et usl\u00e5elig forhold mellom kvalitet og pris, noe som verdsettes h\u00f8yt i markedet og av forbrukerne.<\/p>\n<p>Bodegas Igarmi har 3000 m\u00b2 med fasiliteter i byen Heras med en lagringskapasitet p\u00e5 ca. \u00e9n million liter.<\/p>\n<p>Det er ogs\u00e5 den st\u00f8rste ving\u00e5rden i Cantabria.<\/p>\n<p>De er et flott team p\u00e5 mer enn 30 personer som er opptatt av \u00e5 gi kunden det beste produktet og den beste servicen, noe som vi utmerker oss for.<\/p>\n<p>&nbsp;<\/p>\n","protected":false},"excerpt":{"rendered":"<p>Verm\u00fa los C\u00e1ntabros er en hyllest til alle de mennene og kvinnene som har forst\u00e5tt \u00e5 bevare og spre kulturen v\u00e5r. Ogs\u00e5 v\u00e5re r\u00f8tter og tradisjoner, ledsaget av messer, festivaler, spill og gastronomi, fra havet til fjellene i v\u00e5rt elskede Cantabria. Dette produktet er tappet p\u00e5 flaske av Bodegas Igarmi . Bodegas Igarmi er et [&hellip;]<\/p>\n","protected":false},"featured_media":9948,"template":"","meta":{"_et_pb_use_builder":"","_et_pb_old_content":"","_et_gb_content_width":""},"product_brand":[1244,1245],"product_cat":[7367,2943],"product_tag":[5773],"class_list":{"0":"post-33643","1":"product","2":"type-product","3":"status-publish","4":"has-post-thumbnail","6":"product_brand-igarmi","7":"product_brand-los-cantabros","8":"product_cat-drikkevarer-no","9":"product_cat-engroshandel","10":"product_tag-igarmi-no","12":"first","13":"instock","14":"taxable","15":"shipping-taxable","16":"purchasable","17":"product-type-simple"},"_links":{"self":[{"href":"https:\/\/myspainfood.com\/no\/wp-json\/wp\/v2\/product\/33643","targetHints":{"allow":["GET"]}}],"collection":[{"href":"https:\/\/myspainfood.com\/no\/wp-json\/wp\/v2\/product"}],"about":[{"href":"https:\/\/myspainfood.com\/no\/wp-json\/wp\/v2\/types\/product"}],"wp:featuredmedia":[{"embeddable":true,"href":"https:\/\/myspainfood.com\/no\/wp-json\/wp\/v2\/media\/9948"}],"wp:attachment":[{"href":"https:\/\/myspainfood.com\/no\/wp-json\/wp\/v2\/media?parent=33643"}],"wp:term":[{"taxonomy":"product_brand","embeddable":true,"href":"https:\/\/myspainfood.com\/no\/wp-json\/wp\/v2\/product_brand?post=33643"},{"taxonomy":"product_cat","embeddable":true,"href":"https:\/\/myspainfood.com\/no\/wp-json\/wp\/v2\/product_cat?post=33643"},{"taxonomy":"product_tag","embeddable":true,"href":"https:\/\/myspainfood.com\/no\/wp-json\/wp\/v2\/product_tag?post=33643"}],"curies":[{"name":"wp","href":"https:\/\/api.w.org\/{rel}","templated":true}]}}