{"id":33885,"date":"2025-04-10T12:10:21","date_gmt":"2025-04-10T10:10:21","guid":{"rendered":"https:\/\/myspainfood.com\/producto\/barbermuslinger-i-olivenolje-areoso-115-g\/"},"modified":"2025-04-10T12:10:21","modified_gmt":"2025-04-10T10:10:21","slug":"barbermuslinger-i-olivenolje-areoso-115-g","status":"publish","type":"product","link":"https:\/\/myspainfood.com\/no\/producto\/barbermuslinger-i-olivenolje-areoso-115-g\/","title":{"rendered":"Barbermuslinger i olivenolje Areoso 115 g"},"content":{"rendered":"<p>Produkt: Barbermuslinger i olivenolje<\/p>\n<p>Spesifikasjoner: Barbermuslinger (Ensis arcuatus) fra den galiciske Rias, av homogen st\u00f8rrelse i olivenolje. Renset og utvalgt for h\u00e5nd i hver boks. <\/p>\n<p>Ingredienser: Barbermuslinger 56,5 %, olivenolje 43,5 % og salt.<\/p>\n<p>Produksjonsprosessen: Barbermuslingene som h\u00f8stes i de galiciske riasene, g\u00e5r i likhet med resten av bl\u00f8tdyrene gjennom en renseprosess s\u00e5 snart de kommer inn i fabrikken. Deretter kokes de i vann med de riktige hygieniske og sanit\u00e6re egenskapene; bl\u00f8tdyrene \u00e5pnes og skrelles for h\u00e5nd, med stor forsiktighet for \u00e5 unng\u00e5 at de g\u00e5r i stykker. Deretter vaskes de igjen i varmt saltvann og pakkes. Deretter tilsettes et olivenoljebelegg for \u00e5 skape en jevn tekstur og intens smak. Beholderne lukkes og steriliseres med de karakteristiske og passende parametrene for dette produktet, noe som skaper den perfekte atmosf\u00e6ren for \u00e5 bli bevart i mange \u00e5r uten noen form for konserveringsmidler eller kunstige tilsetningsstoffer. Deretter er den klar for lagring og salg.     <\/p>\n","protected":false},"excerpt":{"rendered":"<p>Produkt: Barbermuslinger i olivenolje Spesifikasjoner: Barbermuslinger (Ensis arcuatus) fra den galiciske Rias, av homogen st\u00f8rrelse i olivenolje. Renset og utvalgt for h\u00e5nd i hver boks. Ingredienser: Barbermuslinger 56,5 %, olivenolje 43,5 % og salt. Produksjonsprosessen: Barbermuslingene som h\u00f8stes i de galiciske riasene, g\u00e5r i likhet med resten av bl\u00f8tdyrene gjennom en renseprosess s\u00e5 snart de [&hellip;]<\/p>\n","protected":false},"featured_media":12900,"template":"","meta":{"_et_pb_use_builder":"","_et_pb_old_content":"","_et_gb_content_width":""},"product_brand":[1358],"product_cat":[7538,1972],"product_tag":[],"class_list":{"0":"post-33885","1":"product","2":"type-product","3":"status-publish","4":"has-post-thumbnail","6":"product_brand-areoso","7":"product_cat-barberhovler","8":"product_cat-konserver","10":"first","11":"outofstock","12":"taxable","13":"shipping-taxable","14":"product-type-variable"},"_links":{"self":[{"href":"https:\/\/myspainfood.com\/no\/wp-json\/wp\/v2\/product\/33885","targetHints":{"allow":["GET"]}}],"collection":[{"href":"https:\/\/myspainfood.com\/no\/wp-json\/wp\/v2\/product"}],"about":[{"href":"https:\/\/myspainfood.com\/no\/wp-json\/wp\/v2\/types\/product"}],"wp:featuredmedia":[{"embeddable":true,"href":"https:\/\/myspainfood.com\/no\/wp-json\/wp\/v2\/media\/12900"}],"wp:attachment":[{"href":"https:\/\/myspainfood.com\/no\/wp-json\/wp\/v2\/media?parent=33885"}],"wp:term":[{"taxonomy":"product_brand","embeddable":true,"href":"https:\/\/myspainfood.com\/no\/wp-json\/wp\/v2\/product_brand?post=33885"},{"taxonomy":"product_cat","embeddable":true,"href":"https:\/\/myspainfood.com\/no\/wp-json\/wp\/v2\/product_cat?post=33885"},{"taxonomy":"product_tag","embeddable":true,"href":"https:\/\/myspainfood.com\/no\/wp-json\/wp\/v2\/product_tag?post=33885"}],"curies":[{"name":"wp","href":"https:\/\/api.w.org\/{rel}","templated":true}]}}