{"id":34082,"date":"2025-04-10T12:09:58","date_gmt":"2025-04-10T10:09:58","guid":{"rendered":"https:\/\/myspainfood.com\/producto\/banderillas-extra-krydret-chicon-900-gram-pakke-6-stk\/"},"modified":"2025-04-10T12:09:58","modified_gmt":"2025-04-10T10:09:58","slug":"banderillas-extra-krydret-chicon-900-gram-pakke-6-stk","status":"publish","type":"product","link":"https:\/\/myspainfood.com\/no\/producto\/banderillas-extra-krydret-chicon-900-gram-pakke-6-stk\/","title":{"rendered":"Banderillas Extra (krydret) Chic\u00f3n 900 gram pakke 6 stk."},"content":{"rendered":"<p>Banderillas extra picantes er <a href=\"https:\/\/aceitunaschiconlebron.com\/catalogo\/banderillas-picantes\/\" target=\"_blank\" rel=\"noopener noreferrer nofollow\">sylteagurk<\/a> som spises som en forrett hver dag i mange hj\u00f8rner av landet v\u00e5rt.<\/p>\n<p>Blandingen av smaker fra ingrediensene, sammen med et snev av eddik og den sterke chilien, gir en helt spesiell smak til v\u00e5re krydrede banderiller.<\/p>\n<p>De krydrede banderillasene best\u00e5r vanligvis av agurker, chili, l\u00f8k, oliven og paprika. Det er derfor blandingen av disse smakene er s\u00e5 uts\u00f8kt. <\/p>\n<h3><strong>Fordeler med Extra Spicy Banderillas<\/strong><\/h3>\n<p>Visste du om fordelene med krydret banderilla og sylteagurk generelt? Her er en liste over de viktigste: <\/p>\n<ul>\n<li>Rik p\u00e5 probiotika.<\/li>\n<li>De hjelper ford\u00f8yelsen.<\/li>\n<li>De styrker immunforsvaret.<\/li>\n<li>De reduserer suget etter sukker.<\/li>\n<li>Gunstig for gallebl\u00e6ren.<\/li>\n<\/ul>\n<p>&nbsp;<\/p>\n<p>Hvis du \u00f8nsker \u00e5 kj\u00f8pe oliven eller andre typer <a href=\"https:\/\/latiendadesami.com\/categoria-producto\/encurtidos\/\" rel=\"noopener noreferrer nofollow\" target=\"_blank\">syltet mat<\/a>, ikke n\u00f8l med \u00e5 ta en titt p\u00e5 v\u00e5r online katalog for \u00e5 se det brede utvalget av <a href=\"https:\/\/latiendadesami.com\/categoria-producto\/encurtidos\/aceitunas\/\" target=\"_blank\" rel=\"noopener noreferrer nofollow\">oliven<\/a> vi har.<\/p>\n","protected":false},"excerpt":{"rendered":"<p>banderillas picante<\/p>\n<p>Avhenger av mengde<\/p>\n","protected":false},"featured_media":12270,"template":"","meta":{"_et_pb_use_builder":"","_et_pb_old_content":"","_et_gb_content_width":""},"product_brand":[1036],"product_cat":[2943,3118],"product_tag":[4108,2095],"class_list":{"0":"post-34082","1":"product","2":"type-product","3":"status-publish","4":"has-post-thumbnail","6":"product_brand-chicon","7":"product_cat-engroshandel","8":"product_cat-pickles-no-2","9":"product_tag-ekstra-no","10":"product_tag-krydret-no","12":"first","13":"instock","14":"taxable","15":"shipping-taxable","16":"purchasable","17":"product-type-variable"},"_links":{"self":[{"href":"https:\/\/myspainfood.com\/no\/wp-json\/wp\/v2\/product\/34082","targetHints":{"allow":["GET"]}}],"collection":[{"href":"https:\/\/myspainfood.com\/no\/wp-json\/wp\/v2\/product"}],"about":[{"href":"https:\/\/myspainfood.com\/no\/wp-json\/wp\/v2\/types\/product"}],"wp:featuredmedia":[{"embeddable":true,"href":"https:\/\/myspainfood.com\/no\/wp-json\/wp\/v2\/media\/12270"}],"wp:attachment":[{"href":"https:\/\/myspainfood.com\/no\/wp-json\/wp\/v2\/media?parent=34082"}],"wp:term":[{"taxonomy":"product_brand","embeddable":true,"href":"https:\/\/myspainfood.com\/no\/wp-json\/wp\/v2\/product_brand?post=34082"},{"taxonomy":"product_cat","embeddable":true,"href":"https:\/\/myspainfood.com\/no\/wp-json\/wp\/v2\/product_cat?post=34082"},{"taxonomy":"product_tag","embeddable":true,"href":"https:\/\/myspainfood.com\/no\/wp-json\/wp\/v2\/product_tag?post=34082"}],"curies":[{"name":"wp","href":"https:\/\/api.w.org\/{rel}","templated":true}]}}