{"id":34194,"date":"2025-04-10T12:09:58","date_gmt":"2025-04-10T10:09:58","guid":{"rendered":"https:\/\/myspainfood.com\/producto\/chicon-extra-oliven-agurker-900-gram-pakke-6-enheter\/"},"modified":"2025-04-10T12:09:58","modified_gmt":"2025-04-10T10:09:58","slug":"chicon-extra-oliven-agurker-900-gram-pakke-6-enheter","status":"publish","type":"product","link":"https:\/\/myspainfood.com\/no\/producto\/chicon-extra-oliven-agurker-900-gram-pakke-6-enheter\/","title":{"rendered":"Chic\u00f3n Extra Oliven Agurker 900 gram pakke 6 enheter"},"content":{"rendered":"<p><a href=\"https:\/\/aceitunaschiconlebron.com\/\" target=\"_blank\" rel=\"noopener noreferrer nofollow\">Chic\u00f3n<\/a> Extra Gherkins lages i Antequera i Malaga.<\/p>\n<p>De er laget etter tradisjonell oppskrift og p\u00e5 tradisjonell m\u00e5te.<\/p>\n<p>Det er ekstra sm\u00e5, m\u00f8re agurker med dette lette og appetittvekkende eddikpreget.<\/p>\n<p>Blandingen av smaker fra ingrediensene sammen med eddiksmaken gir den en spesiell smak som er sv\u00e6rt behagelig for ganen.<\/p>\n<p>Sylteagurk er et mellomm\u00e5ltid som styrker immunforsvaret, noe som betyr at det st\u00f8tter kroppens forsvar og generelle helse.<\/p>\n<h3><strong>Fordeler med ekstra agurker<\/strong><\/h3>\n<p>Visste du om fordelene med sylteagurk generelt? Her er en liste over de viktigste: <\/p>\n<ul>\n<li>Rik p\u00e5 probiotika.<\/li>\n<li>De hjelper ford\u00f8yelsen.<\/li>\n<li>De styrker immunforsvaret.<\/li>\n<li>De reduserer suget etter sukker.<\/li>\n<li>Gunstig for gallebl\u00e6ren.<\/li>\n<\/ul>\n<p>Hvis du \u00f8nsker \u00e5 kj\u00f8pe oliven eller andre typer <a href=\"https:\/\/latiendadesami.com\/categoria-producto\/encurtidos\/\" rel=\"noopener noreferrer nofollow\" target=\"_blank\">syltet mat<\/a>, ikke n\u00f8l med \u00e5 ta en titt p\u00e5 v\u00e5r online katalog for \u00e5 se det brede utvalget av <a href=\"https:\/\/latiendadesami.com\/categoria-producto\/encurtidos\/pepinillos\/\" target=\"_blank\" rel=\"noopener noreferrer nofollow\">oliven<\/a> vi har.<\/p>\n","protected":false},"excerpt":{"rendered":"<p>Chic\u00f3n Extra Gherkins lages i Antequera i Malaga. De er laget etter tradisjonell oppskrift og p\u00e5 tradisjonell m\u00e5te. Det er ekstra sm\u00e5, m\u00f8re agurker med dette lette og appetittvekkende eddikpreget. Blandingen av smaker fra ingrediensene sammen med eddiksmaken gir den en spesiell smak som er sv\u00e6rt behagelig for ganen. Sylteagurk er et mellomm\u00e5ltid som styrker [&hellip;]<\/p>\n","protected":false},"featured_media":7068,"template":"","meta":{"_et_pb_use_builder":"","_et_pb_old_content":"","_et_gb_content_width":""},"product_brand":[1036],"product_cat":[2943,3118],"product_tag":[4108],"class_list":{"0":"post-34194","1":"product","2":"type-product","3":"status-publish","4":"has-post-thumbnail","6":"product_brand-chicon","7":"product_cat-engroshandel","8":"product_cat-pickles-no-2","9":"product_tag-ekstra-no","11":"first","12":"outofstock","13":"taxable","14":"shipping-taxable","15":"purchasable","16":"product-type-variable"},"_links":{"self":[{"href":"https:\/\/myspainfood.com\/no\/wp-json\/wp\/v2\/product\/34194","targetHints":{"allow":["GET"]}}],"collection":[{"href":"https:\/\/myspainfood.com\/no\/wp-json\/wp\/v2\/product"}],"about":[{"href":"https:\/\/myspainfood.com\/no\/wp-json\/wp\/v2\/types\/product"}],"wp:featuredmedia":[{"embeddable":true,"href":"https:\/\/myspainfood.com\/no\/wp-json\/wp\/v2\/media\/7068"}],"wp:attachment":[{"href":"https:\/\/myspainfood.com\/no\/wp-json\/wp\/v2\/media?parent=34194"}],"wp:term":[{"taxonomy":"product_brand","embeddable":true,"href":"https:\/\/myspainfood.com\/no\/wp-json\/wp\/v2\/product_brand?post=34194"},{"taxonomy":"product_cat","embeddable":true,"href":"https:\/\/myspainfood.com\/no\/wp-json\/wp\/v2\/product_cat?post=34194"},{"taxonomy":"product_tag","embeddable":true,"href":"https:\/\/myspainfood.com\/no\/wp-json\/wp\/v2\/product_tag?post=34194"}],"curies":[{"name":"wp","href":"https:\/\/api.w.org\/{rel}","templated":true}]}}