{"id":34236,"date":"2025-04-10T12:10:12","date_gmt":"2025-04-10T10:10:12","guid":{"rendered":"https:\/\/myspainfood.com\/producto\/norsk-rokt-laks-port-faroe-600-g\/"},"modified":"2025-06-24T13:41:10","modified_gmt":"2025-06-24T11:41:10","slug":"norsk-rokt-laks-port-faroe-600-g","status":"publish","type":"product","link":"https:\/\/myspainfood.com\/no\/producto\/norsk-rokt-laks-port-faroe-600-g\/","title":{"rendered":"Norsk r\u00f8kt laks Port Faroe 600 g"},"content":{"rendered":"<p>R\u00f8yking er en teknikk som brukes til \u00e5 konservere mat.<\/p>\n<p> R\u00f8yking best\u00e5r i \u00e5 utsette maten for en r\u00f8ykkilde som kommer fra b\u00e5l laget av tre med lite harpiks.<\/p>\n<p> Denne prosessen, i tillegg til konservering, er det som gir den s\u00e6regne r\u00f8yksmaken.<\/p>\n<p> R\u00f8kt laks er en matvare som oppn\u00e5s ved \u00e5 utsette laksen for r\u00f8yken som er beskrevet ovenfor, noe som gir den en lengre holdbarhetstid og en annerledes og karakteristisk smak.<\/p>\n<p>&nbsp;<\/p>\n","protected":false},"excerpt":{"rendered":"<p>R\u00f8yking er en teknikk som brukes til \u00e5 konservere mat. R\u00f8yking best\u00e5r i \u00e5 utsette maten for en r\u00f8ykkilde som kommer fra b\u00e5l laget av tre med lite harpiks. Denne prosessen, i tillegg til konservering, er det som gir den s\u00e6regne r\u00f8yksmaken. R\u00f8kt laks er en matvare som oppn\u00e5s ved \u00e5 utsette laksen for r\u00f8yken [&hellip;]<\/p>\n","protected":false},"featured_media":12603,"template":"","meta":{"_et_pb_use_builder":"","_et_pb_old_content":"","_et_gb_content_width":""},"product_brand":[1361],"product_cat":[7703,1805,7705],"product_tag":[],"class_list":{"0":"post-34236","1":"product","2":"type-product","3":"status-publish","4":"has-post-thumbnail","6":"product_brand-ahumados-fernandez-molina","7":"product_cat-julespesial","8":"product_cat-kald","9":"product_cat-laks","10":"product_shipping_class-kald-forsendelse","12":"first","13":"outofstock","14":"sale","15":"taxable","16":"shipping-taxable","17":"purchasable","18":"product-type-variable"},"_links":{"self":[{"href":"https:\/\/myspainfood.com\/no\/wp-json\/wp\/v2\/product\/34236","targetHints":{"allow":["GET"]}}],"collection":[{"href":"https:\/\/myspainfood.com\/no\/wp-json\/wp\/v2\/product"}],"about":[{"href":"https:\/\/myspainfood.com\/no\/wp-json\/wp\/v2\/types\/product"}],"wp:featuredmedia":[{"embeddable":true,"href":"https:\/\/myspainfood.com\/no\/wp-json\/wp\/v2\/media\/12603"}],"wp:attachment":[{"href":"https:\/\/myspainfood.com\/no\/wp-json\/wp\/v2\/media?parent=34236"}],"wp:term":[{"taxonomy":"product_brand","embeddable":true,"href":"https:\/\/myspainfood.com\/no\/wp-json\/wp\/v2\/product_brand?post=34236"},{"taxonomy":"product_cat","embeddable":true,"href":"https:\/\/myspainfood.com\/no\/wp-json\/wp\/v2\/product_cat?post=34236"},{"taxonomy":"product_tag","embeddable":true,"href":"https:\/\/myspainfood.com\/no\/wp-json\/wp\/v2\/product_tag?post=34236"}],"curies":[{"name":"wp","href":"https:\/\/api.w.org\/{rel}","templated":true}]}}