{"id":34706,"date":"2025-04-10T12:10:13","date_gmt":"2025-04-10T10:10:13","guid":{"rendered":"https:\/\/myspainfood.com\/producto\/flor-de-esgueva-viejo-ost-32-kg\/"},"modified":"2025-06-24T13:44:34","modified_gmt":"2025-06-24T11:44:34","slug":"flor-de-esgueva-viejo-ost-32-kg","status":"publish","type":"product","link":"https:\/\/myspainfood.com\/no\/producto\/flor-de-esgueva-viejo-ost-32-kg\/","title":{"rendered":"Flor de Esgueva Viejo-ost 3,2 kg"},"content":{"rendered":"<div class=\"et_pb_blurb_container\">\n<div class=\"et_pb_blurb_container\">\n<h1 class=\"vc_custom_heading\">Blomst av Esgueva Viejo<\/h1>\n<p class=\"vc_custom_heading us_custom_c587e30b\">Laget kun av r\u00e5 sauemelk og modnet i naturlig skorpe i minst 7 m\u00e5neder.<\/p>\n<div class=\"wpb_text_column us_custom_afe9a513\">\n<div class=\"wpb_wrapper\">\n<p>Dette er perfeksjon n\u00e5r det gjelder intensitet og tekstur. Det er en ost som passer sv\u00e6rt godt for osteelskere som liker en elastisk og nesten smeltende tekstur, men uten \u00e5 miste den rene sauesmaken og intensiteten i munnen. Den har en lang og vedvarende ettersmak som etterlater en behagelig f\u00f8lelse i noen minutter.  <\/p>\n<\/div>\n<\/div>\n<\/div>\n<\/div>\n","protected":false},"excerpt":{"rendered":"<p>Blomst av Esgueva Viejo Laget kun av r\u00e5 sauemelk og modnet i naturlig skorpe i minst 7 m\u00e5neder. Dette er perfeksjon n\u00e5r det gjelder intensitet og tekstur. Det er en ost som passer sv\u00e6rt godt for osteelskere som liker en elastisk og nesten smeltende tekstur, men uten \u00e5 miste den rene sauesmaken og intensiteten i [&hellip;]<\/p>\n","protected":false},"featured_media":12657,"template":"","meta":{"_et_pb_use_builder":"","_et_pb_old_content":"","_et_gb_content_width":""},"product_brand":[1367],"product_cat":[2724,1805,2252],"product_tag":[],"class_list":{"0":"post-34706","1":"product","2":"type-product","3":"status-publish","4":"has-post-thumbnail","6":"product_brand-flor-de-esgueva","7":"product_cat-herding","8":"product_cat-kald","9":"product_cat-ost-og-polse","10":"product_shipping_class-kald-forsendelse","12":"first","13":"outofstock","14":"taxable","15":"shipping-taxable","16":"purchasable","17":"product-type-variable"},"_links":{"self":[{"href":"https:\/\/myspainfood.com\/no\/wp-json\/wp\/v2\/product\/34706","targetHints":{"allow":["GET"]}}],"collection":[{"href":"https:\/\/myspainfood.com\/no\/wp-json\/wp\/v2\/product"}],"about":[{"href":"https:\/\/myspainfood.com\/no\/wp-json\/wp\/v2\/types\/product"}],"wp:featuredmedia":[{"embeddable":true,"href":"https:\/\/myspainfood.com\/no\/wp-json\/wp\/v2\/media\/12657"}],"wp:attachment":[{"href":"https:\/\/myspainfood.com\/no\/wp-json\/wp\/v2\/media?parent=34706"}],"wp:term":[{"taxonomy":"product_brand","embeddable":true,"href":"https:\/\/myspainfood.com\/no\/wp-json\/wp\/v2\/product_brand?post=34706"},{"taxonomy":"product_cat","embeddable":true,"href":"https:\/\/myspainfood.com\/no\/wp-json\/wp\/v2\/product_cat?post=34706"},{"taxonomy":"product_tag","embeddable":true,"href":"https:\/\/myspainfood.com\/no\/wp-json\/wp\/v2\/product_tag?post=34706"}],"curies":[{"name":"wp","href":"https:\/\/api.w.org\/{rel}","templated":true}]}}