{"id":34818,"date":"2025-04-10T12:09:51","date_gmt":"2025-04-10T10:09:51","guid":{"rendered":"https:\/\/myspainfood.com\/producto\/vin-cucamonas-verdejo-de-rueda-2022-bodegas-gotica-120-flasker\/"},"modified":"2025-04-10T12:09:51","modified_gmt":"2025-04-10T10:09:51","slug":"vin-cucamonas-verdejo-de-rueda-2022-bodegas-gotica-120-flasker","status":"publish","type":"product","link":"https:\/\/myspainfood.com\/no\/producto\/vin-cucamonas-verdejo-de-rueda-2022-bodegas-gotica-120-flasker\/","title":{"rendered":"Vin Cucamonas verdejo de Rueda 2022 bodegas G\u00f3tica 120 flasker"},"content":{"rendered":"<p><strong>Verdejo - <em>100 % Verdejo<\/em><\/strong><\/p>\n<p>Med 100 % Verdejo-druer, den viktigste sorten i DO. Rueda. Den produserer viner av h\u00f8y kvalitet, friske, sv\u00e6rt fruktige, gr\u00f8nngule i fargen, med sitrusaromaer, fyldige og sv\u00e6rt glycerholdige.  <\/p>\n<p>&nbsp;<\/p>\n","protected":false},"excerpt":{"rendered":"<p>Cucamonas Verdejo Rueda 2022<\/p>\n","protected":false},"featured_media":8616,"template":"","meta":{"_et_pb_use_builder":"","_et_pb_old_content":"","_et_gb_content_width":""},"product_brand":[1140],"product_cat":[4884,2943,4886],"product_tag":[7250,7251],"class_list":{"0":"post-34818","1":"product","2":"type-product","3":"status-publish","4":"has-post-thumbnail","6":"product_brand-ladera-de-los-obispos","7":"product_cat-drikkevarer","8":"product_cat-engroshandel","9":"product_cat-vin-no","10":"product_tag-gotisk-no","11":"product_tag-hjul-no","13":"first","14":"outofstock","15":"featured","16":"taxable","17":"shipping-taxable","18":"purchasable","19":"product-type-simple"},"_links":{"self":[{"href":"https:\/\/myspainfood.com\/no\/wp-json\/wp\/v2\/product\/34818","targetHints":{"allow":["GET"]}}],"collection":[{"href":"https:\/\/myspainfood.com\/no\/wp-json\/wp\/v2\/product"}],"about":[{"href":"https:\/\/myspainfood.com\/no\/wp-json\/wp\/v2\/types\/product"}],"wp:featuredmedia":[{"embeddable":true,"href":"https:\/\/myspainfood.com\/no\/wp-json\/wp\/v2\/media\/8616"}],"wp:attachment":[{"href":"https:\/\/myspainfood.com\/no\/wp-json\/wp\/v2\/media?parent=34818"}],"wp:term":[{"taxonomy":"product_brand","embeddable":true,"href":"https:\/\/myspainfood.com\/no\/wp-json\/wp\/v2\/product_brand?post=34818"},{"taxonomy":"product_cat","embeddable":true,"href":"https:\/\/myspainfood.com\/no\/wp-json\/wp\/v2\/product_cat?post=34818"},{"taxonomy":"product_tag","embeddable":true,"href":"https:\/\/myspainfood.com\/no\/wp-json\/wp\/v2\/product_tag?post=34818"}],"curies":[{"name":"wp","href":"https:\/\/api.w.org\/{rel}","templated":true}]}}