{"id":37218,"date":"2025-04-10T12:11:40","date_gmt":"2025-04-10T10:11:40","guid":{"rendered":"https:\/\/myspainfood.com\/producto\/andalusisk-gazpacho-med-ekstra-jomfruolivenolje-arteoliva-1-liter\/"},"modified":"2026-01-29T12:31:23","modified_gmt":"2026-01-29T11:31:23","slug":"andalusisk-gazpacho-med-ekstra-jomfruolivenolje-arteoliva-1-liter","status":"publish","type":"product","link":"https:\/\/myspainfood.com\/no\/producto\/andalusisk-gazpacho-med-ekstra-jomfruolivenolje-arteoliva-1-liter\/","title":{"rendered":"Andalusisk Gazpacho med ekstra jomfruolivenolje ARTEOLIVA 1 liter"},"content":{"rendered":"<p>Det er et produkt som trofast f\u00f8lger den tradisjonelle oppskriften til den ekte andalusiske gazpachoen. Den inneholder ferske gr\u00f8nnsaker av topp kvalitet, som tomat, agurk, pepper, hvitl\u00f8k, ekstra jomfruolivenolje og br\u00f8d, sherryeddik, vann og havsalt. I motsetning til andre produkter p\u00e5 markedet inneholder &laquo;ArteOliva&raquo;-gazpacho mer ekstra jomfruolivenolje og br\u00f8d, som regnes som en viktig ingrediens i den tradisjonelle oppskriften.  <\/p>\n","protected":false},"excerpt":{"rendered":"<p>Det er et produkt som trofast f\u00f8lger den tradisjonelle oppskriften til den ekte andalusiske gazpachoen. Den inneholder ferske gr\u00f8nnsaker av topp kvalitet, som tomat, agurk, pepper, hvitl\u00f8k, ekstra jomfruolivenolje og br\u00f8d, sherryeddik, vann og havsalt. I motsetning til andre produkter p\u00e5 markedet inneholder &laquo;ArteOliva&raquo;-gazpacho mer ekstra jomfruolivenolje og br\u00f8d, som regnes som en viktig ingrediens [&hellip;]<\/p>\n","protected":false},"featured_media":14088,"template":"","meta":{"_et_pb_use_builder":"","_et_pb_old_content":"","_et_gb_content_width":""},"product_brand":[1457],"product_cat":[4884,2216,1972],"product_tag":[],"class_list":{"0":"post-37218","1":"product","2":"type-product","3":"status-publish","4":"has-post-thumbnail","6":"product_brand-arteoliva","7":"product_cat-drikkevarer","8":"product_cat-ekstra-jomfruoliven","9":"product_cat-konserver","11":"first","12":"outofstock","13":"taxable","14":"shipping-taxable","15":"product-type-variable"},"_links":{"self":[{"href":"https:\/\/myspainfood.com\/no\/wp-json\/wp\/v2\/product\/37218","targetHints":{"allow":["GET"]}}],"collection":[{"href":"https:\/\/myspainfood.com\/no\/wp-json\/wp\/v2\/product"}],"about":[{"href":"https:\/\/myspainfood.com\/no\/wp-json\/wp\/v2\/types\/product"}],"wp:featuredmedia":[{"embeddable":true,"href":"https:\/\/myspainfood.com\/no\/wp-json\/wp\/v2\/media\/14088"}],"wp:attachment":[{"href":"https:\/\/myspainfood.com\/no\/wp-json\/wp\/v2\/media?parent=37218"}],"wp:term":[{"taxonomy":"product_brand","embeddable":true,"href":"https:\/\/myspainfood.com\/no\/wp-json\/wp\/v2\/product_brand?post=37218"},{"taxonomy":"product_cat","embeddable":true,"href":"https:\/\/myspainfood.com\/no\/wp-json\/wp\/v2\/product_cat?post=37218"},{"taxonomy":"product_tag","embeddable":true,"href":"https:\/\/myspainfood.com\/no\/wp-json\/wp\/v2\/product_tag?post=37218"}],"curies":[{"name":"wp","href":"https:\/\/api.w.org\/{rel}","templated":true}]}}