{"id":37383,"date":"2025-04-10T12:05:09","date_gmt":"2025-04-10T10:05:09","guid":{"rendered":"https:\/\/myspainfood.com\/producto\/hvit-hvitlok-900-gr-chicon\/"},"modified":"2025-08-27T23:47:16","modified_gmt":"2025-08-27T21:47:16","slug":"hvit-hvitlok-900-gr-chicon","status":"publish","type":"product","link":"https:\/\/myspainfood.com\/no\/producto\/hvit-hvitlok-900-gr-chicon\/","title":{"rendered":"Hvit hvitl\u00f8k 900 gr Chic\u00f3n"},"content":{"rendered":"<p><strong>Hvitl\u00f8k i olje<\/strong>, skrelt, bearbeidet og t\u00f8rket for \u00e5 dempe den naturlige smaken og samtidig bevare de opprinnelige egenskapene.<\/p>\n<p>Hvitl\u00f8k i olje er en delikatesse for ganen, enten som forrett eller som tilbeh\u00f8r til dine beste retter.<\/p>\n<h3><strong>Fordeler med hvit <a href=\"https:\/\/aceitunaschiconlebron.com\/catalogo\/ajos-en-aceite\/\" target=\"_blank\" rel=\"noopener noreferrer nofollow\">hvitl\u00f8ksolje<\/a><\/strong><\/h3>\n<p>Vet du hva de viktigste fordelene med hvitl\u00f8k i olje som sylteagurk er? Vel, blant mange andre egenskaper er de rike p\u00e5 probiotika, \u00f8ker immunforsvaret og hjelper til og med ford\u00f8yelsen. <\/p>\n<p>Sylteagurk har g\u00e5tt fra \u00e5 v\u00e6re en eldgammel teknikk for \u00e5 konservere mat over hele verden til \u00e5 bli en av de mest verdsatte tapasene eller forrettene i spansk gastronomi. I tillegg til v\u00e5r deilige <strong>hvitl\u00f8k i olje,<\/strong> kan du i v\u00e5r nettkatalog finne andre typer sylteagurk, som kapers, s\u00f8te banderiller eller krydrede banderiller. <\/p>\n<h3><strong>Egenskaper Syltet hvitl\u00f8k<\/strong><\/h3>\n<p>Den har <strong>antibiotiske egenskaper<\/strong>. Hvitl\u00f8ksolje dreper et bredt spekter av mikrober, som virus, bakterier, sopp og parasitter. <\/p>\n<p>Den har en <strong>avsvellende effekt<\/strong>, er en kilde til vitamin C, enzymer og mineraler som bidrar til \u00e5 styrke kroppens forsvar og immunforsvar.<\/p>\n<p><strong>Hvitl\u00f8k i olje beskytter hjertet v\u00e5rt<\/strong> mot kardiovaskul\u00e6re hjerteproblemer som hjerteinfarkt og aterosklerose.<\/p>\n<p>En annen <strong>egenskap ved syltet hvitl\u00f8k<\/strong> er at den senker kolesterolet, da den har evnen til \u00e5 senke triglyserider og totalkolesterol i blodet moderat, noe som kan redusere arteriell plakk.<\/p>\n<p>Kort sagt, hvitl\u00f8k i olje eller <a href=\"https:\/\/latiendadesami.com\/categoria-producto\/encurtidos\/\" target=\"_blank\" rel=\"noopener noreferrer nofollow\">syltet<\/a> hvitl\u00f8k har flere egenskaper og fordeler for menneskers helse.<\/p>\n","protected":false},"excerpt":{"rendered":"<p>Hvitl\u00f8k i olje, skrelt, bearbeidet og t\u00f8rket for \u00e5 dempe den naturlige smaken og samtidig bevare de opprinnelige egenskapene. Hvitl\u00f8k i olje er en delikatesse for ganen, enten som forrett eller som tilbeh\u00f8r til dine beste retter. Fordeler med hvit hvitl\u00f8ksolje Vet du hva de viktigste fordelene med hvitl\u00f8k i olje som sylteagurk er? Vel, [&hellip;]<\/p>\n","protected":false},"featured_media":7221,"template":"","meta":{"_et_pb_use_builder":"","_et_pb_old_content":"","_et_gb_content_width":""},"product_brand":[1036],"product_cat":[3891,1555],"product_tag":[4179,3893],"class_list":{"0":"post-37383","1":"product","2":"type-product","3":"status-publish","4":"has-post-thumbnail","6":"product_brand-chicon","7":"product_cat-hvitlok","8":"product_cat-pickles-no","9":"product_tag-hvit","10":"product_tag-hvitlok","12":"first","13":"instock","14":"taxable","15":"shipping-taxable","16":"purchasable","17":"product-type-variable"},"_links":{"self":[{"href":"https:\/\/myspainfood.com\/no\/wp-json\/wp\/v2\/product\/37383","targetHints":{"allow":["GET"]}}],"collection":[{"href":"https:\/\/myspainfood.com\/no\/wp-json\/wp\/v2\/product"}],"about":[{"href":"https:\/\/myspainfood.com\/no\/wp-json\/wp\/v2\/types\/product"}],"wp:featuredmedia":[{"embeddable":true,"href":"https:\/\/myspainfood.com\/no\/wp-json\/wp\/v2\/media\/7221"}],"wp:attachment":[{"href":"https:\/\/myspainfood.com\/no\/wp-json\/wp\/v2\/media?parent=37383"}],"wp:term":[{"taxonomy":"product_brand","embeddable":true,"href":"https:\/\/myspainfood.com\/no\/wp-json\/wp\/v2\/product_brand?post=37383"},{"taxonomy":"product_cat","embeddable":true,"href":"https:\/\/myspainfood.com\/no\/wp-json\/wp\/v2\/product_cat?post=37383"},{"taxonomy":"product_tag","embeddable":true,"href":"https:\/\/myspainfood.com\/no\/wp-json\/wp\/v2\/product_tag?post=37383"}],"curies":[{"name":"wp","href":"https:\/\/api.w.org\/{rel}","templated":true}]}}