{"id":37726,"date":"2025-04-10T12:10:09","date_gmt":"2025-04-10T10:10:09","guid":{"rendered":"https:\/\/myspainfood.com\/producto\/et-utvalg-av-tradisjonelle-gourmet-pateer-fra-cazorla\/"},"modified":"2025-04-10T12:10:09","modified_gmt":"2025-04-10T10:10:09","slug":"et-utvalg-av-tradisjonelle-gourmet-pateer-fra-cazorla","status":"publish","type":"product","link":"https:\/\/myspainfood.com\/no\/producto\/et-utvalg-av-tradisjonelle-gourmet-pateer-fra-cazorla\/","title":{"rendered":"Et utvalg av tradisjonelle gourmet-pat\u00e9er fra Cazorla"},"content":{"rendered":"<p>Denne esken inneholder 6 av v\u00e5re pat\u00e9er fra det tradisjonelle Gourmet Cazorla-sortimentet.<\/p>\n<p> Den perfekte gaven til dine kj\u00e6re&#8230;<\/p>\n","protected":false},"excerpt":{"rendered":"<p>Denne esken inneholder 6 av v\u00e5re pat\u00e9er fra det tradisjonelle Gourmet Cazorla-sortimentet. Den perfekte gaven til dine kj\u00e6re&#8230;<\/p>\n","protected":false},"featured_media":12450,"template":"","meta":{"_et_pb_use_builder":"","_et_pb_old_content":"","_et_gb_content_width":""},"product_brand":[],"product_cat":[1972,8181],"product_tag":[],"class_list":{"0":"post-37726","1":"product","2":"type-product","3":"status-publish","4":"has-post-thumbnail","6":"product_cat-konserver","7":"product_cat-pate-no","9":"first","10":"instock","11":"taxable","12":"shipping-taxable","13":"purchasable","14":"product-type-simple"},"_links":{"self":[{"href":"https:\/\/myspainfood.com\/no\/wp-json\/wp\/v2\/product\/37726","targetHints":{"allow":["GET"]}}],"collection":[{"href":"https:\/\/myspainfood.com\/no\/wp-json\/wp\/v2\/product"}],"about":[{"href":"https:\/\/myspainfood.com\/no\/wp-json\/wp\/v2\/types\/product"}],"wp:featuredmedia":[{"embeddable":true,"href":"https:\/\/myspainfood.com\/no\/wp-json\/wp\/v2\/media\/12450"}],"wp:attachment":[{"href":"https:\/\/myspainfood.com\/no\/wp-json\/wp\/v2\/media?parent=37726"}],"wp:term":[{"taxonomy":"product_brand","embeddable":true,"href":"https:\/\/myspainfood.com\/no\/wp-json\/wp\/v2\/product_brand?post=37726"},{"taxonomy":"product_cat","embeddable":true,"href":"https:\/\/myspainfood.com\/no\/wp-json\/wp\/v2\/product_cat?post=37726"},{"taxonomy":"product_tag","embeddable":true,"href":"https:\/\/myspainfood.com\/no\/wp-json\/wp\/v2\/product_tag?post=37726"}],"curies":[{"name":"wp","href":"https:\/\/api.w.org\/{rel}","templated":true}]}}