{"id":37817,"date":"2025-04-10T12:10:39","date_gmt":"2025-04-10T10:10:39","guid":{"rendered":"https:\/\/myspainfood.com\/producto\/aubergine-hakket-almagro-45-kg-ra\/"},"modified":"2025-04-10T12:10:39","modified_gmt":"2025-04-10T10:10:39","slug":"aubergine-hakket-almagro-45-kg-ra","status":"publish","type":"product","link":"https:\/\/myspainfood.com\/no\/producto\/aubergine-hakket-almagro-45-kg-ra\/","title":{"rendered":"Aubergine, hakket Almagro 4,5 kg r\u00e5"},"content":{"rendered":"<p>Almagro hakket aubergine er et tradisjonelt produkt fra regionen Campo de Calatrava, i hjertet av La <a href=\"https:\/\/www.laencajera.es\/berenjenas-de-almagro\" target=\"_blank\" rel=\"noopener noreferrer nofollow\">Mancha<\/a>.<\/p>\n<p>Et produkt med beskyttet geografisk betegnelse som har blitt et gastronomisk referansepunkt, enten det er som aperitiff, i varme eller kalde retter.<\/p>\n<p>Ingredienser: Aubergine &laquo;De Almagro&raquo;, vann, salt, vineddik, pepper, fennikel, naturlige krydder (hvitl\u00f8k, spisskummen, paprika, olivenolje), smaksforsterker (E-621), syrningsmidler (E-330), konserveringsmidler (E-270, E-211, E-202E-223), antioksidant (E-300) og naturlige aromaer.<\/p>\n<p>Oppbevares p\u00e5 et kj\u00f8lig, t\u00f8rt sted, mellom 3\u00baC og 10\u00baC.<\/p>\n<p>Beskytt mot sollys og sterk lukt.<\/p>\n<p>Aubergine fra Almagro, n\u00e5r pakken er \u00e5pnet, oppbevares i kj\u00f8leskap og konsumeres innen 30 dager.<\/p>\n<p>Hvis du \u00f8nsker \u00e5 kj\u00f8pe oliven eller andre typer <a href=\"https:\/\/latiendadesami.com\/categoria-producto\/encurtidos\/\" rel=\"noopener noreferrer nofollow\" target=\"_blank\">sylteagurk<\/a>, kan du ta en titt p\u00e5 v\u00e5r online katalog for \u00e5 se det store utvalget av <a href=\"https:\/\/latiendadesami.com\/categoria-producto\/encurtidos\/berenjenas\/\" target=\"_blank\" rel=\"noopener noreferrer nofollow\">auberginer<\/a> vi har.<\/p>\n<p>Merket er La Encajonera, en familiebedrift som ble grunnlagt i 1990, og som ligger i hjertet av La Mancha, i byen ALMAGRO i provinsen Ciudad Real.<\/p>\n<p>Produksjonsprosessen for produktene starter i det samme dyrkingsomr\u00e5det, der man velger ut de beste kvalitetsproduktene.<\/p>\n<p>Fabrikken er utstyrt med den mest avanserte teknologien, samtidig som h\u00e5ndverkernes tradisjon og kunnskap er bevart.<\/p>\n","protected":false},"excerpt":{"rendered":"<p>Almagro hakket aubergine er et tradisjonelt produkt fra regionen Campo de Calatrava, i hjertet av La Mancha. Et produkt med beskyttet geografisk betegnelse som har blitt et gastronomisk referansepunkt, enten det er som aperitiff, i varme eller kalde retter. Ingredienser: Aubergine &laquo;De Almagro&raquo;, vann, salt, vineddik, pepper, fennikel, naturlige krydder (hvitl\u00f8k, spisskummen, paprika, olivenolje), smaksforsterker [&hellip;]<\/p>\n","protected":false},"featured_media":13017,"template":"","meta":{"_et_pb_use_builder":"","_et_pb_old_content":"","_et_gb_content_width":""},"product_brand":[],"product_cat":[2126,1555],"product_tag":[2129],"class_list":{"0":"post-37817","1":"product","2":"type-product","3":"status-publish","4":"has-post-thumbnail","6":"product_cat-auberginer-no","7":"product_cat-pickles-no","8":"product_tag-alinada-no","10":"first","11":"instock","12":"taxable","13":"shipping-taxable","14":"purchasable","15":"product-type-simple"},"_links":{"self":[{"href":"https:\/\/myspainfood.com\/no\/wp-json\/wp\/v2\/product\/37817","targetHints":{"allow":["GET"]}}],"collection":[{"href":"https:\/\/myspainfood.com\/no\/wp-json\/wp\/v2\/product"}],"about":[{"href":"https:\/\/myspainfood.com\/no\/wp-json\/wp\/v2\/types\/product"}],"wp:featuredmedia":[{"embeddable":true,"href":"https:\/\/myspainfood.com\/no\/wp-json\/wp\/v2\/media\/13017"}],"wp:attachment":[{"href":"https:\/\/myspainfood.com\/no\/wp-json\/wp\/v2\/media?parent=37817"}],"wp:term":[{"taxonomy":"product_brand","embeddable":true,"href":"https:\/\/myspainfood.com\/no\/wp-json\/wp\/v2\/product_brand?post=37817"},{"taxonomy":"product_cat","embeddable":true,"href":"https:\/\/myspainfood.com\/no\/wp-json\/wp\/v2\/product_cat?post=37817"},{"taxonomy":"product_tag","embeddable":true,"href":"https:\/\/myspainfood.com\/no\/wp-json\/wp\/v2\/product_tag?post=37817"}],"curies":[{"name":"wp","href":"https:\/\/api.w.org\/{rel}","templated":true}]}}