{"id":37837,"date":"2025-04-10T12:10:07","date_gmt":"2025-04-10T10:10:07","guid":{"rendered":"https:\/\/myspainfood.com\/producto\/assorterte-iberiske-pateer-gourmet-cazorla\/"},"modified":"2025-04-10T12:10:07","modified_gmt":"2025-04-10T10:10:07","slug":"assorterte-iberiske-pateer-gourmet-cazorla","status":"publish","type":"product","link":"https:\/\/myspainfood.com\/no\/producto\/assorterte-iberiske-pateer-gourmet-cazorla\/","title":{"rendered":"Assorterte iberiske pat\u00e9er Gourmet Cazorla"},"content":{"rendered":"<p>Denne esken inneholder 6 av v\u00e5re tradisjonelle Gourmet Cazorla-pat\u00e9er.<\/p>\n<p> Den perfekte gaven til dine kj\u00e6re &#8230; til bursdag, til jul, som takk for en innsats eller bare fordi, og til deg selv ogs\u00e5, fordi du fortjener det.<\/p>\n","protected":false},"excerpt":{"rendered":"<p>Denne esken inneholder 6 av v\u00e5re tradisjonelle Gourmet Cazorla-pat\u00e9er. Den perfekte gaven til dine kj\u00e6re &#8230; til bursdag, til jul, som takk for en innsats eller bare fordi, og til deg selv ogs\u00e5, fordi du fortjener det.<\/p>\n","protected":false},"featured_media":12387,"template":"","meta":{"_et_pb_use_builder":"","_et_pb_old_content":"","_et_gb_content_width":""},"product_brand":[],"product_cat":[1972,8181],"product_tag":[],"class_list":{"0":"post-37837","1":"product","2":"type-product","3":"status-publish","4":"has-post-thumbnail","6":"product_cat-konserver","7":"product_cat-pate-no","9":"first","10":"instock","11":"taxable","12":"shipping-taxable","13":"purchasable","14":"product-type-simple"},"_links":{"self":[{"href":"https:\/\/myspainfood.com\/no\/wp-json\/wp\/v2\/product\/37837","targetHints":{"allow":["GET"]}}],"collection":[{"href":"https:\/\/myspainfood.com\/no\/wp-json\/wp\/v2\/product"}],"about":[{"href":"https:\/\/myspainfood.com\/no\/wp-json\/wp\/v2\/types\/product"}],"wp:featuredmedia":[{"embeddable":true,"href":"https:\/\/myspainfood.com\/no\/wp-json\/wp\/v2\/media\/12387"}],"wp:attachment":[{"href":"https:\/\/myspainfood.com\/no\/wp-json\/wp\/v2\/media?parent=37837"}],"wp:term":[{"taxonomy":"product_brand","embeddable":true,"href":"https:\/\/myspainfood.com\/no\/wp-json\/wp\/v2\/product_brand?post=37837"},{"taxonomy":"product_cat","embeddable":true,"href":"https:\/\/myspainfood.com\/no\/wp-json\/wp\/v2\/product_cat?post=37837"},{"taxonomy":"product_tag","embeddable":true,"href":"https:\/\/myspainfood.com\/no\/wp-json\/wp\/v2\/product_tag?post=37837"}],"curies":[{"name":"wp","href":"https:\/\/api.w.org\/{rel}","templated":true}]}}