{"id":38149,"date":"2025-04-10T12:14:40","date_gmt":"2025-04-10T10:14:40","guid":{"rendered":"https:\/\/myspainfood.com\/producto\/chile-escabeche-blaskjell-10-15-stykker-marevento\/"},"modified":"2026-01-30T14:30:28","modified_gmt":"2026-01-30T13:30:28","slug":"chile-escabeche-blaskjell-10-15-stykker-marevento","status":"publish","type":"product","link":"https:\/\/myspainfood.com\/no\/producto\/chile-escabeche-blaskjell-10-15-stykker-marevento\/","title":{"rendered":"Chile escabeche bl\u00e5skjell 10-15 stykker Marevento"},"content":{"rendered":"<p>Kokt og stekt i solsikkeolje. Byssus fjernes for h\u00e5nd og pakkes \u00e9n etter \u00e9n. Sammen med en unik marinade laget av helt naturlige ingredienser. Ingredienser: Chilenske bl\u00e5skjell, escabeche (solsikkeolje, r\u00f8dvinseddik, vann, naturlige aromaer, krydder og salt).<\/p>\n","protected":false},"excerpt":{"rendered":"<p>Kokt og stekt i solsikkeolje. Byssus fjernes for h\u00e5nd og pakkes \u00e9n etter \u00e9n. Sammen med en unik marinade laget av helt naturlige ingredienser. Ingredienser: Chilenske bl\u00e5skjell, escabeche (solsikkeolje, r\u00f8dvinseddik, vann, naturlige aromaer, krydder og salt).<\/p>\n","protected":false},"featured_media":14997,"template":"","meta":{"_et_pb_use_builder":"","_et_pb_old_content":"","_et_gb_content_width":""},"product_brand":[1428],"product_cat":[4065,1972],"product_tag":[],"class_list":{"0":"post-38149","1":"product","2":"type-product","3":"status-publish","4":"has-post-thumbnail","6":"product_brand-portonovo","7":"product_cat-blaskjell-no","8":"product_cat-konserver","10":"first","11":"instock","12":"taxable","13":"shipping-taxable","14":"purchasable","15":"product-type-variable"},"_links":{"self":[{"href":"https:\/\/myspainfood.com\/no\/wp-json\/wp\/v2\/product\/38149","targetHints":{"allow":["GET"]}}],"collection":[{"href":"https:\/\/myspainfood.com\/no\/wp-json\/wp\/v2\/product"}],"about":[{"href":"https:\/\/myspainfood.com\/no\/wp-json\/wp\/v2\/types\/product"}],"wp:featuredmedia":[{"embeddable":true,"href":"https:\/\/myspainfood.com\/no\/wp-json\/wp\/v2\/media\/14997"}],"wp:attachment":[{"href":"https:\/\/myspainfood.com\/no\/wp-json\/wp\/v2\/media?parent=38149"}],"wp:term":[{"taxonomy":"product_brand","embeddable":true,"href":"https:\/\/myspainfood.com\/no\/wp-json\/wp\/v2\/product_brand?post=38149"},{"taxonomy":"product_cat","embeddable":true,"href":"https:\/\/myspainfood.com\/no\/wp-json\/wp\/v2\/product_cat?post=38149"},{"taxonomy":"product_tag","embeddable":true,"href":"https:\/\/myspainfood.com\/no\/wp-json\/wp\/v2\/product_tag?post=38149"}],"curies":[{"name":"wp","href":"https:\/\/api.w.org\/{rel}","templated":true}]}}