{"id":38208,"date":"2025-04-10T12:14:40","date_gmt":"2025-04-10T10:14:40","guid":{"rendered":"https:\/\/myspainfood.com\/producto\/new-zealandske-blaskjell-i-syltet-saus-4-6-stykker-giant-portonovo-115-gr\/"},"modified":"2026-01-30T14:32:12","modified_gmt":"2026-01-30T13:32:12","slug":"new-zealandske-blaskjell-i-syltet-saus-4-6-stykker-giant-portonovo-115-gr","status":"publish","type":"product","link":"https:\/\/myspainfood.com\/no\/producto\/new-zealandske-blaskjell-i-syltet-saus-4-6-stykker-giant-portonovo-115-gr\/","title":{"rendered":"New Zealandske bl\u00e5skjell i syltet saus 4-6 stykker Giant Portonovo - 115 Gr"},"content":{"rendered":"<p>Oppdag smaksintensiteten og kvaliteten til <strong>Gigante Portonovos<\/strong> <strong>New Zealand-muslinger i syltet saus<\/strong>. Dette premiumproduktet inneholder mellom 4 og 6 utvalgte biter av store bl\u00e5skjell, i en presentasjon p\u00e5 115 gram som er ideell \u00e5 nyte i tapas, salater eller som en gourmet-forrett. <\/p>\n<p>Bl\u00e5skjellene er oppvokst i det krystallklare vannet i New Zealand og utmerker seg med sin kj\u00f8ttfulle konsistens og uovertrufne smak, som forsterkes av en mild marinade som fremhever ferskheten og kvaliteten. Bl\u00e5skjellene er ogs\u00e5 rike p\u00e5 proteiner, omega-3 og viktige mineraler, noe som gj\u00f8r dem til et sunt og velsmakende valg i ethvert kosthold. <\/p>\n<p>For flere sj\u00f8matalternativer, bes\u00f8k v\u00e5r <a href=\"https:\/\/latiendadesami.com\/categoria-producto\/conservas\/\" target=\"_new\" rel=\"noopener noreferrer nofollow\" target=\"_blank\">hermetikkseksjon<\/a> og oppdag fordelene med <strong>syltede bl\u00e5skjell fra New Zealand<\/strong> i et balansert kosthold. Smak p\u00e5 kvaliteten og autentisiteten som bare Portonovo kan tilby!<\/p>\n","protected":false},"excerpt":{"rendered":"<p>Oppdag smaksintensiteten og kvaliteten til Gigante Portonovos New Zealand-muslinger i syltet saus. Dette premiumproduktet inneholder mellom 4 og 6 utvalgte biter av store bl\u00e5skjell, i en presentasjon p\u00e5 115 gram som er ideell \u00e5 nyte i tapas, salater eller som en gourmet-forrett. Bl\u00e5skjellene er oppvokst i det krystallklare vannet i New Zealand og utmerker seg [&hellip;]<\/p>\n","protected":false},"featured_media":14907,"template":"","meta":{"_et_pb_use_builder":"","_et_pb_old_content":"","_et_gb_content_width":""},"product_brand":[1428],"product_cat":[4065,1972],"product_tag":[],"class_list":{"0":"post-38208","1":"product","2":"type-product","3":"status-publish","4":"has-post-thumbnail","6":"product_brand-portonovo","7":"product_cat-blaskjell-no","8":"product_cat-konserver","10":"first","11":"outofstock","12":"taxable","13":"shipping-taxable","14":"product-type-variable"},"_links":{"self":[{"href":"https:\/\/myspainfood.com\/no\/wp-json\/wp\/v2\/product\/38208","targetHints":{"allow":["GET"]}}],"collection":[{"href":"https:\/\/myspainfood.com\/no\/wp-json\/wp\/v2\/product"}],"about":[{"href":"https:\/\/myspainfood.com\/no\/wp-json\/wp\/v2\/types\/product"}],"wp:featuredmedia":[{"embeddable":true,"href":"https:\/\/myspainfood.com\/no\/wp-json\/wp\/v2\/media\/14907"}],"wp:attachment":[{"href":"https:\/\/myspainfood.com\/no\/wp-json\/wp\/v2\/media?parent=38208"}],"wp:term":[{"taxonomy":"product_brand","embeddable":true,"href":"https:\/\/myspainfood.com\/no\/wp-json\/wp\/v2\/product_brand?post=38208"},{"taxonomy":"product_cat","embeddable":true,"href":"https:\/\/myspainfood.com\/no\/wp-json\/wp\/v2\/product_cat?post=38208"},{"taxonomy":"product_tag","embeddable":true,"href":"https:\/\/myspainfood.com\/no\/wp-json\/wp\/v2\/product_tag?post=38208"}],"curies":[{"name":"wp","href":"https:\/\/api.w.org\/{rel}","templated":true}]}}