{"id":38684,"date":"2025-04-10T12:09:16","date_gmt":"2025-04-10T10:09:16","guid":{"rendered":"https:\/\/myspainfood.com\/producto\/ansjovis-fra-det-kantabriske-hav-i-platinaserien-i-olivenolje\/"},"modified":"2025-06-24T13:39:32","modified_gmt":"2025-06-24T11:39:32","slug":"ansjovis-fra-det-kantabriske-hav-i-platinaserien-i-olivenolje","status":"publish","type":"product","link":"https:\/\/myspainfood.com\/no\/producto\/ansjovis-fra-det-kantabriske-hav-i-platinaserien-i-olivenolje\/","title":{"rendered":"Ansjovis fra Det kantabriske hav i platinaserien i olivenolje"},"content":{"rendered":"<p><a href=\"https:\/\/conservasarlequin.com\/serie-oro\/\" target=\"_blank\" rel=\"noopener noreferrer nofollow\">Arlequin<\/a> Platinum Series Ansjovis i olivenolje er et h\u00e5ndverksmessig hermetisk produkt.<\/p>\n<p><strong>E. A. N.:<\/strong> 8421993910985<\/p>\n<p><strong>Kode:<\/strong> 10010044<\/p>\n<p><strong>Nettovekt: <\/strong>110 g \/ 70 g<\/p>\n<p><strong>Antall fileter\/ antall stykker:<\/strong> 12<\/p>\n<p>Conservas <a href=\"https:\/\/latiendadesami.com\/marca\/arlequin\/\" target=\"_blank\" rel=\"noopener noreferrer nofollow\">Arlequ\u00edn<\/a> har som m\u00e5l \u00e5 tilby et godt produkt, den beste servicen og et bredt utvalg av fiskehermetikk til den beste prisen.<\/p>\n<p>De er ogs\u00e5 spesialister p\u00e5 ansjos, Anchoa Arlequin Serie Oro 00, Serie Platinum i olivenolje, ansjos, bonito, gulfinnet tunfisk, bl\u00e5skjell, makrell og sardiner.<\/p>\n<p>Comidistaen i avisen El Pa\u00eds sa for eksempel om ventrescaen: &laquo;Den er s\u00e5 m\u00f8r, nesten kremaktig, at man f\u00e5r lyst til \u00e5 gifte seg med den og leve lykkelig til Herren tar deg&raquo;.<\/p>\n<h4>De viktigste fordelene med hermetikk<\/h4>\n<ol>\n<li>De bevarer alle de ern\u00e6ringsmessige egenskapene til selve maten. Maten beholder sin friskhet. <\/li>\n<li>Matvarene som brukes er sunne og derfor egnet for et optimalt kosthold p\u00e5 grunn av sitt h\u00f8ye vitamin- og proteininnhold.<\/li>\n<li>Disse produktene har lengre levetid (2-5 \u00e5r er typisk).<\/li>\n<li>Konsertene er veldig enkle \u00e5 oppbevare, siden emballasjen er lett \u00e5 bruke.<\/li>\n<\/ol>\n<p>Hvis du \u00f8nsker \u00e5 kj\u00f8pe tunfisk eller andre typer <a href=\"https:\/\/latiendadesami.com\/categoria-producto\/conservas\/\" rel=\"noopener noreferrer nofollow\" target=\"_blank\">hermetikk<\/a>, kan du ta en titt i v\u00e5r nettkatalog for \u00e5 se det store utvalget av <a href=\"https:\/\/latiendadesami.com\/categoria-producto\/conservas\/atun-y-bonito\/\" target=\"_blank\" rel=\"noopener noreferrer nofollow\">tunfisk<\/a> vi har.<\/p>\n<p>Skriv til oss for mer informasjon.<\/p>\n","protected":false},"excerpt":{"rendered":"<p>Arlequin Platinum Series Ansjovis i olivenolje er et h\u00e5ndverksmessig hermetisk produkt. E. A. N.: 8421993910985 Kode: 10010044 Nettovekt: 110 g \/ 70 g Antall fileter\/ antall stykker: 12 Conservas Arlequ\u00edn har som m\u00e5l \u00e5 tilby et godt produkt, den beste servicen og et bredt utvalg av fiskehermetikk til den beste prisen. De er ogs\u00e5 spesialister [&hellip;]<\/p>\n","protected":false},"featured_media":11838,"template":"","meta":{"_et_pb_use_builder":"","_et_pb_old_content":"","_et_gb_content_width":""},"product_brand":[1162],"product_cat":[5189,1805],"product_tag":[8215],"class_list":{"0":"post-38684","1":"product","2":"type-product","3":"status-publish","4":"has-post-thumbnail","6":"product_brand-arlequin","7":"product_cat-ansjovis-no-4","8":"product_cat-kald","9":"product_tag-platinum-serien-no","10":"product_shipping_class-kald-forsendelse","12":"first","13":"outofstock","14":"sale","15":"taxable","16":"shipping-taxable","17":"purchasable","18":"product-type-simple"},"_links":{"self":[{"href":"https:\/\/myspainfood.com\/no\/wp-json\/wp\/v2\/product\/38684","targetHints":{"allow":["GET"]}}],"collection":[{"href":"https:\/\/myspainfood.com\/no\/wp-json\/wp\/v2\/product"}],"about":[{"href":"https:\/\/myspainfood.com\/no\/wp-json\/wp\/v2\/types\/product"}],"wp:featuredmedia":[{"embeddable":true,"href":"https:\/\/myspainfood.com\/no\/wp-json\/wp\/v2\/media\/11838"}],"wp:attachment":[{"href":"https:\/\/myspainfood.com\/no\/wp-json\/wp\/v2\/media?parent=38684"}],"wp:term":[{"taxonomy":"product_brand","embeddable":true,"href":"https:\/\/myspainfood.com\/no\/wp-json\/wp\/v2\/product_brand?post=38684"},{"taxonomy":"product_cat","embeddable":true,"href":"https:\/\/myspainfood.com\/no\/wp-json\/wp\/v2\/product_cat?post=38684"},{"taxonomy":"product_tag","embeddable":true,"href":"https:\/\/myspainfood.com\/no\/wp-json\/wp\/v2\/product_tag?post=38684"}],"curies":[{"name":"wp","href":"https:\/\/api.w.org\/{rel}","templated":true}]}}