{"id":39187,"date":"2025-04-10T12:09:21","date_gmt":"2025-04-10T10:09:21","guid":{"rendered":"https:\/\/myspainfood.com\/producto\/240-stk-oti-syltede-blaskjell-7-10-stykker\/"},"modified":"2025-04-10T12:09:21","modified_gmt":"2025-04-10T10:09:21","slug":"240-stk-oti-syltede-blaskjell-7-10-stykker","status":"publish","type":"product","link":"https:\/\/myspainfood.com\/no\/producto\/240-stk-oti-syltede-blaskjell-7-10-stykker\/","title":{"rendered":"240 stk. Oti syltede bl\u00e5skjell 7\/10 stykker"},"content":{"rendered":"<p>10 esker med 24 enheter - 240 enheter til 5,98 euro per stykk<\/p>\n<p>Oti-bl\u00e5skjellene 7\/10 stykker er et naturlig produkt som er tilberedt p\u00e5 en <a href=\"http:\/\/www.conservasoti.es\/paginas\/historia.html\" target=\"_blank\" rel=\"noopener noreferrer nofollow\">tradisjonell m\u00e5te<\/a>.<\/p>\n<p>Conservas Oti er et selskap med familietradisjoner, der det gode arbeidet har g\u00e5tt i arv fra generasjon til generasjon.<\/p>\n<p>Familiens harde arbeid og innsats har i stor grad gjort det mulig for <span class=\"negrita\">Conservas Oti<\/span> \u00e5 vokse og ekspandere.<\/p>\n<p>De viktigste forretningsomr\u00e5dene er Fra havet, Fra land og Fra g\u00e5rden.<\/p>\n<p>Fra havet: Bl\u00e5skjell, Ventresca, Sardinillas, Melva&#8230; Oti Mussel 7\/10 stykker <\/p>\n<p>Lokale produkter inkluderer: melkekikerter, hvite b\u00f8nner, pintob\u00f8nner, pardinalinser&#8230;<\/p>\n<p>Fra g\u00e5rden: ren saueost, ib\u00e9rico skinke fra eiken\u00f8tter, ib\u00e9rico salchich\u00f3n fra eiken\u00f8tter, ib\u00e9rico chorizo fra eiken\u00f8tter,&#8230;<\/p>\n<h4>De viktigste fordelene med hermetikk<\/h4>\n<ol>\n<li>De bevarer alle de ern\u00e6ringsmessige egenskapene til selve maten. Maten beholder sin friskhet. <\/li>\n<li>Matvarene som brukes er sunne og derfor egnet for et optimalt kosthold p\u00e5 grunn av sitt h\u00f8ye vitamin- og proteininnhold.<\/li>\n<li>Disse produktene har lengre levetid (2-5 \u00e5r er typisk).<\/li>\n<li>Konsertene er veldig enkle \u00e5 oppbevare, siden emballasjen er lett \u00e5 bruke.<\/li>\n<\/ol>\n<p>Hvis du \u00f8nsker \u00e5 kj\u00f8pe tunfisk eller andre typer <a href=\"https:\/\/latiendadesami.com\/categoria-producto\/conservas\/\" rel=\"noopener noreferrer nofollow\" target=\"_blank\">hermetikk<\/a>, kan du ta en titt i v\u00e5r nettkatalog for \u00e5 se det store utvalget av <a href=\"https:\/\/latiendadesami.com\/categoria-producto\/conservas\/atun-y-bonito\/\" target=\"_blank\" rel=\"noopener noreferrer nofollow\">tunfisk<\/a> vi har.<\/p>\n<p>Skriv til oss for mer informasjon.<\/p>\n","protected":false},"excerpt":{"rendered":"<p>10 esker med 24 enheter - 240 enheter til 5,98 euro per stykk Oti-bl\u00e5skjellene 7\/10 stykker er et naturlig produkt som er tilberedt p\u00e5 en tradisjonell m\u00e5te. Conservas Oti er et selskap med familietradisjoner, der det gode arbeidet har g\u00e5tt i arv fra generasjon til generasjon. Familiens harde arbeid og innsats har i stor grad [&hellip;]<\/p>\n","protected":false},"featured_media":7941,"template":"","meta":{"_et_pb_use_builder":"","_et_pb_old_content":"","_et_gb_content_width":""},"product_brand":[1075],"product_cat":[4065,2943,1972],"product_tag":[],"class_list":{"0":"post-39187","1":"product","2":"type-product","3":"status-publish","4":"has-post-thumbnail","6":"product_brand-oti","7":"product_cat-blaskjell-no","8":"product_cat-engroshandel","9":"product_cat-konserver","11":"first","12":"outofstock","13":"taxable","14":"shipping-taxable","15":"purchasable","16":"product-type-simple"},"_links":{"self":[{"href":"https:\/\/myspainfood.com\/no\/wp-json\/wp\/v2\/product\/39187","targetHints":{"allow":["GET"]}}],"collection":[{"href":"https:\/\/myspainfood.com\/no\/wp-json\/wp\/v2\/product"}],"about":[{"href":"https:\/\/myspainfood.com\/no\/wp-json\/wp\/v2\/types\/product"}],"wp:featuredmedia":[{"embeddable":true,"href":"https:\/\/myspainfood.com\/no\/wp-json\/wp\/v2\/media\/7941"}],"wp:attachment":[{"href":"https:\/\/myspainfood.com\/no\/wp-json\/wp\/v2\/media?parent=39187"}],"wp:term":[{"taxonomy":"product_brand","embeddable":true,"href":"https:\/\/myspainfood.com\/no\/wp-json\/wp\/v2\/product_brand?post=39187"},{"taxonomy":"product_cat","embeddable":true,"href":"https:\/\/myspainfood.com\/no\/wp-json\/wp\/v2\/product_cat?post=39187"},{"taxonomy":"product_tag","embeddable":true,"href":"https:\/\/myspainfood.com\/no\/wp-json\/wp\/v2\/product_tag?post=39187"}],"curies":[{"name":"wp","href":"https:\/\/api.w.org\/{rel}","templated":true}]}}