{"id":39535,"date":"2025-04-10T12:14:28","date_gmt":"2025-04-10T10:14:28","guid":{"rendered":"https:\/\/myspainfood.com\/producto\/pincha-selection-bonito-fileter-i-olivenolje-50-oliven-50-solsikke-400-g\/"},"modified":"2026-01-30T08:25:39","modified_gmt":"2026-01-30T07:25:39","slug":"pincha-selection-bonito-fileter-i-olivenolje-50-oliven-50-solsikke-400-g","status":"publish","type":"product","link":"https:\/\/myspainfood.com\/no\/producto\/pincha-selection-bonito-fileter-i-olivenolje-50-oliven-50-solsikke-400-g\/","title":{"rendered":"Pincha Selection Bonito Fileter i olivenolje (50 % oliven - 50 % solsikke) 400 g"},"content":{"rendered":"<p><strong>Opplev den beste kvaliteten og smaken av havet med Pincha Selecci\u00f3n Bonito Filet i olje.<\/strong> Dette eksklusive produktet, som presenteres i et format p\u00e5 400 gram, kombinerer tunfiskens delikatesse med en perfekt blanding av oliven- og solsikkeolje, noe som gir en unik kulinarisk opplevelse. <\/p>\n<p><strong>Produktfunksjoner:<\/strong><\/p>\n<ul>\n<li><strong>F\u00f8rsteklasses utvalg:<\/strong> Tunfiskfiletene v\u00e5re er omhyggelig utvalgt fra de beste fangstene, noe som garanterer en m\u00f8r tekstur og uts\u00f8kt smak.<\/li>\n<li><strong>Oljeblanding av h\u00f8y kvalitet:<\/strong> Kombinasjonen av 50 % olivenolje og 50 % solsikkeolje gir en perfekt balanse mellom smak og mildhet, og fremhever tunfiskens naturlige egenskaper.<\/li>\n<li><strong>Ern\u00e6ringsmessige fordeler:<\/strong> Dette produktet er en rik kilde til protein, omega-3 og vitaminer, ideelt for et balansert og sunt kosthold.<\/li>\n<li><strong>Allsidighet p\u00e5 kj\u00f8kkenet:<\/strong> Perfekt til \u00e5 tilberede et bredt utvalg av retter, fra salater og tapas til pasta og hovedretter. Allsidigheten gj\u00f8r den til en uunnv\u00e6rlig ingrediens i spiskammeret. <\/li>\n<li><strong>Familieformat:<\/strong> 400 gram-pakken er ideell for familier eller for dem som \u00f8nsker et praktisk og \u00f8konomisk alternativ for sine daglige tilberedninger.<\/li>\n<\/ul>\n<p><strong>Fordeler med \u00e5 velge Pincha Selecci\u00f3n:<\/strong><\/p>\n<ul>\n<li><strong>Forpliktelse til det ypperste:<\/strong> Vi streber etter \u00e5 tilby sj\u00f8matprodukter av h\u00f8yeste kvalitet, med fokus p\u00e5 b\u00e6rekraft og respekt for milj\u00f8et.<\/li>\n<li><strong>Autentisk smak av havet:<\/strong> Nyt den autentiske smaken av bonito, en fisk som er verdsatt for sitt delikate hvite kj\u00f8tt.<\/li>\n<li><strong>Optimal konservering:<\/strong> Vi bruker tradisjonelle konserveringsmetoder for \u00e5 sikre at hver bonitokam beholder sine ern\u00e6ringsmessige egenskaper og sin ferskhet.<\/li>\n<\/ul>\n<p><strong>Bevaringstips:<\/strong><\/p>\n<p>Oppbevar produktet p\u00e5 et kj\u00f8lig og t\u00f8rt sted for \u00e5 holde det best mulig. Etter \u00e5pning, oppbevares i kj\u00f8leskap og konsumeres innen 3 dager. <\/p>\n<p><strong>Nyt en gastronomisk opplevelse av ypperste klasse:<\/strong><\/p>\n<p>Tilf\u00f8r m\u00e5ltidene dine et snev av eleganse og smak med <strong>Pincha Selecci\u00f3n Bonito Fileter i olje (50 % oliven - 50 % solsikke)<\/strong>. Perfekt for deg som setter pris p\u00e5 kvalitet, n\u00e6ring og smak i hver eneste bit. <\/p>\n<p>Gj\u00f8r hvert m\u00e5ltid til en gourmetopplevelse med Pincha Selecci\u00f3n!<\/p>\n","protected":false},"excerpt":{"rendered":"<p>Opplev den beste kvaliteten og smaken av havet med Pincha Selecci\u00f3n Bonito Filet i olje. Dette eksklusive produktet, som presenteres i et format p\u00e5 400 gram, kombinerer tunfiskens delikatesse med en perfekt blanding av oliven- og solsikkeolje, noe som gir en unik kulinarisk opplevelse. Produktfunksjoner: F\u00f8rsteklasses utvalg: Tunfiskfiletene v\u00e5re er omhyggelig utvalgt fra de beste [&hellip;]<\/p>\n","protected":false},"featured_media":14853,"template":"","meta":{"_et_pb_use_builder":"","_et_pb_old_content":"","_et_gb_content_width":""},"product_brand":[1467],"product_cat":[1972,4233],"product_tag":[],"class_list":{"0":"post-39535","1":"product","2":"type-product","3":"status-publish","4":"has-post-thumbnail","6":"product_brand-pincha-seleccion","7":"product_cat-konserver","8":"product_cat-tunfisk-og-bonito","10":"first","11":"instock","12":"featured","13":"taxable","14":"shipping-taxable","15":"purchasable","16":"product-type-variable"},"_links":{"self":[{"href":"https:\/\/myspainfood.com\/no\/wp-json\/wp\/v2\/product\/39535","targetHints":{"allow":["GET"]}}],"collection":[{"href":"https:\/\/myspainfood.com\/no\/wp-json\/wp\/v2\/product"}],"about":[{"href":"https:\/\/myspainfood.com\/no\/wp-json\/wp\/v2\/types\/product"}],"wp:featuredmedia":[{"embeddable":true,"href":"https:\/\/myspainfood.com\/no\/wp-json\/wp\/v2\/media\/14853"}],"wp:attachment":[{"href":"https:\/\/myspainfood.com\/no\/wp-json\/wp\/v2\/media?parent=39535"}],"wp:term":[{"taxonomy":"product_brand","embeddable":true,"href":"https:\/\/myspainfood.com\/no\/wp-json\/wp\/v2\/product_brand?post=39535"},{"taxonomy":"product_cat","embeddable":true,"href":"https:\/\/myspainfood.com\/no\/wp-json\/wp\/v2\/product_cat?post=39535"},{"taxonomy":"product_tag","embeddable":true,"href":"https:\/\/myspainfood.com\/no\/wp-json\/wp\/v2\/product_tag?post=39535"}],"curies":[{"name":"wp","href":"https:\/\/api.w.org\/{rel}","templated":true}]}}