{"id":39605,"date":"2025-04-10T12:14:28","date_gmt":"2025-04-10T10:14:28","guid":{"rendered":"https:\/\/myspainfood.com\/producto\/pincha-selection-hvit-tunfiskfilet-i-solsikkeolje-400-g\/"},"modified":"2026-01-30T14:22:46","modified_gmt":"2026-01-30T13:22:46","slug":"pincha-selection-hvit-tunfiskfilet-i-solsikkeolje-400-g","status":"publish","type":"product","link":"https:\/\/myspainfood.com\/no\/producto\/pincha-selection-hvit-tunfiskfilet-i-solsikkeolje-400-g\/","title":{"rendered":"Pincha Selection Hvit tunfiskfilet i solsikkeolje 400 g"},"content":{"rendered":"<p>Oppdag havets fortreffelighet i hver eneste bit med <strong>Pincha Selecci\u00f3n Bonito Tuna Loins in Sunflower Oil.<\/strong> Disse tunfiskfiletene presenteres i et format p\u00e5 400 gram, og er n\u00f8ye utvalgt og pakket for \u00e5 garantere maksimal ferskhet og kvalitet. <\/p>\n<p><strong>Produktfunksjoner:<\/strong><\/p>\n<ul>\n<li><strong>F\u00f8rsteklasses kvalitet:<\/strong> Tunfiskfiletene v\u00e5re er valgt ut fra de beste fangstene, noe som sikrer eksepsjonell smak og tekstur.<\/li>\n<li><strong>Solsikkeolje:<\/strong> Konservert i en mild og lett solsikkeolje som fremhever tunfiskens naturlige smak uten \u00e5 gj\u00f8re den matt.<\/li>\n<li><strong>H\u00f8y n\u00e6ringsverdi:<\/strong> Dette produktet er rikt p\u00e5 protein, omega-3-fettsyrer og vitaminer, og er et sunt og velsmakende alternativ til m\u00e5ltidene dine.<\/li>\n<li><strong>Allsidighet:<\/strong> Perfekt til salater, tapas, pasta eller rett og slett til \u00e5 nyte rett fra pakken.<\/li>\n<li><strong>Praktisk:<\/strong> 400 gram-formatet er ideelt for familier eller for dem som \u00f8nsker et st\u00f8rre og mer praktisk alternativ til sine daglige oppskrifter.<\/li>\n<\/ul>\n<p><strong>Hvorfor velge Pincha Selecci\u00f3n:<\/strong><\/p>\n<ul>\n<li><strong>Forpliktelse til kvalitet:<\/strong> Vi er opptatt av \u00e5 levere sj\u00f8matprodukter som oppfyller de h\u00f8yeste standarder for kvalitet og b\u00e6rekraft.<\/li>\n<li><strong>Autentisk smak:<\/strong> Nyt den autentiske smaken av bonito, en fisk som er verdsatt for sitt hvite kj\u00f8tt og milde smak.<\/li>\n<li><strong>Naturlig konservering:<\/strong> Vi bruker tradisjonelle konserveringsmetoder for \u00e5 holde tunfiskens ern\u00e6ringsmessige og organoleptiske egenskaper intakte.<\/li>\n<\/ul>\n<p><strong>Bevaringstips:<\/strong><\/p>\n<p>Oppbevar produktet p\u00e5 et kj\u00f8lig og t\u00f8rt sted for \u00e5 holde det optimalt. Etter \u00e5pning, oppbevares i kj\u00f8leskapet og konsumeres innen 3 dager. <\/p>\n<p><strong>Gastronomisk opplevelse:<\/strong><\/p>\n<p>Tilf\u00f8r rettene dine et snev av marin friskhet med <strong>Pincha Selecci\u00f3n Bonito Fileter i solsikkeolje<\/strong>. Ideell for deg som setter pris p\u00e5 kvalitet, smak og n\u00e6ring i ditt daglige kosthold. <\/p>\n<p>Gj\u00f8r hvert m\u00e5ltid til en gourmetopplevelse med Pincha Selecci\u00f3n!<\/p>\n","protected":false},"excerpt":{"rendered":"<p>Oppdag havets fortreffelighet i hver eneste bit med Pincha Selecci\u00f3n Bonito Tuna Loins in Sunflower Oil. Disse tunfiskfiletene presenteres i et format p\u00e5 400 gram, og er n\u00f8ye utvalgt og pakket for \u00e5 garantere maksimal ferskhet og kvalitet. Produktfunksjoner: F\u00f8rsteklasses kvalitet: Tunfiskfiletene v\u00e5re er valgt ut fra de beste fangstene, noe som sikrer eksepsjonell smak [&hellip;]<\/p>\n","protected":false},"featured_media":14826,"template":"","meta":{"_et_pb_use_builder":"","_et_pb_old_content":"","_et_gb_content_width":""},"product_brand":[1467],"product_cat":[1972,4233],"product_tag":[],"class_list":{"0":"post-39605","1":"product","2":"type-product","3":"status-publish","4":"has-post-thumbnail","6":"product_brand-pincha-seleccion","7":"product_cat-konserver","8":"product_cat-tunfisk-og-bonito","10":"first","11":"instock","12":"taxable","13":"shipping-taxable","14":"purchasable","15":"product-type-variable"},"_links":{"self":[{"href":"https:\/\/myspainfood.com\/no\/wp-json\/wp\/v2\/product\/39605","targetHints":{"allow":["GET"]}}],"collection":[{"href":"https:\/\/myspainfood.com\/no\/wp-json\/wp\/v2\/product"}],"about":[{"href":"https:\/\/myspainfood.com\/no\/wp-json\/wp\/v2\/types\/product"}],"wp:featuredmedia":[{"embeddable":true,"href":"https:\/\/myspainfood.com\/no\/wp-json\/wp\/v2\/media\/14826"}],"wp:attachment":[{"href":"https:\/\/myspainfood.com\/no\/wp-json\/wp\/v2\/media?parent=39605"}],"wp:term":[{"taxonomy":"product_brand","embeddable":true,"href":"https:\/\/myspainfood.com\/no\/wp-json\/wp\/v2\/product_brand?post=39605"},{"taxonomy":"product_cat","embeddable":true,"href":"https:\/\/myspainfood.com\/no\/wp-json\/wp\/v2\/product_cat?post=39605"},{"taxonomy":"product_tag","embeddable":true,"href":"https:\/\/myspainfood.com\/no\/wp-json\/wp\/v2\/product_tag?post=39605"}],"curies":[{"name":"wp","href":"https:\/\/api.w.org\/{rel}","templated":true}]}}