{"id":40331,"date":"2025-04-10T12:12:57","date_gmt":"2025-04-10T10:12:57","guid":{"rendered":"https:\/\/myspainfood.com\/producto\/a-inigo-gulrotter-i-skiver-400-g\/"},"modified":"2025-04-10T12:12:57","modified_gmt":"2025-04-10T10:12:57","slug":"a-inigo-gulrotter-i-skiver-400-g","status":"publish","type":"product","link":"https:\/\/myspainfood.com\/no\/producto\/a-inigo-gulrotter-i-skiver-400-g\/","title":{"rendered":"A.I\u00f1igo gulr\u00f8tter i skiver 400 g"},"content":{"rendered":"<p>A.I\u00f1igo gulr\u00f8tter er det perfekte valget for deg som er ute etter kvalitet og smak i maten. Disse gulr\u00f8ttene er n\u00f8ye dyrket og n\u00f8ye utvalgt, og har en spr\u00f8 tekstur og en s\u00f8t og naturlig smak som vil berike enhver rett. <\/p>\n<p>&nbsp;<\/p>\n<p><strong>Energiverdi:<\/strong> 71,4 kJ \/ 16,8 kcal<\/p>\n<p><strong>Mettet fett<\/strong>: 0 g<\/p>\n<p><strong>Karbohydrater<\/strong>: 4,2 g<\/p>\n<p><strong>Herav sukkerarter:<\/strong> 2,3 g<\/p>\n<p><strong>Kostfiber<\/strong>: 1,4 g<\/p>\n<p><strong>Protein<\/strong>: 0 g<\/p>\n<p><strong>Salt<\/strong>: 0,65 g<\/p>\n","protected":false},"excerpt":{"rendered":"<p>A.I\u00f1igo gulr\u00f8tter er det perfekte valget for deg som er ute etter kvalitet og smak i maten. Disse gulr\u00f8ttene er n\u00f8ye dyrket og n\u00f8ye utvalgt, og har en spr\u00f8 tekstur og en s\u00f8t og naturlig smak som vil berike enhver rett. &nbsp; Energiverdi: 71,4 kJ \/ 16,8 kcal Mettet fett: 0 g Karbohydrater: 4,2 g [&hellip;]<\/p>\n","protected":false},"featured_media":14502,"template":"","meta":{"_et_pb_use_builder":"","_et_pb_old_content":"","_et_gb_content_width":""},"product_brand":[1461],"product_cat":[1972],"product_tag":[],"class_list":{"0":"post-40331","1":"product","2":"type-product","3":"status-publish","4":"has-post-thumbnail","6":"product_brand-a-inigo","7":"product_cat-konserver","9":"first","10":"outofstock","11":"taxable","12":"shipping-taxable","13":"product-type-variable"},"_links":{"self":[{"href":"https:\/\/myspainfood.com\/no\/wp-json\/wp\/v2\/product\/40331","targetHints":{"allow":["GET"]}}],"collection":[{"href":"https:\/\/myspainfood.com\/no\/wp-json\/wp\/v2\/product"}],"about":[{"href":"https:\/\/myspainfood.com\/no\/wp-json\/wp\/v2\/types\/product"}],"wp:featuredmedia":[{"embeddable":true,"href":"https:\/\/myspainfood.com\/no\/wp-json\/wp\/v2\/media\/14502"}],"wp:attachment":[{"href":"https:\/\/myspainfood.com\/no\/wp-json\/wp\/v2\/media?parent=40331"}],"wp:term":[{"taxonomy":"product_brand","embeddable":true,"href":"https:\/\/myspainfood.com\/no\/wp-json\/wp\/v2\/product_brand?post=40331"},{"taxonomy":"product_cat","embeddable":true,"href":"https:\/\/myspainfood.com\/no\/wp-json\/wp\/v2\/product_cat?post=40331"},{"taxonomy":"product_tag","embeddable":true,"href":"https:\/\/myspainfood.com\/no\/wp-json\/wp\/v2\/product_tag?post=40331"}],"curies":[{"name":"wp","href":"https:\/\/api.w.org\/{rel}","templated":true}]}}