{"id":40422,"date":"2025-04-10T12:12:57","date_gmt":"2025-04-10T10:12:57","guid":{"rendered":"https:\/\/myspainfood.com\/producto\/la-vieja-fabrica-bringebaersyltetoy-280-g\/"},"modified":"2025-04-10T12:12:57","modified_gmt":"2025-04-10T10:12:57","slug":"la-vieja-fabrica-bringebaersyltetoy-280-g","status":"publish","type":"product","link":"https:\/\/myspainfood.com\/no\/producto\/la-vieja-fabrica-bringebaersyltetoy-280-g\/","title":{"rendered":"La Vieja F\u00e1brica Bringeb\u00e6rsyltet\u00f8y 280 g"},"content":{"rendered":"<p>La Vieja F\u00e1brica Bringeb\u00e6rsyltet\u00f8y er et gourmetprodukt som skiller seg ut med sin intense smak og tilberedning med ingredienser av h\u00f8yeste kvalitet. Syltet\u00f8yet er laget av friske og utvalgte bringeb\u00e6r, og gir en unik smaksopplevelse som fanger essensen av frukten i hver eneste bit. <\/p>\n<p><span class=\"info-key \"><strong>Matvarens navn<\/strong>:<\/span> Bringeb\u00e6rsyltet\u00f8y<\/p>\n<p><span class=\"info-key \"><strong>Operat\u00f8rens navn<\/strong>:<\/span> \u00c1ngel Camacho Alimentaci\u00f3n, S.L.<\/p>\n<p><strong><span class=\"info-key \">Adresse til operat\u00f8ren:<\/span><\/strong> Avda. del Pilar, 6 - 41530 Mor\u00f3n de la Frontera (Sevilla).<\/p>\n<p><span class=\"info-key \"><strong>Matvarens opprinnelsessted<\/strong>:<\/span> Produkt fra Spania<\/p>\n<p><strong><span class=\"info-key \">Netto mengde:<\/span><\/strong> 350 g<\/p>\n<p><strong><span class=\"info-key \">Annen obligatorisk informasjon p\u00e5 etiketten:<\/span><\/strong> Laget med 45 g bringeb\u00e6r per 100 g.<\/p>\n<p><strong>Totalt sukkerinnhold<\/strong> 50 g per 100 g.<\/p>\n","protected":false},"excerpt":{"rendered":"<p>La Vieja F\u00e1brica Bringeb\u00e6rsyltet\u00f8y er et gourmetprodukt som skiller seg ut med sin intense smak og tilberedning med ingredienser av h\u00f8yeste kvalitet. Syltet\u00f8yet er laget av friske og utvalgte bringeb\u00e6r, og gir en unik smaksopplevelse som fanger essensen av frukten i hver eneste bit. Matvarens navn: Bringeb\u00e6rsyltet\u00f8y Operat\u00f8rens navn: \u00c1ngel Camacho Alimentaci\u00f3n, S.L. Adresse til [&hellip;]<\/p>\n","protected":false},"featured_media":14448,"template":"","meta":{"_et_pb_use_builder":"","_et_pb_old_content":"","_et_gb_content_width":""},"product_brand":[1460],"product_cat":[1972],"product_tag":[],"class_list":{"0":"post-40422","1":"product","2":"type-product","3":"status-publish","4":"has-post-thumbnail","6":"product_brand-la-vieja-fabrica","7":"product_cat-konserver","9":"first","10":"outofstock","11":"taxable","12":"shipping-taxable","13":"product-type-variable"},"_links":{"self":[{"href":"https:\/\/myspainfood.com\/no\/wp-json\/wp\/v2\/product\/40422","targetHints":{"allow":["GET"]}}],"collection":[{"href":"https:\/\/myspainfood.com\/no\/wp-json\/wp\/v2\/product"}],"about":[{"href":"https:\/\/myspainfood.com\/no\/wp-json\/wp\/v2\/types\/product"}],"wp:featuredmedia":[{"embeddable":true,"href":"https:\/\/myspainfood.com\/no\/wp-json\/wp\/v2\/media\/14448"}],"wp:attachment":[{"href":"https:\/\/myspainfood.com\/no\/wp-json\/wp\/v2\/media?parent=40422"}],"wp:term":[{"taxonomy":"product_brand","embeddable":true,"href":"https:\/\/myspainfood.com\/no\/wp-json\/wp\/v2\/product_brand?post=40422"},{"taxonomy":"product_cat","embeddable":true,"href":"https:\/\/myspainfood.com\/no\/wp-json\/wp\/v2\/product_cat?post=40422"},{"taxonomy":"product_tag","embeddable":true,"href":"https:\/\/myspainfood.com\/no\/wp-json\/wp\/v2\/product_tag?post=40422"}],"curies":[{"name":"wp","href":"https:\/\/api.w.org\/{rel}","templated":true}]}}