{"id":40512,"date":"2025-04-10T12:12:57","date_gmt":"2025-04-10T10:12:57","guid":{"rendered":"https:\/\/myspainfood.com\/producto\/la-vieja-fabrica-jordbaersyltetoy-diet-280-g\/"},"modified":"2025-04-10T12:12:57","modified_gmt":"2025-04-10T10:12:57","slug":"la-vieja-fabrica-jordbaersyltetoy-diet-280-g","status":"publish","type":"product","link":"https:\/\/myspainfood.com\/no\/producto\/la-vieja-fabrica-jordbaersyltetoy-diet-280-g\/","title":{"rendered":"La Vieja F\u00e1brica Jordb\u00e6rsyltet\u00f8y DIET 280 g"},"content":{"rendered":"<p>La Vieja F\u00e1bricas Diet Strawberry Jam er et deilig og sunt alternativ for deg som \u00f8nsker \u00e5 nyte den autentiske smaken av jordb\u00e6r uten \u00e5 tilsette raffinert sukker. Dette diettsyltet\u00f8yet er laget med naturlige ingredienser og s\u00f8tningsmidler med lavt kaloriinnhold, og er et perfekt alternativ for deg som er opptatt av \u00e5 passe p\u00e5 kalori- og glykemiinntaket ditt. <\/p>\n<p><span class=\"info-key \"><strong>Matvarens navn<\/strong>:<\/span> Jordb\u00e6rsyltet\u00f8y light<\/p>\n<p><span class=\"info-key \"><strong>Operat\u00f8rens navn<\/strong>:<\/span> \u00c1ngel Camacho Alimentaci\u00f3n, S.L.<\/p>\n<p><span class=\"info-key \"><strong>Operat\u00f8rens adresse<\/strong>:<\/span> Avda. del Pilar, 6 - 41530 Mor\u00f3n de la Frontera (Sevilla)<\/p>\n<p><strong><span class=\"info-key \">Matvarens opprinnelsessted:<\/span><\/strong> Produkt fra Spania<\/p>\n<p><strong><span class=\"info-key \">Netto mengde:<\/span><\/strong> 280 g<\/p>\n<p><strong><span class=\"info-key \">Andre obligatoriske merkingsopplysninger:<\/span><\/strong> Egnet for diabetikere. Laget med 55 g jordb\u00e6r per 100 g. <\/p>\n<p><strong>Totalt sukkerinnhold<\/strong> 42 g per 100 g.<\/p>\n","protected":false},"excerpt":{"rendered":"<p>La Vieja F\u00e1bricas Diet Strawberry Jam er et deilig og sunt alternativ for deg som \u00f8nsker \u00e5 nyte den autentiske smaken av jordb\u00e6r uten \u00e5 tilsette raffinert sukker. Dette diettsyltet\u00f8yet er laget med naturlige ingredienser og s\u00f8tningsmidler med lavt kaloriinnhold, og er et perfekt alternativ for deg som er opptatt av \u00e5 passe p\u00e5 kalori- [&hellip;]<\/p>\n","protected":false},"featured_media":14394,"template":"","meta":{"_et_pb_use_builder":"","_et_pb_old_content":"","_et_gb_content_width":""},"product_brand":[1460],"product_cat":[1972],"product_tag":[],"class_list":{"0":"post-40512","1":"product","2":"type-product","3":"status-publish","4":"has-post-thumbnail","6":"product_brand-la-vieja-fabrica","7":"product_cat-konserver","9":"first","10":"outofstock","11":"taxable","12":"shipping-taxable","13":"product-type-variable"},"_links":{"self":[{"href":"https:\/\/myspainfood.com\/no\/wp-json\/wp\/v2\/product\/40512","targetHints":{"allow":["GET"]}}],"collection":[{"href":"https:\/\/myspainfood.com\/no\/wp-json\/wp\/v2\/product"}],"about":[{"href":"https:\/\/myspainfood.com\/no\/wp-json\/wp\/v2\/types\/product"}],"wp:featuredmedia":[{"embeddable":true,"href":"https:\/\/myspainfood.com\/no\/wp-json\/wp\/v2\/media\/14394"}],"wp:attachment":[{"href":"https:\/\/myspainfood.com\/no\/wp-json\/wp\/v2\/media?parent=40512"}],"wp:term":[{"taxonomy":"product_brand","embeddable":true,"href":"https:\/\/myspainfood.com\/no\/wp-json\/wp\/v2\/product_brand?post=40512"},{"taxonomy":"product_cat","embeddable":true,"href":"https:\/\/myspainfood.com\/no\/wp-json\/wp\/v2\/product_cat?post=40512"},{"taxonomy":"product_tag","embeddable":true,"href":"https:\/\/myspainfood.com\/no\/wp-json\/wp\/v2\/product_tag?post=40512"}],"curies":[{"name":"wp","href":"https:\/\/api.w.org\/{rel}","templated":true}]}}