{"id":40726,"date":"2025-04-10T12:13:20","date_gmt":"2025-04-10T10:13:20","guid":{"rendered":"https:\/\/myspainfood.com\/producto\/vin-mataromera-ribera-del-duero-crianza-2019-opprinnelsesbetegnelse-75-cl\/"},"modified":"2026-01-29T12:52:24","modified_gmt":"2026-01-29T11:52:24","slug":"vin-mataromera-ribera-del-duero-crianza-2019-opprinnelsesbetegnelse-75-cl","status":"publish","type":"product","link":"https:\/\/myspainfood.com\/no\/producto\/vin-mataromera-ribera-del-duero-crianza-2019-opprinnelsesbetegnelse-75-cl\/","title":{"rendered":"Vin Mataromera Ribera del Duero Crianza 2019 Opprinnelsesbetegnelse 75 cl"},"content":{"rendered":"<p>Mataromera er en anerkjent ving\u00e5rd i Ribera del Duero, kjent for sin dedikasjon til fortreffelighet og bruk av vindyrking og vinfremstillingsteknikker som respekterer b\u00e5de tradisjon og innovasjon. Denne vinen gjenspeiler den unike karakteren til vinmarkene som ligger i skr\u00e5ningene i Duero-dalen, der det ekstreme kontinentale klimaet og jordsmonnet av leire og kalkstein gir ideelle forhold for dyrking av Tempranillo. <\/p>\n<p>&nbsp;<\/p>\n<p>Denne vinen er et autentisk uttrykk for Ribera del Duero, og byr p\u00e5 en rik og minneverdig sanseopplevelse. Perfekt til spesielle feiringer eller til et sofistikert middagsselskap. <\/p>\n<p>&nbsp;<\/p>\n<p>Lagret p\u00e5 franske og amerikanske eikefat i ca. 14 m\u00e5neder, etterfulgt av en ytterligere periode med raffinering p\u00e5 flaske.<\/p>\n","protected":false},"excerpt":{"rendered":"<p>Mataromera er en anerkjent ving\u00e5rd i Ribera del Duero, kjent for sin dedikasjon til fortreffelighet og bruk av vindyrking og vinfremstillingsteknikker som respekterer b\u00e5de tradisjon og innovasjon. Denne vinen gjenspeiler den unike karakteren til vinmarkene som ligger i skr\u00e5ningene i Duero-dalen, der det ekstreme kontinentale klimaet og jordsmonnet av leire og kalkstein gir ideelle forhold [&hellip;]<\/p>\n","protected":false},"featured_media":14565,"template":"","meta":{"_et_pb_use_builder":"","_et_pb_old_content":"","_et_gb_content_width":""},"product_brand":[1462],"product_cat":[4884,6270],"product_tag":[],"class_list":{"0":"post-40726","1":"product","2":"type-product","3":"status-publish","4":"has-post-thumbnail","6":"product_brand-matarromera","7":"product_cat-drikkevarer","8":"product_cat-vin-no-3","10":"first","11":"outofstock","12":"taxable","13":"shipping-taxable","14":"product-type-variable"},"_links":{"self":[{"href":"https:\/\/myspainfood.com\/no\/wp-json\/wp\/v2\/product\/40726","targetHints":{"allow":["GET"]}}],"collection":[{"href":"https:\/\/myspainfood.com\/no\/wp-json\/wp\/v2\/product"}],"about":[{"href":"https:\/\/myspainfood.com\/no\/wp-json\/wp\/v2\/types\/product"}],"wp:featuredmedia":[{"embeddable":true,"href":"https:\/\/myspainfood.com\/no\/wp-json\/wp\/v2\/media\/14565"}],"wp:attachment":[{"href":"https:\/\/myspainfood.com\/no\/wp-json\/wp\/v2\/media?parent=40726"}],"wp:term":[{"taxonomy":"product_brand","embeddable":true,"href":"https:\/\/myspainfood.com\/no\/wp-json\/wp\/v2\/product_brand?post=40726"},{"taxonomy":"product_cat","embeddable":true,"href":"https:\/\/myspainfood.com\/no\/wp-json\/wp\/v2\/product_cat?post=40726"},{"taxonomy":"product_tag","embeddable":true,"href":"https:\/\/myspainfood.com\/no\/wp-json\/wp\/v2\/product_tag?post=40726"}],"curies":[{"name":"wp","href":"https:\/\/api.w.org\/{rel}","templated":true}]}}