{"id":40761,"date":"2025-04-10T12:13:45","date_gmt":"2025-04-10T10:13:45","guid":{"rendered":"https:\/\/myspainfood.com\/producto\/sierra-zarza-gourmet-geitost-750-gram\/"},"modified":"2025-04-10T12:13:45","modified_gmt":"2025-04-10T10:13:45","slug":"sierra-zarza-gourmet-geitost-750-gram","status":"publish","type":"product","link":"https:\/\/myspainfood.com\/no\/producto\/sierra-zarza-gourmet-geitost-750-gram\/","title":{"rendered":"Sierra Zarza Gourmet Geitost 750 gram"},"content":{"rendered":"<p>Oppdag den autentiske essensen av landsbygda med v\u00e5r uts\u00f8kte Sierra Zarza geitost, en h\u00e5ndverksmessig herlighet som legemliggj\u00f8r tradisjonen og kvaliteten til den reneste geitemelken. Denne osten kommer fra utvalgte geiteflokker som beiter fritt i Sierra Zarzas skr\u00e5ninger, og byr p\u00e5 en gastronomisk opplevelse uten sidestykke. <\/p>\n<p>Sierra Zarza geitost kommer i en elegant presentasjon, ideell for b\u00e5de spesielle anledninger og hverdagsbruk. Den passer perfekt til hvitvin og ros\u00e9vin, og er ogs\u00e5 et utmerket tilskudd til salater, tapas og gourmetdesserter. Allsidigheten p\u00e5 kj\u00f8kkenet gj\u00f8r den til en uunnv\u00e6rlig ingrediens for alle som elsker god mat.  <\/p>\n<p>Oppdag den autentiske essensen av landsbygda med v\u00e5r uts\u00f8kte Sierra Zarza geitost, en h\u00e5ndverksmessig herlighet som legemliggj\u00f8r tradisjonen og kvaliteten til den reneste geitemelken. Denne osten kommer fra utvalgte geiteflokker som beiter fritt i Sierra Zarzas skr\u00e5ninger, og byr p\u00e5 en gastronomisk opplevelse uten sidestykke. <\/p>\n<p>&nbsp;<\/p>\n<p>Sierra Zarza geitost kommer i en elegant presentasjon, ideell for b\u00e5de spesielle anledninger og hverdagsbruk. Den passer perfekt til hvitvin og ros\u00e9vin, og er ogs\u00e5 et utmerket tilskudd til salater, tapas og gourmetdesserter. Allsidigheten p\u00e5 kj\u00f8kkenet gj\u00f8r den til en uunnv\u00e6rlig ingrediens for alle som elsker god mat.  <\/p>\n","protected":false},"excerpt":{"rendered":"<p>Oppdag den autentiske essensen av landsbygda med v\u00e5r uts\u00f8kte Sierra Zarza geitost, en h\u00e5ndverksmessig herlighet som legemliggj\u00f8r tradisjonen og kvaliteten til den reneste geitemelken. Denne osten kommer fra utvalgte geiteflokker som beiter fritt i Sierra Zarzas skr\u00e5ninger, og byr p\u00e5 en gastronomisk opplevelse uten sidestykke. Sierra Zarza geitost kommer i en elegant presentasjon, ideell for [&hellip;]<\/p>\n","protected":false},"featured_media":14673,"template":"","meta":{"_et_pb_use_builder":"","_et_pb_old_content":"","_et_gb_content_width":""},"product_brand":[1465],"product_cat":[2724,2252],"product_tag":[],"class_list":{"0":"post-40761","1":"product","2":"type-product","3":"status-publish","4":"has-post-thumbnail","6":"product_brand-sierra-zarza","7":"product_cat-herding","8":"product_cat-ost-og-polse","10":"first","11":"outofstock","12":"taxable","13":"shipping-taxable","14":"purchasable","15":"product-type-variable"},"_links":{"self":[{"href":"https:\/\/myspainfood.com\/no\/wp-json\/wp\/v2\/product\/40761","targetHints":{"allow":["GET"]}}],"collection":[{"href":"https:\/\/myspainfood.com\/no\/wp-json\/wp\/v2\/product"}],"about":[{"href":"https:\/\/myspainfood.com\/no\/wp-json\/wp\/v2\/types\/product"}],"wp:featuredmedia":[{"embeddable":true,"href":"https:\/\/myspainfood.com\/no\/wp-json\/wp\/v2\/media\/14673"}],"wp:attachment":[{"href":"https:\/\/myspainfood.com\/no\/wp-json\/wp\/v2\/media?parent=40761"}],"wp:term":[{"taxonomy":"product_brand","embeddable":true,"href":"https:\/\/myspainfood.com\/no\/wp-json\/wp\/v2\/product_brand?post=40761"},{"taxonomy":"product_cat","embeddable":true,"href":"https:\/\/myspainfood.com\/no\/wp-json\/wp\/v2\/product_cat?post=40761"},{"taxonomy":"product_tag","embeddable":true,"href":"https:\/\/myspainfood.com\/no\/wp-json\/wp\/v2\/product_tag?post=40761"}],"curies":[{"name":"wp","href":"https:\/\/api.w.org\/{rel}","templated":true}]}}