{"id":40841,"date":"2025-04-10T12:13:45","date_gmt":"2025-04-10T10:13:45","guid":{"rendered":"https:\/\/myspainfood.com\/producto\/ramon-bilbao-rioja-crianza-2020-denomination-of-origin-75-cl\/"},"modified":"2026-01-29T12:57:32","modified_gmt":"2026-01-29T11:57:32","slug":"ramon-bilbao-rioja-crianza-2020-denomination-of-origin-75-cl","status":"publish","type":"product","link":"https:\/\/myspainfood.com\/no\/producto\/ramon-bilbao-rioja-crianza-2020-denomination-of-origin-75-cl\/","title":{"rendered":"Ramon Bilbao Rioja Crianza 2020 Denomination of Origin 75 cl"},"content":{"rendered":"<p>Oppdag Riojas fortreffelighet med Ram\u00f3n Bilbao Crianza 2020, en r\u00f8dvin som gjenspeiler tradisjonen og den innovative \u00e5nden til en av Spanias mest prestisjefylte ving\u00e5rder. Denne vinen er laget med omhyggelig oppmerksomhet p\u00e5 detaljer, og er en autentisk representasjon av Rioja-regionens kvalitet og karakter. <\/p>\n<p>&nbsp;<\/p>\n<p>Ving\u00e5rden Ram\u00f3n Bilbao, som ble grunnlagt i 1924, kombinerer Riojas vinproduksjonstradisjon med en innovativ visjon, og skaper viner som b\u00e5de er en hyllest til regionens arv og et uttrykk for modernitet. Ram\u00f3n Bilbao Crianza 2020 er en vin som inviterer deg til \u00e5 utforske Riojas rikdom og mangfold, og den er ideell til enhver anledning, fra formelle middager til uformelle sammenkomster. <\/p>\n","protected":false},"excerpt":{"rendered":"<p>Oppdag Riojas fortreffelighet med Ram\u00f3n Bilbao Crianza 2020, en r\u00f8dvin som gjenspeiler tradisjonen og den innovative \u00e5nden til en av Spanias mest prestisjefylte ving\u00e5rder. Denne vinen er laget med omhyggelig oppmerksomhet p\u00e5 detaljer, og er en autentisk representasjon av Rioja-regionens kvalitet og karakter. &nbsp; Ving\u00e5rden Ram\u00f3n Bilbao, som ble grunnlagt i 1924, kombinerer Riojas vinproduksjonstradisjon [&hellip;]<\/p>\n","protected":false},"featured_media":14619,"template":"","meta":{"_et_pb_use_builder":"","_et_pb_old_content":"","_et_gb_content_width":""},"product_brand":[1463],"product_cat":[4884,6270],"product_tag":[],"class_list":{"0":"post-40841","1":"product","2":"type-product","3":"status-publish","4":"has-post-thumbnail","6":"product_brand-ramon-bilbao","7":"product_cat-drikkevarer","8":"product_cat-vin-no-3","10":"first","11":"outofstock","12":"taxable","13":"shipping-taxable","14":"product-type-variable"},"_links":{"self":[{"href":"https:\/\/myspainfood.com\/no\/wp-json\/wp\/v2\/product\/40841","targetHints":{"allow":["GET"]}}],"collection":[{"href":"https:\/\/myspainfood.com\/no\/wp-json\/wp\/v2\/product"}],"about":[{"href":"https:\/\/myspainfood.com\/no\/wp-json\/wp\/v2\/types\/product"}],"wp:featuredmedia":[{"embeddable":true,"href":"https:\/\/myspainfood.com\/no\/wp-json\/wp\/v2\/media\/14619"}],"wp:attachment":[{"href":"https:\/\/myspainfood.com\/no\/wp-json\/wp\/v2\/media?parent=40841"}],"wp:term":[{"taxonomy":"product_brand","embeddable":true,"href":"https:\/\/myspainfood.com\/no\/wp-json\/wp\/v2\/product_brand?post=40841"},{"taxonomy":"product_cat","embeddable":true,"href":"https:\/\/myspainfood.com\/no\/wp-json\/wp\/v2\/product_cat?post=40841"},{"taxonomy":"product_tag","embeddable":true,"href":"https:\/\/myspainfood.com\/no\/wp-json\/wp\/v2\/product_tag?post=40841"}],"curies":[{"name":"wp","href":"https:\/\/api.w.org\/{rel}","templated":true}]}}