{"id":40885,"date":"2025-04-10T12:14:06","date_gmt":"2025-04-10T10:14:06","guid":{"rendered":"https:\/\/myspainfood.com\/producto\/a-inigo-garbanzos-de-primera-3-kg\/"},"modified":"2025-04-10T12:14:06","modified_gmt":"2025-04-10T10:14:06","slug":"a-inigo-garbanzos-de-primera-3-kg","status":"publish","type":"product","link":"https:\/\/myspainfood.com\/no\/producto\/a-inigo-garbanzos-de-primera-3-kg\/","title":{"rendered":"A. I\u00f1igo Garbanzos de Primera 3 kg"},"content":{"rendered":"<p>Oppdag <strong>Primera A. I\u00f1igos kikerter. I\u00f1igo<\/strong>, n\u00f8ye utvalgt for \u00e5 gi deg den beste kvaliteten og smaken i hver b\u00f8nne. Disse f\u00f8rsteklasses kikertene er den perfekte ingrediensen for \u00e5 l\u00f8fte rettene dine, og gir en myk og kremet tekstur som passer til et bredt utvalg av oppskrifter. <\/p>\n<p><strong>Fordeler:<\/strong><\/p>\n<ul>\n<li><strong>N\u00e6ringsrik:<\/strong> H\u00f8yt innhold av fiber og protein, noe som er viktig for et sunt og balansert kosthold.<\/li>\n<li><strong>Energigivende:<\/strong> De gir energi og metthetsf\u00f8lelse og passer perfekt til alle dagens m\u00e5ltider.<\/li>\n<li><strong>Sunn:<\/strong> Uten tilsetningsstoffer eller konserveringsmidler er de et naturlig og sunt valg for hele familien.<\/li>\n<li><strong>Allsidighet p\u00e5 kj\u00f8kkenet:<\/strong> De passer til et bredt utvalg av oppskrifter, b\u00e5de tradisjonelle og moderne, slik at du kan lage deilige og n\u00e6ringsrike retter.<\/li>\n<\/ul>\n<p><strong>Anbefalinger for bruk:<\/strong><\/p>\n<ul>\n<li><strong>Salater:<\/strong> Tilsett dem i salatene dine for \u00e5 tilf\u00f8re litt tekstur og n\u00e6ring.<\/li>\n<li>Gryteretter <strong>og supper:<\/strong> Perfekt til \u00e5 berike kj\u00f8tt-, fj\u00f8rfe- eller gr\u00f8nnsaksgryteretter, samt tr\u00f8stende supper.<\/li>\n<li><strong>Hummus:<\/strong> Bruk dem til \u00e5 lage hjemmelaget hummus ved \u00e5 tilsette tahini, sitron, hvitl\u00f8k og olivenolje.<\/li>\n<li><strong>Tradisjonelle retter:<\/strong> Ideell til gryteretter, gryteretter og andre tradisjonelle spanske oppskrifter.<\/li>\n<\/ul>\n<p><strong>Bevaring:<\/strong><\/p>\n<ul>\n<li>Oppbevares p\u00e5 et kj\u00f8lig og t\u00f8rt sted.<\/li>\n<li>Hold beholderen tett lukket for \u00e5 bevare ferskheten.<\/li>\n<\/ul>\n","protected":false},"excerpt":{"rendered":"<p>Oppdag Primera A. I\u00f1igos kikerter. I\u00f1igo, n\u00f8ye utvalgt for \u00e5 gi deg den beste kvaliteten og smaken i hver b\u00f8nne. Disse f\u00f8rsteklasses kikertene er den perfekte ingrediensen for \u00e5 l\u00f8fte rettene dine, og gir en myk og kremet tekstur som passer til et bredt utvalg av oppskrifter. Fordeler: N\u00e6ringsrik: H\u00f8yt innhold av fiber og protein, [&hellip;]<\/p>\n","protected":false},"featured_media":14808,"template":"","meta":{"_et_pb_use_builder":"","_et_pb_old_content":"","_et_gb_content_width":""},"product_brand":[1461],"product_cat":[8040],"product_tag":[],"class_list":{"0":"post-40885","1":"product","2":"type-product","3":"status-publish","4":"has-post-thumbnail","6":"product_brand-a-inigo","7":"product_cat-testkategori-no","9":"first","10":"outofstock","11":"taxable","12":"shipping-taxable","13":"product-type-variable"},"_links":{"self":[{"href":"https:\/\/myspainfood.com\/no\/wp-json\/wp\/v2\/product\/40885","targetHints":{"allow":["GET"]}}],"collection":[{"href":"https:\/\/myspainfood.com\/no\/wp-json\/wp\/v2\/product"}],"about":[{"href":"https:\/\/myspainfood.com\/no\/wp-json\/wp\/v2\/types\/product"}],"wp:featuredmedia":[{"embeddable":true,"href":"https:\/\/myspainfood.com\/no\/wp-json\/wp\/v2\/media\/14808"}],"wp:attachment":[{"href":"https:\/\/myspainfood.com\/no\/wp-json\/wp\/v2\/media?parent=40885"}],"wp:term":[{"taxonomy":"product_brand","embeddable":true,"href":"https:\/\/myspainfood.com\/no\/wp-json\/wp\/v2\/product_brand?post=40885"},{"taxonomy":"product_cat","embeddable":true,"href":"https:\/\/myspainfood.com\/no\/wp-json\/wp\/v2\/product_cat?post=40885"},{"taxonomy":"product_tag","embeddable":true,"href":"https:\/\/myspainfood.com\/no\/wp-json\/wp\/v2\/product_tag?post=40885"}],"curies":[{"name":"wp","href":"https:\/\/api.w.org\/{rel}","templated":true}]}}