{"id":41060,"date":"2025-04-10T12:14:06","date_gmt":"2025-04-10T10:14:06","guid":{"rendered":"https:\/\/myspainfood.com\/producto\/cusumano-pickled-tuna-pate-delicious-gourmet-170-gr\/"},"modified":"2025-04-10T12:14:06","modified_gmt":"2025-04-10T10:14:06","slug":"cusumano-pickled-tuna-pate-delicious-gourmet-170-gr","status":"publish","type":"product","link":"https:\/\/myspainfood.com\/no\/producto\/cusumano-pickled-tuna-pate-delicious-gourmet-170-gr\/","title":{"rendered":"Cusumano Pickled Tuna P\u00e2t\u00e9 - Delicious &amp; Gourmet - 170 gr"},"content":{"rendered":"<p>Cusumano Tuna P\u00e2t\u00e9 er en gourmetdelikatesse laget av tunfisk av h\u00f8y kvalitet, n\u00f8ye utvalgt og bearbeidet for \u00e5 gi en uforlignelig smak og myk konsistens. Denne pat\u00e9en er ideell for alle som elsker god mat, og kombinerer det beste fra havet med naturlige ingredienser og et snev av raffinement. <\/p>\n<ul>\n<li><strong>Merke:<\/strong> Cusumano<\/li>\n<li><strong>Produkttype:<\/strong> Tunfiskpostei<\/li>\n<li><strong>Presentasjon:<\/strong> Boks eller glasskrukke<\/li>\n<li><strong>Nettovekt:<\/strong> (Oppgi n\u00f8yaktig vekt, f.eks. 100 g, 200 g)<\/li>\n<li><strong>Ingredienser:<\/strong> Tunfisk, olivenolje, naturlige krydder, salt (og andre naturlige ingredienser, hvis tilgjengelig).<\/li>\n<li>Oppbevaring<strong>:<\/strong> Oppbevares p\u00e5 et kj\u00f8lig, t\u00f8rt sted. N\u00e5r den er \u00e5pnet, oppbevares den i kj\u00f8leskap og forbrukes innen (angi tid, f.eks. 3 dager). <\/li>\n<\/ul>\n<p>Cusumano Tunfiskpostei kjennetegnes av sin delikate og raffinerte smak, med en perfekt balanse mellom smaken av tunfisk og de subtile tonene av naturlige krydder. Konsistensen er kremet og lett \u00e5 sm\u00f8re p\u00e5, noe som gj\u00f8r den til et ideelt valg b\u00e5de til spesielle anledninger og til hverdags. <\/p>\n","protected":false},"excerpt":{"rendered":"<p>Cusumano Tuna P\u00e2t\u00e9 er en gourmetdelikatesse laget av tunfisk av h\u00f8y kvalitet, n\u00f8ye utvalgt og bearbeidet for \u00e5 gi en uforlignelig smak og myk konsistens. Denne pat\u00e9en er ideell for alle som elsker god mat, og kombinerer det beste fra havet med naturlige ingredienser og et snev av raffinement. Merke: Cusumano Produkttype: Tunfiskpostei Presentasjon: Boks [&hellip;]<\/p>\n","protected":false},"featured_media":14709,"template":"","meta":{"_et_pb_use_builder":"","_et_pb_old_content":"","_et_gb_content_width":""},"product_brand":[1272],"product_cat":[3737],"product_tag":[],"class_list":{"0":"post-41060","1":"product","2":"type-product","3":"status-publish","4":"has-post-thumbnail","6":"product_brand-cusumano","7":"product_cat-konserver-no-3","9":"first","10":"instock","11":"taxable","12":"shipping-taxable","13":"product-type-variable"},"_links":{"self":[{"href":"https:\/\/myspainfood.com\/no\/wp-json\/wp\/v2\/product\/41060","targetHints":{"allow":["GET"]}}],"collection":[{"href":"https:\/\/myspainfood.com\/no\/wp-json\/wp\/v2\/product"}],"about":[{"href":"https:\/\/myspainfood.com\/no\/wp-json\/wp\/v2\/types\/product"}],"wp:featuredmedia":[{"embeddable":true,"href":"https:\/\/myspainfood.com\/no\/wp-json\/wp\/v2\/media\/14709"}],"wp:attachment":[{"href":"https:\/\/myspainfood.com\/no\/wp-json\/wp\/v2\/media?parent=41060"}],"wp:term":[{"taxonomy":"product_brand","embeddable":true,"href":"https:\/\/myspainfood.com\/no\/wp-json\/wp\/v2\/product_brand?post=41060"},{"taxonomy":"product_cat","embeddable":true,"href":"https:\/\/myspainfood.com\/no\/wp-json\/wp\/v2\/product_cat?post=41060"},{"taxonomy":"product_tag","embeddable":true,"href":"https:\/\/myspainfood.com\/no\/wp-json\/wp\/v2\/product_tag?post=41060"}],"curies":[{"name":"wp","href":"https:\/\/api.w.org\/{rel}","templated":true}]}}