{"id":41104,"date":"2025-04-10T12:14:06","date_gmt":"2025-04-10T10:14:06","guid":{"rendered":"https:\/\/myspainfood.com\/producto\/pochas-blancas-de-navarra-a-inigo-autentisk-tradisjonell-smak-660-gr\/"},"modified":"2025-04-10T12:14:06","modified_gmt":"2025-04-10T10:14:06","slug":"pochas-blancas-de-navarra-a-inigo-autentisk-tradisjonell-smak-660-gr","status":"publish","type":"product","link":"https:\/\/myspainfood.com\/no\/producto\/pochas-blancas-de-navarra-a-inigo-autentisk-tradisjonell-smak-660-gr\/","title":{"rendered":"Pochas Blancas de Navarra A. I\u00f1igo - Autentisk tradisjonell smak 660 gr"},"content":{"rendered":"<p>A. I\u00f1igos Pochas Blancas er en tradisjonell delikatesse fra Navarra-regionen, kjent for sin eksepsjonelle kvalitet og smak. Disse ferske b\u00f8nnene h\u00f8stes n\u00e5r de er optimalt modne og pakkes forsiktig for \u00e5 bevare all friskhet og alle n\u00e6ringsstoffene. <\/p>\n<ul>\n<li><strong>Opprinnelse:<\/strong> Navarra, Spania<\/li>\n<li><strong>Type b\u00f8nne:<\/strong> Hvite b\u00f8nner<\/li>\n<li><strong>Presentasjon:<\/strong> Glassbeholder<\/li>\n<li><strong>Ingredienser:<\/strong> Hvite kidneyb\u00f8nner, vann, salt, salt.<\/li>\n<li>Oppbevaring<strong>:<\/strong> Oppbevares p\u00e5 et kj\u00f8lig, t\u00f8rt sted.<\/li>\n<li><strong>Anbefalt bruk:<\/strong> Ideell til gryteretter, salater og tradisjonelle retter fra Navarra og Middelhavet.<\/li>\n<\/ul>\n<p>A. I\u00f1igos hvite b\u00f8nner kjennetegnes av sin mykhet og delikate smak, som passer perfekt sammen med andre ingredienser i supper, gryteretter og salater. Den m\u00f8re konsistensen og det tynne skallet gj\u00f8r dem spesielt popul\u00e6re blant gourmeter og tilhengere av det tradisjonelle kj\u00f8kkenet. <\/p>\n","protected":false},"excerpt":{"rendered":"<p>A. I\u00f1igos Pochas Blancas er en tradisjonell delikatesse fra Navarra-regionen, kjent for sin eksepsjonelle kvalitet og smak. Disse ferske b\u00f8nnene h\u00f8stes n\u00e5r de er optimalt modne og pakkes forsiktig for \u00e5 bevare all friskhet og alle n\u00e6ringsstoffene. Opprinnelse: Navarra, Spania Type b\u00f8nne: Hvite b\u00f8nner Presentasjon: Glassbeholder Ingredienser: Hvite kidneyb\u00f8nner, vann, salt, salt. Oppbevaring: Oppbevares p\u00e5 [&hellip;]<\/p>\n","protected":false},"featured_media":14682,"template":"","meta":{"_et_pb_use_builder":"","_et_pb_old_content":"","_et_gb_content_width":""},"product_brand":[1461],"product_cat":[3737],"product_tag":[],"class_list":{"0":"post-41104","1":"product","2":"type-product","3":"status-publish","4":"has-post-thumbnail","6":"product_brand-a-inigo","7":"product_cat-konserver-no-3","9":"first","10":"outofstock","11":"taxable","12":"shipping-taxable","13":"purchasable","14":"product-type-variable"},"_links":{"self":[{"href":"https:\/\/myspainfood.com\/no\/wp-json\/wp\/v2\/product\/41104","targetHints":{"allow":["GET"]}}],"collection":[{"href":"https:\/\/myspainfood.com\/no\/wp-json\/wp\/v2\/product"}],"about":[{"href":"https:\/\/myspainfood.com\/no\/wp-json\/wp\/v2\/types\/product"}],"wp:featuredmedia":[{"embeddable":true,"href":"https:\/\/myspainfood.com\/no\/wp-json\/wp\/v2\/media\/14682"}],"wp:attachment":[{"href":"https:\/\/myspainfood.com\/no\/wp-json\/wp\/v2\/media?parent=41104"}],"wp:term":[{"taxonomy":"product_brand","embeddable":true,"href":"https:\/\/myspainfood.com\/no\/wp-json\/wp\/v2\/product_brand?post=41104"},{"taxonomy":"product_cat","embeddable":true,"href":"https:\/\/myspainfood.com\/no\/wp-json\/wp\/v2\/product_cat?post=41104"},{"taxonomy":"product_tag","embeddable":true,"href":"https:\/\/myspainfood.com\/no\/wp-json\/wp\/v2\/product_tag?post=41104"}],"curies":[{"name":"wp","href":"https:\/\/api.w.org\/{rel}","templated":true}]}}