{"id":41146,"date":"2025-04-10T12:14:28","date_gmt":"2025-04-10T10:14:28","guid":{"rendered":"https:\/\/myspainfood.com\/producto\/la-encajera-krydret-hel-aubergine-560-gram\/"},"modified":"2025-04-10T12:14:28","modified_gmt":"2025-04-10T10:14:28","slug":"la-encajera-krydret-hel-aubergine-560-gram","status":"publish","type":"product","link":"https:\/\/myspainfood.com\/no\/producto\/la-encajera-krydret-hel-aubergine-560-gram\/","title":{"rendered":"La Encajera Krydret hel aubergine 560 gram"},"content":{"rendered":"<p>Hel aubergine med dressing er en ideell <a href=\"https:\/\/www.laencajera.es\/berenjenas-de-almagro\" target=\"_blank\" rel=\"noopener noreferrer nofollow\">forrett<\/a>.<\/p>\n<p>Brukes ogs\u00e5 som tilbeh\u00f8r til salater.<\/p>\n<p>De er krydret med vann, vineddik, olivenolje, paprika, salt, spisskummen og hvitl\u00f8k.<\/p>\n<p>Auberginer med auberginedressing kommer opprinnelig fra Castilla la Mancha i Spania.<\/p>\n<p>Ingredienser: S: Aubergine &laquo;De Almagro&raquo;, vann, salt, vineddik, naturlige krydder (hvitl\u00f8k, spisskummen, paprika, olivenolje), smaksforsterker (E-621), syrningsmidler (E-330), konserveringsmidler (E-270, E-211, E-202E-223), antioksidant (E-300) og naturlige aromaer.<\/p>\n<p>Oppbevares p\u00e5 et kj\u00f8lig, t\u00f8rt sted, mellom 3\u00baC og 10\u00baC. Oppbevares beskyttet mot sollys og sterk lukt. <\/p>\n<p>N\u00e5r den er \u00e5pnet, oppbevares den i kj\u00f8leskap og konsumeres innen 30 dager.<\/p>\n<p>Hvis du \u00f8nsker \u00e5 kj\u00f8pe oliven eller andre typer <a href=\"https:\/\/latiendadesami.com\/categoria-producto\/encurtidos\/\" rel=\"noopener noreferrer nofollow\" target=\"_blank\">sylteagurk<\/a>, kan du ta en titt p\u00e5 v\u00e5r online katalog for \u00e5 se det store utvalget av <a href=\"https:\/\/latiendadesami.com\/categoria-producto\/encurtidos\/berenjenas\/\" target=\"_blank\" rel=\"noopener noreferrer nofollow\">auberginer<\/a> vi har.<\/p>\n<p>Merket er La Encajonera, en familiebedrift som ble grunnlagt i 1990, og som ligger i hjertet av La Mancha, i byen ALMAGRO i provinsen Ciudad Real.<\/p>\n<p>Produksjonsprosessen for produktene starter i det samme dyrkingsomr\u00e5det, der man velger ut de beste kvalitetsproduktene.<\/p>\n<p>Fabrikken er utstyrt med den mest avanserte teknologien, samtidig som h\u00e5ndverkernes tradisjon og kunnskap er bevart.<\/p>\n","protected":false},"excerpt":{"rendered":"<p>Hel aubergine med dressing er en ideell forrett. Brukes ogs\u00e5 som tilbeh\u00f8r til salater. De er krydret med vann, vineddik, olivenolje, paprika, salt, spisskummen og hvitl\u00f8k. Auberginer med auberginedressing kommer opprinnelig fra Castilla la Mancha i Spania. Ingredienser: S: Aubergine &laquo;De Almagro&raquo;, vann, salt, vineddik, naturlige krydder (hvitl\u00f8k, spisskummen, paprika, olivenolje), smaksforsterker (E-621), syrningsmidler (E-330), [&hellip;]<\/p>\n","protected":false},"featured_media":7438,"template":"","meta":{"_et_pb_use_builder":"","_et_pb_old_content":"","_et_gb_content_width":""},"product_brand":[1057],"product_cat":[2126,1555],"product_tag":[2129],"class_list":{"0":"post-41146","1":"product","2":"type-product","3":"status-publish","4":"has-post-thumbnail","6":"product_brand-la-encajera","7":"product_cat-auberginer-no","8":"product_cat-pickles-no","9":"product_tag-alinada-no","11":"first","12":"outofstock","13":"taxable","14":"shipping-taxable","15":"product-type-variable"},"_links":{"self":[{"href":"https:\/\/myspainfood.com\/no\/wp-json\/wp\/v2\/product\/41146","targetHints":{"allow":["GET"]}}],"collection":[{"href":"https:\/\/myspainfood.com\/no\/wp-json\/wp\/v2\/product"}],"about":[{"href":"https:\/\/myspainfood.com\/no\/wp-json\/wp\/v2\/types\/product"}],"wp:featuredmedia":[{"embeddable":true,"href":"https:\/\/myspainfood.com\/no\/wp-json\/wp\/v2\/media\/7438"}],"wp:attachment":[{"href":"https:\/\/myspainfood.com\/no\/wp-json\/wp\/v2\/media?parent=41146"}],"wp:term":[{"taxonomy":"product_brand","embeddable":true,"href":"https:\/\/myspainfood.com\/no\/wp-json\/wp\/v2\/product_brand?post=41146"},{"taxonomy":"product_cat","embeddable":true,"href":"https:\/\/myspainfood.com\/no\/wp-json\/wp\/v2\/product_cat?post=41146"},{"taxonomy":"product_tag","embeddable":true,"href":"https:\/\/myspainfood.com\/no\/wp-json\/wp\/v2\/product_tag?post=41146"}],"curies":[{"name":"wp","href":"https:\/\/api.w.org\/{rel}","templated":true}]}}