{"id":41726,"date":"2025-04-10T12:12:29","date_gmt":"2025-04-10T10:12:29","guid":{"rendered":"https:\/\/myspainfood.com\/producto\/la-vieja-fabrica-ferskenmarmelade-diet-280-g\/"},"modified":"2025-04-10T12:12:29","modified_gmt":"2025-04-10T10:12:29","slug":"la-vieja-fabrica-ferskenmarmelade-diet-280-g","status":"publish","type":"product","link":"https:\/\/myspainfood.com\/no\/producto\/la-vieja-fabrica-ferskenmarmelade-diet-280-g\/","title":{"rendered":"La Vieja F\u00e1brica Ferskenmarmelade DIET 280 g"},"content":{"rendered":"<p>La Vieja F\u00e1brica diettsyltet\u00f8y med fersken er et deilig alternativ for deg som \u00f8nsker \u00e5 nyte den autentiske fruktsmaken uten \u00e5 tilf\u00f8re un\u00f8dvendige kalorier til kostholdet. Dette syltet\u00f8yet, som er laget av utvalgte fersken og etter La Vieja F\u00e1bricas tradisjonelle h\u00e5ndverksoppskrifter, gir en frisk og naturlig smak. <\/p>\n<p><strong>Opprinnelse<\/strong>: Spania Produsent: \u00c1ngel Camacho Alimentaci\u00f3n, S.L.<\/p>\n<p><strong>Produsentens adresse<\/strong>: Avda. del Pilar, 6 - 41530 Mor\u00f3n de la Frontera (Sevilla)<\/p>\n<p> <strong> Opprinnelse<\/strong>: Produkt fra Spania<\/p>\n<p><strong>Nettovekt<\/strong>: 280 g<\/p>\n<p><strong>Ytterligere obligatorisk informasjon p\u00e5 etiketten<\/strong>: Inneholder 55 g fersken per 100 g.<\/p>\n<p><strong>Totalt sukkerinnhold<\/strong>: 42 g per 100 g.<\/p>\n","protected":false},"excerpt":{"rendered":"<p>La Vieja F\u00e1brica diettsyltet\u00f8y med fersken er et deilig alternativ for deg som \u00f8nsker \u00e5 nyte den autentiske fruktsmaken uten \u00e5 tilf\u00f8re un\u00f8dvendige kalorier til kostholdet. Dette syltet\u00f8yet, som er laget av utvalgte fersken og etter La Vieja F\u00e1bricas tradisjonelle h\u00e5ndverksoppskrifter, gir en frisk og naturlig smak. Opprinnelse: Spania Produsent: \u00c1ngel Camacho Alimentaci\u00f3n, S.L. Produsentens [&hellip;]<\/p>\n","protected":false},"featured_media":14259,"template":"","meta":{"_et_pb_use_builder":"","_et_pb_old_content":"","_et_gb_content_width":""},"product_brand":[1460],"product_cat":[1972],"product_tag":[],"class_list":{"0":"post-41726","1":"product","2":"type-product","3":"status-publish","4":"has-post-thumbnail","6":"product_brand-la-vieja-fabrica","7":"product_cat-konserver","9":"first","10":"outofstock","11":"taxable","12":"shipping-taxable","13":"product-type-variable"},"_links":{"self":[{"href":"https:\/\/myspainfood.com\/no\/wp-json\/wp\/v2\/product\/41726","targetHints":{"allow":["GET"]}}],"collection":[{"href":"https:\/\/myspainfood.com\/no\/wp-json\/wp\/v2\/product"}],"about":[{"href":"https:\/\/myspainfood.com\/no\/wp-json\/wp\/v2\/types\/product"}],"wp:featuredmedia":[{"embeddable":true,"href":"https:\/\/myspainfood.com\/no\/wp-json\/wp\/v2\/media\/14259"}],"wp:attachment":[{"href":"https:\/\/myspainfood.com\/no\/wp-json\/wp\/v2\/media?parent=41726"}],"wp:term":[{"taxonomy":"product_brand","embeddable":true,"href":"https:\/\/myspainfood.com\/no\/wp-json\/wp\/v2\/product_brand?post=41726"},{"taxonomy":"product_cat","embeddable":true,"href":"https:\/\/myspainfood.com\/no\/wp-json\/wp\/v2\/product_cat?post=41726"},{"taxonomy":"product_tag","embeddable":true,"href":"https:\/\/myspainfood.com\/no\/wp-json\/wp\/v2\/product_tag?post=41726"}],"curies":[{"name":"wp","href":"https:\/\/api.w.org\/{rel}","templated":true}]}}