{"id":41769,"date":"2025-04-10T12:12:57","date_gmt":"2025-04-10T10:12:57","guid":{"rendered":"https:\/\/myspainfood.com\/producto\/a-inigo-gronne-bonner-runde-mellomstore-biter-400-g\/"},"modified":"2025-04-10T12:12:57","modified_gmt":"2025-04-10T10:12:57","slug":"a-inigo-gronne-bonner-runde-mellomstore-biter-400-g","status":"publish","type":"product","link":"https:\/\/myspainfood.com\/no\/producto\/a-inigo-gronne-bonner-runde-mellomstore-biter-400-g\/","title":{"rendered":"A.I\u00f1igo Gr\u00f8nne b\u00f8nner, runde, mellomstore biter 400 g"},"content":{"rendered":"<p>A.I\u00f1igo gr\u00f8nne b\u00f8nner st\u00e5r for f\u00f8rsteklasses friskhet og smak. Disse gr\u00f8nne b\u00f8nnene, som er n\u00f8ye utvalgt og h\u00f8stet n\u00e5r de er optimalt modne, er det ideelle valget til ethvert daglig m\u00e5ltid. <\/p>\n<p><strong>Energiverdi:<\/strong> 15,9 kJ \/ 67,5 kcal<\/p>\n<p><strong>Fett<\/strong>: 0 g<\/p>\n<p><strong>Herav mettet<\/strong> 0 g<\/p>\n<p><strong>Karbohydrater:<\/strong> 3,3 g<\/p>\n<p><strong>Herav sukkerarter<\/strong>: 0,8 g<\/p>\n<p><strong>Kostfiber<\/strong>: 1,5 g<\/p>\n<p><strong>Protein<\/strong>: 0,67 g<\/p>\n<p><strong>Salt<\/strong>: 0,5 g<\/p>\n","protected":false},"excerpt":{"rendered":"<p>A.I\u00f1igo gr\u00f8nne b\u00f8nner st\u00e5r for f\u00f8rsteklasses friskhet og smak. Disse gr\u00f8nne b\u00f8nnene, som er n\u00f8ye utvalgt og h\u00f8stet n\u00e5r de er optimalt modne, er det ideelle valget til ethvert daglig m\u00e5ltid. Energiverdi: 15,9 kJ \/ 67,5 kcal Fett: 0 g Herav mettet 0 g Karbohydrater: 3,3 g Herav sukkerarter: 0,8 g Kostfiber: 1,5 g Protein: [&hellip;]<\/p>\n","protected":false},"featured_media":14529,"template":"","meta":{"_et_pb_use_builder":"","_et_pb_old_content":"","_et_gb_content_width":""},"product_brand":[1461],"product_cat":[1972],"product_tag":[],"class_list":{"0":"post-41769","1":"product","2":"type-product","3":"status-publish","4":"has-post-thumbnail","6":"product_brand-a-inigo","7":"product_cat-konserver","9":"first","10":"instock","11":"taxable","12":"shipping-taxable","13":"product-type-variable"},"_links":{"self":[{"href":"https:\/\/myspainfood.com\/no\/wp-json\/wp\/v2\/product\/41769","targetHints":{"allow":["GET"]}}],"collection":[{"href":"https:\/\/myspainfood.com\/no\/wp-json\/wp\/v2\/product"}],"about":[{"href":"https:\/\/myspainfood.com\/no\/wp-json\/wp\/v2\/types\/product"}],"wp:featuredmedia":[{"embeddable":true,"href":"https:\/\/myspainfood.com\/no\/wp-json\/wp\/v2\/media\/14529"}],"wp:attachment":[{"href":"https:\/\/myspainfood.com\/no\/wp-json\/wp\/v2\/media?parent=41769"}],"wp:term":[{"taxonomy":"product_brand","embeddable":true,"href":"https:\/\/myspainfood.com\/no\/wp-json\/wp\/v2\/product_brand?post=41769"},{"taxonomy":"product_cat","embeddable":true,"href":"https:\/\/myspainfood.com\/no\/wp-json\/wp\/v2\/product_cat?post=41769"},{"taxonomy":"product_tag","embeddable":true,"href":"https:\/\/myspainfood.com\/no\/wp-json\/wp\/v2\/product_tag?post=41769"}],"curies":[{"name":"wp","href":"https:\/\/api.w.org\/{rel}","templated":true}]}}