{"id":42044,"date":"2025-04-10T12:12:05","date_gmt":"2025-04-10T10:12:05","guid":{"rendered":"https:\/\/myspainfood.com\/producto\/senorio-de-nava-ribera-del-duero-2022-75-cl\/"},"modified":"2026-01-29T12:33:49","modified_gmt":"2026-01-29T11:33:49","slug":"senorio-de-nava-ribera-del-duero-2022-75-cl","status":"publish","type":"product","link":"https:\/\/myspainfood.com\/no\/producto\/senorio-de-nava-ribera-del-duero-2022-75-cl\/","title":{"rendered":"Se\u00f1or\u00edo De Nava Ribera Del Duero 2022 75 cl"},"content":{"rendered":"<p>Oppdag den autentiske smaken av Ribera del Duero med Se\u00f1or\u00edo De Nava! Denne prestisjefylte vinen, med Denominaci\u00f3n de Origen Ribera del Duero, fanger selve essensen av denne anerkjente spanske vinregionen. <\/p>\n<p>Se\u00f1or\u00edo De Nava Ribera Del Duero er resultatet av et n\u00f8ye utvalg av Tempranillo-druer, regionens emblematiske druesort, dyrket i privilegerte vinmarker badet i solen i elvedalen Duero. Med kontrollert gj\u00e6ring og en omhyggelig lagringsprosess p\u00e5 eikefat kjennetegnes denne vinen av sin komplekse karakter og eksepsjonelle balanse. <\/p>\n<p>P\u00e5 smakssiden viser den intense toner av moden frukt, subtile hint av eik og en veldefinert struktur som kulminerer i en lang og tilfredsstillende avslutning. Se\u00f1or\u00edo De Nava Ribera Del Duero er det perfekte akkompagnementet til spesielle anledninger, fra elegante middager til uformelle sammenkomster med venner. <\/p>\n<p>La deg forf\u00f8re av elegansen og tradisjonen i Ribera del Duero med hver eneste slurk av Se\u00f1or\u00edo De Nava. Nyt den \u00f8nologiske fortreffeligheten i en av Spanias mest fremragende vinregioner, og gj\u00f8r enhver anledning minneverdig med denne uts\u00f8kte vinen!  <\/p>\n","protected":false},"excerpt":{"rendered":"<p>Se\u00f1or\u00edo De Nava Ribera Del Duero er resultatet av et n\u00f8ye utvalg av Tempranillo-druer, regionens emblematiske druesort, dyrket i privilegerte vinmarker badet i solen i elvedalen Duero. Med kontrollert gj\u00e6ring og en omhyggelig lagringsprosess p\u00e5 eikefat kjennetegnes denne vinen av sin komplekse karakter og eksepsjonelle balanse. <\/p>\n","protected":false},"featured_media":14178,"template":"","meta":{"_et_pb_use_builder":"","_et_pb_old_content":"","_et_gb_content_width":""},"product_brand":[1224],"product_cat":[4884,4886],"product_tag":[],"class_list":{"0":"post-42044","1":"product","2":"type-product","3":"status-publish","4":"has-post-thumbnail","6":"product_brand-senorio-de-nava","7":"product_cat-drikkevarer","8":"product_cat-vin-no","10":"first","11":"outofstock","12":"taxable","13":"shipping-taxable","14":"product-type-variable"},"_links":{"self":[{"href":"https:\/\/myspainfood.com\/no\/wp-json\/wp\/v2\/product\/42044","targetHints":{"allow":["GET"]}}],"collection":[{"href":"https:\/\/myspainfood.com\/no\/wp-json\/wp\/v2\/product"}],"about":[{"href":"https:\/\/myspainfood.com\/no\/wp-json\/wp\/v2\/types\/product"}],"wp:featuredmedia":[{"embeddable":true,"href":"https:\/\/myspainfood.com\/no\/wp-json\/wp\/v2\/media\/14178"}],"wp:attachment":[{"href":"https:\/\/myspainfood.com\/no\/wp-json\/wp\/v2\/media?parent=42044"}],"wp:term":[{"taxonomy":"product_brand","embeddable":true,"href":"https:\/\/myspainfood.com\/no\/wp-json\/wp\/v2\/product_brand?post=42044"},{"taxonomy":"product_cat","embeddable":true,"href":"https:\/\/myspainfood.com\/no\/wp-json\/wp\/v2\/product_cat?post=42044"},{"taxonomy":"product_tag","embeddable":true,"href":"https:\/\/myspainfood.com\/no\/wp-json\/wp\/v2\/product_tag?post=42044"}],"curies":[{"name":"wp","href":"https:\/\/api.w.org\/{rel}","templated":true}]}}