{"id":42088,"date":"2025-04-10T12:11:39","date_gmt":"2025-04-10T10:11:39","guid":{"rendered":"https:\/\/myspainfood.com\/producto\/new-zealandske-blaskjell-stekt-i-syltet-saus-7-10-stykker-portonovo\/"},"modified":"2025-04-10T12:11:39","modified_gmt":"2025-04-10T10:11:39","slug":"new-zealandske-blaskjell-stekt-i-syltet-saus-7-10-stykker-portonovo","status":"publish","type":"product","link":"https:\/\/myspainfood.com\/no\/producto\/new-zealandske-blaskjell-stekt-i-syltet-saus-7-10-stykker-portonovo\/","title":{"rendered":"New Zealandske bl\u00e5skjell stekt i syltet saus 7-10 stykker Portonovo"},"content":{"rendered":"<p>Kokes og stekes i solsikkeolje. Bysusen fjernes for h\u00e5nd og pakkes en etter en. Tilbeh\u00f8ret ledsages av en unik marinade laget av helt naturlige ingredienser. Ingredienser: New Zealandske bl\u00e5skjell, escabeche (solsikkeolje, r\u00f8dvinseddik, vann, naturlige aromaer, krydder og salt).   <\/p>\n","protected":false},"excerpt":{"rendered":"<p>Kokes og stekes i solsikkeolje. Bysusen fjernes for h\u00e5nd og pakkes en etter en. Tilbeh\u00f8ret ledsages av en unik marinade laget av helt naturlige ingredienser. Ingredienser: New Zealandske bl\u00e5skjell, escabeche (solsikkeolje, r\u00f8dvinseddik, vann, naturlige aromaer, krydder og salt).<\/p>\n","protected":false},"featured_media":14016,"template":"","meta":{"_et_pb_use_builder":"","_et_pb_old_content":"","_et_gb_content_width":""},"product_brand":[1428],"product_cat":[3882,1972],"product_tag":[],"class_list":{"0":"post-42088","1":"product","2":"type-product","3":"status-publish","4":"has-post-thumbnail","6":"product_brand-portonovo","7":"product_cat-blaskjell","8":"product_cat-konserver","10":"first","11":"instock","12":"taxable","13":"shipping-taxable","14":"purchasable","15":"product-type-variable"},"_links":{"self":[{"href":"https:\/\/myspainfood.com\/no\/wp-json\/wp\/v2\/product\/42088","targetHints":{"allow":["GET"]}}],"collection":[{"href":"https:\/\/myspainfood.com\/no\/wp-json\/wp\/v2\/product"}],"about":[{"href":"https:\/\/myspainfood.com\/no\/wp-json\/wp\/v2\/types\/product"}],"wp:featuredmedia":[{"embeddable":true,"href":"https:\/\/myspainfood.com\/no\/wp-json\/wp\/v2\/media\/14016"}],"wp:attachment":[{"href":"https:\/\/myspainfood.com\/no\/wp-json\/wp\/v2\/media?parent=42088"}],"wp:term":[{"taxonomy":"product_brand","embeddable":true,"href":"https:\/\/myspainfood.com\/no\/wp-json\/wp\/v2\/product_brand?post=42088"},{"taxonomy":"product_cat","embeddable":true,"href":"https:\/\/myspainfood.com\/no\/wp-json\/wp\/v2\/product_cat?post=42088"},{"taxonomy":"product_tag","embeddable":true,"href":"https:\/\/myspainfood.com\/no\/wp-json\/wp\/v2\/product_tag?post=42088"}],"curies":[{"name":"wp","href":"https:\/\/api.w.org\/{rel}","templated":true}]}}