{"id":42112,"date":"2025-04-10T12:11:40","date_gmt":"2025-04-10T10:11:40","guid":{"rendered":"https:\/\/myspainfood.com\/producto\/sardiner-i-solsikkeolje-12-14-stykker-111-g\/"},"modified":"2025-04-10T12:11:40","modified_gmt":"2025-04-10T10:11:40","slug":"sardiner-i-solsikkeolje-12-14-stykker-111-g","status":"publish","type":"product","link":"https:\/\/myspainfood.com\/no\/producto\/sardiner-i-solsikkeolje-12-14-stykker-111-g\/","title":{"rendered":"Sardiner i solsikkeolje 12\/14 stykker 111 g"},"content":{"rendered":"<p>Oppdag den deilige smaken av havet med v\u00e5re premium sardiner i solsikkeolje! Hver bit er en eksplosjon av friskhet og kvalitet som vil glede ganen din og ta deg med til de mest eksotiske kyster. <\/p>\n<p>V\u00e5re sardiner er n\u00f8ye fisket fra de reneste farvann og utvalgt for \u00e5 garantere deres enest\u00e5ende ferskhet og smak. De er dynket i f\u00f8rsteklasses solsikkeolje, slik at vi bevarer den m\u00f8re konsistensen og den naturlige smaken og gj\u00f8r hver eneste bit til en uforglemmelig opplevelse. <\/p>\n<p>V\u00e5re sardiner i solsikkeolje er rike p\u00e5 omega-3-fettsyrer, viktige vitaminer og mineraler, og de er ikke bare velsmakende, men ogs\u00e5 et n\u00e6ringsrikt valg i det daglige kostholdet. Bruk dem som hovedingrediens i friske salater, gourmet snacks eller bare nyt dem rett fra boksen. <\/p>\n<p>Enten du skal tilberede en fin middag eller er ute etter et sunt mellomm\u00e5ltid til \u00e5 ta med deg, er v\u00e5re sardiner i solsikkeolje det perfekte valget. V\u00e5g \u00e5 pr\u00f8ve dem og oppdag hvorfor de er den best bevarte hemmeligheten for alle matelskere! <\/p>\n<p>Kj\u00f8p din boks med sardiner i solsikkeolje i dag, og tilf\u00f8r et snev av sj\u00f8matsmak til dine favorittretter!<\/p>\n","protected":false},"excerpt":{"rendered":"<p>Oppdag den deilige smaken av havet med v\u00e5re premium sardiner i solsikkeolje! Hver bit er en eksplosjon av friskhet og kvalitet som vil glede ganen din og ta deg med til de mest eksotiske kyster. <\/p>\n","protected":false},"featured_media":14133,"template":"","meta":{"_et_pb_use_builder":"","_et_pb_old_content":"","_et_gb_content_width":""},"product_brand":[1358],"product_cat":[1972,3770],"product_tag":[],"class_list":{"0":"post-42112","1":"product","2":"type-product","3":"status-publish","4":"has-post-thumbnail","6":"product_brand-areoso","7":"product_cat-konserver","8":"product_cat-sardinillas-no","10":"first","11":"outofstock","12":"taxable","13":"shipping-taxable","14":"product-type-simple"},"_links":{"self":[{"href":"https:\/\/myspainfood.com\/no\/wp-json\/wp\/v2\/product\/42112","targetHints":{"allow":["GET"]}}],"collection":[{"href":"https:\/\/myspainfood.com\/no\/wp-json\/wp\/v2\/product"}],"about":[{"href":"https:\/\/myspainfood.com\/no\/wp-json\/wp\/v2\/types\/product"}],"wp:featuredmedia":[{"embeddable":true,"href":"https:\/\/myspainfood.com\/no\/wp-json\/wp\/v2\/media\/14133"}],"wp:attachment":[{"href":"https:\/\/myspainfood.com\/no\/wp-json\/wp\/v2\/media?parent=42112"}],"wp:term":[{"taxonomy":"product_brand","embeddable":true,"href":"https:\/\/myspainfood.com\/no\/wp-json\/wp\/v2\/product_brand?post=42112"},{"taxonomy":"product_cat","embeddable":true,"href":"https:\/\/myspainfood.com\/no\/wp-json\/wp\/v2\/product_cat?post=42112"},{"taxonomy":"product_tag","embeddable":true,"href":"https:\/\/myspainfood.com\/no\/wp-json\/wp\/v2\/product_tag?post=42112"}],"curies":[{"name":"wp","href":"https:\/\/api.w.org\/{rel}","templated":true}]}}