{"id":42215,"date":"2025-04-10T12:11:27","date_gmt":"2025-04-10T10:11:27","guid":{"rendered":"https:\/\/myspainfood.com\/producto\/sortimentspose-400-gram-la-ponderosa\/"},"modified":"2025-04-10T12:11:27","modified_gmt":"2025-04-10T10:11:27","slug":"sortimentspose-400-gram-la-ponderosa","status":"publish","type":"product","link":"https:\/\/myspainfood.com\/no\/producto\/sortimentspose-400-gram-la-ponderosa\/","title":{"rendered":"Sortimentspose 400 gram La Ponderosa"},"content":{"rendered":"<p>Beskrivelse<\/p>\n<p>I dette sortimentet minis bag 400 grs finner du de mest tradisjonelle juleproduktene. I ett og samme produkt finner du et utvalg av: <\/p>\n<p>- Smultringer med vin og mandler. Miniversjonen av v\u00e5r uts\u00f8kte vinsmultring. Rund i formen, med et hull i midten, laget med s\u00f8t vin, mandler, sesamfr\u00f8 og melis.  <\/p>\n<p>- Polvoroncitos de almendra. Hva ville julen v\u00e6rt uten de tradisjonelle polvoronones? Selv om v\u00e5re polvoroncitos er mindre enn de originale, beholder de den karakteristiske mandelsmaken.  <\/p>\n<p>- Kanelsnurrer. Julens konge sammen med polvor\u00f3n. Miniversjonen av v\u00e5r mantecado er laget med de samme ingrediensene: sm\u00f8r, mel, malte mandler, sesamfr\u00f8 og kanel.  <\/p>\n<p>Ingredienser<\/p>\n<p>Mini kanelsm\u00f8r: Hvetemel, sukker, iberisk spekk (antioksidant: E-320), kanel (1 %) og sesamfr\u00f8. Kan inneholde spor av n\u00f8tter, pean\u00f8tter og sulfitter. <\/p>\n<p>Mini mandelpolvor\u00f3n: Hvetemel, sukker, iberisk smult (antioksidant: E-320), mandler (8 %), kanel, nellik og sitronaroma. Kan inneholde spor av pean\u00f8tter, sesam og sulfitter. <\/p>\n<p>Vin- og mandelminidoughnut: Hvetemel, iberisk spekk (antioksidant: E-320), sukker, vin (inneholder sulfitter) (12 %), mandler (5 %), anis, kanel, sesamfr\u00f8, anisaroma og sitronaroma. Kan inneholde spor av pean\u00f8tter. <\/p>\n<p>Allergener<\/p>\n<p>Inneholder gluten, n\u00f8tter, sesam og sulfitter. Kan inneholde spor av pean\u00f8tter. <\/p>\n","protected":false},"excerpt":{"rendered":"<p>Beskrivelse I dette sortimentet minis bag 400 grs finner du de mest tradisjonelle juleproduktene. I ett og samme produkt finner du et utvalg av: - Smultringer med vin og mandler. Miniversjonen av v\u00e5r uts\u00f8kte vinsmultring. Rund i formen, med et hull i midten, laget med s\u00f8t vin, mandler, sesamfr\u00f8 og melis. - Polvoroncitos de almendra. [&hellip;]<\/p>\n","protected":false},"featured_media":13791,"template":"","meta":{"_et_pb_use_builder":"","_et_pb_old_content":"","_et_gb_content_width":""},"product_brand":[1417],"product_cat":[7703,1972],"product_tag":[],"class_list":{"0":"post-42215","1":"product","2":"type-product","3":"status-publish","4":"has-post-thumbnail","6":"product_brand-la-ponderosa","7":"product_cat-julespesial","8":"product_cat-konserver","10":"first","11":"outofstock","12":"taxable","13":"shipping-taxable","14":"product-type-variable"},"_links":{"self":[{"href":"https:\/\/myspainfood.com\/no\/wp-json\/wp\/v2\/product\/42215","targetHints":{"allow":["GET"]}}],"collection":[{"href":"https:\/\/myspainfood.com\/no\/wp-json\/wp\/v2\/product"}],"about":[{"href":"https:\/\/myspainfood.com\/no\/wp-json\/wp\/v2\/types\/product"}],"wp:featuredmedia":[{"embeddable":true,"href":"https:\/\/myspainfood.com\/no\/wp-json\/wp\/v2\/media\/13791"}],"wp:attachment":[{"href":"https:\/\/myspainfood.com\/no\/wp-json\/wp\/v2\/media?parent=42215"}],"wp:term":[{"taxonomy":"product_brand","embeddable":true,"href":"https:\/\/myspainfood.com\/no\/wp-json\/wp\/v2\/product_brand?post=42215"},{"taxonomy":"product_cat","embeddable":true,"href":"https:\/\/myspainfood.com\/no\/wp-json\/wp\/v2\/product_cat?post=42215"},{"taxonomy":"product_tag","embeddable":true,"href":"https:\/\/myspainfood.com\/no\/wp-json\/wp\/v2\/product_tag?post=42215"}],"curies":[{"name":"wp","href":"https:\/\/api.w.org\/{rel}","templated":true}]}}