{"id":43226,"date":"2025-04-10T12:11:14","date_gmt":"2025-04-10T10:11:14","guid":{"rendered":"https:\/\/myspainfood.com\/producto\/vermouth-cocktail-los-cantabros-025-lata-av-jairo-cuetao-tappet-pa-flaske-av-bodegas-igarmi\/"},"modified":"2026-01-29T12:55:25","modified_gmt":"2026-01-29T11:55:25","slug":"vermouth-cocktail-los-cantabros-025-lata-av-jairo-cuetao-tappet-pa-flaske-av-bodegas-igarmi","status":"publish","type":"product","link":"https:\/\/myspainfood.com\/no\/producto\/vermouth-cocktail-los-cantabros-025-lata-av-jairo-cuetao-tappet-pa-flaske-av-bodegas-igarmi\/","title":{"rendered":"Vermouth cocktail los C\u00e1ntabros 0,25 Lata av Jairo Cuetao tappet p\u00e5 flaske av bodegas Igarmi"},"content":{"rendered":"<p>Verm\u00fa los C\u00e1ntabros er en hyllest til alle de mennene og kvinnene som har forst\u00e5tt \u00e5 bevare og spre kulturen v\u00e5r.<\/p>\n<p>Ogs\u00e5 v\u00e5re r\u00f8tter og tradisjoner, ledsaget av messer, festivaler, spill og gastronomi, fra havet til fjellene i v\u00e5rt elskede Cantabria.<\/p>\n<p>Dette produktet er tappet p\u00e5 flaske av Bodegas Igarmi.  <\/p>\n<p>Bodegas Igarmi er et resultat av en tradisjon som siden 1890 har v\u00e6rt preget av kvalitet og kundeservice.<\/p>\n<p>En familiebedrift som med sin lidenskap og dedikasjon til vin har gjort det mulig \u00e5 tappe og markedsf\u00f8re viner med et usl\u00e5elig forhold mellom kvalitet og pris, noe som verdsettes h\u00f8yt i markedet og av forbrukerne.<\/p>\n<p>Bodegas Igarmi har 3000 m\u00b2 med fasiliteter i byen Heras med en lagringskapasitet p\u00e5 ca. \u00e9n million liter.<\/p>\n<p>Det er ogs\u00e5 den st\u00f8rste ving\u00e5rden i Cantabria.<\/p>\n<p>De er et flott team p\u00e5 mer enn 30 personer som er opptatt av \u00e5 gi kunden det beste produktet og den beste servicen, noe som vi utmerker oss for.<\/p>\n<p>De har en fl\u00e5te p\u00e5 20 biler som leverer og distribuerer produkter i hele Cantabria og i nabokommunene.<\/p>\n<p>Hvis du \u00f8nsker \u00e5 kj\u00f8pe Vermouth Los C\u00e1ntabros 5 liter Bag in Box eller andre typer drikkevarer, ikke n\u00f8l med \u00e5 ta en titt i v\u00e5r online katalog for \u00e5 se det store utvalget av drikkevarer vi har.<\/p>\n<p>Skriv til oss for mer informasjon.<\/p>\n","protected":false},"excerpt":{"rendered":"<p>Verm\u00fa los C\u00e1ntabros er en hyllest til alle de mennene og kvinnene som har forst\u00e5tt \u00e5 bevare og spre kulturen v\u00e5r. Ogs\u00e5 v\u00e5re r\u00f8tter og tradisjoner, ledsaget av messer, festivaler, spill og gastronomi, fra havet til fjellene i v\u00e5rt elskede Cantabria. Dette produktet er tappet p\u00e5 flaske av Bodegas Igarmi. Bodegas Igarmi er et resultat [&hellip;]<\/p>\n","protected":false},"featured_media":13602,"template":"","meta":{"_et_pb_use_builder":"","_et_pb_old_content":"","_et_gb_content_width":""},"product_brand":[1244,1245],"product_cat":[4884,5771],"product_tag":[5773],"class_list":{"0":"post-43226","1":"product","2":"type-product","3":"status-publish","4":"has-post-thumbnail","6":"product_brand-igarmi","7":"product_brand-los-cantabros","8":"product_cat-drikkevarer","9":"product_cat-vermouth-no","10":"product_tag-igarmi-no","12":"first","13":"outofstock","14":"featured","15":"taxable","16":"shipping-taxable","17":"product-type-variable"},"_links":{"self":[{"href":"https:\/\/myspainfood.com\/no\/wp-json\/wp\/v2\/product\/43226","targetHints":{"allow":["GET"]}}],"collection":[{"href":"https:\/\/myspainfood.com\/no\/wp-json\/wp\/v2\/product"}],"about":[{"href":"https:\/\/myspainfood.com\/no\/wp-json\/wp\/v2\/types\/product"}],"wp:featuredmedia":[{"embeddable":true,"href":"https:\/\/myspainfood.com\/no\/wp-json\/wp\/v2\/media\/13602"}],"wp:attachment":[{"href":"https:\/\/myspainfood.com\/no\/wp-json\/wp\/v2\/media?parent=43226"}],"wp:term":[{"taxonomy":"product_brand","embeddable":true,"href":"https:\/\/myspainfood.com\/no\/wp-json\/wp\/v2\/product_brand?post=43226"},{"taxonomy":"product_cat","embeddable":true,"href":"https:\/\/myspainfood.com\/no\/wp-json\/wp\/v2\/product_cat?post=43226"},{"taxonomy":"product_tag","embeddable":true,"href":"https:\/\/myspainfood.com\/no\/wp-json\/wp\/v2\/product_tag?post=43226"}],"curies":[{"name":"wp","href":"https:\/\/api.w.org\/{rel}","templated":true}]}}