{"id":43655,"date":"2025-04-10T12:05:33","date_gmt":"2025-04-10T10:05:33","guid":{"rendered":"https:\/\/myspainfood.com\/producto\/olive-machacamoya\/"},"modified":"2025-04-10T12:05:33","modified_gmt":"2025-04-10T10:05:33","slug":"olive-machacamoya","status":"publish","type":"product","link":"https:\/\/myspainfood.com\/no\/producto\/olive-machacamoya\/","title":{"rendered":"Olive Machacamoya"},"content":{"rendered":"<p>Machacamoya-oliven skiller seg ut med sin typiske bitre smak. For de mest kresne ganer er det en oval oliven, krydret med hvitl\u00f8k og paprika, aromatiske urter og eddik. Det er en sv\u00e6rt popul\u00e6r oliven i barene. Perfekt \u00e5 kombinere med en spansk vin eller et glass \u00f8l.   <\/p>\n","protected":false},"excerpt":{"rendered":"<p>Machacamoya-oliven skiller seg ut med sin typiske bitre smak. For de mest kresne ganer er det en oval oliven, krydret med hvitl\u00f8k og paprika, aromatiske urter og eddik. Det er en sv\u00e6rt popul\u00e6r oliven i barene. Perfekt \u00e5 kombinere med en spansk vin eller et glass \u00f8l.<\/p>\n","protected":false},"featured_media":7671,"template":"","meta":{"_et_pb_use_builder":"","_et_pb_old_content":"","_et_gb_content_width":""},"product_brand":[1057],"product_cat":[1556,1555],"product_tag":[8939],"class_list":{"0":"post-43655","1":"product","2":"type-product","3":"status-publish","4":"has-post-thumbnail","6":"product_brand-la-encajera","7":"product_cat-oliven","8":"product_cat-pickles-no","9":"product_tag-machacamoya-no","11":"first","12":"outofstock","13":"taxable","14":"shipping-taxable","15":"product-type-variable"},"_links":{"self":[{"href":"https:\/\/myspainfood.com\/no\/wp-json\/wp\/v2\/product\/43655","targetHints":{"allow":["GET"]}}],"collection":[{"href":"https:\/\/myspainfood.com\/no\/wp-json\/wp\/v2\/product"}],"about":[{"href":"https:\/\/myspainfood.com\/no\/wp-json\/wp\/v2\/types\/product"}],"wp:featuredmedia":[{"embeddable":true,"href":"https:\/\/myspainfood.com\/no\/wp-json\/wp\/v2\/media\/7671"}],"wp:attachment":[{"href":"https:\/\/myspainfood.com\/no\/wp-json\/wp\/v2\/media?parent=43655"}],"wp:term":[{"taxonomy":"product_brand","embeddable":true,"href":"https:\/\/myspainfood.com\/no\/wp-json\/wp\/v2\/product_brand?post=43655"},{"taxonomy":"product_cat","embeddable":true,"href":"https:\/\/myspainfood.com\/no\/wp-json\/wp\/v2\/product_cat?post=43655"},{"taxonomy":"product_tag","embeddable":true,"href":"https:\/\/myspainfood.com\/no\/wp-json\/wp\/v2\/product_tag?post=43655"}],"curies":[{"name":"wp","href":"https:\/\/api.w.org\/{rel}","templated":true}]}}