{"id":43682,"date":"2025-04-10T12:05:33","date_gmt":"2025-04-10T10:05:33","guid":{"rendered":"https:\/\/myspainfood.com\/producto\/aubergine-smak-olive\/"},"modified":"2025-04-10T12:05:33","modified_gmt":"2025-04-10T10:05:33","slug":"aubergine-smak-olive","status":"publish","type":"product","link":"https:\/\/myspainfood.com\/no\/producto\/aubergine-smak-olive\/","title":{"rendered":"Aubergine Smak Olive"},"content":{"rendered":"<p>Aubergine Flavour Olive har en sv\u00e6rt mild smak, noe som gj\u00f8r den til en dristig <a href=\"https:\/\/www.laencajera.es\/aceitunas\" target=\"_blank\" rel=\"noopener noreferrer nofollow\">forrett<\/a> som alltid er appetittvekkende.<\/p>\n<p>I tillegg til \u00e5 v\u00e6re et ideelt tilbeh\u00f8r til retter med skje. De kan ogs\u00e5 nytes sammen med et glass vin. <\/p>\n<p>Ingredienser: Oliven, vann, pepper, salt, eddik, naturlige krydder (hvitl\u00f8k, spisskummen, paprika og olje), smaksforsterker (E-631, E-627, E-621), syrningsmiddel (E-330), konserveringsmidler (E-270, E-202, E-211), antioksidant (E-330) og naturlige aromaer. Kan inneholde sulfitter. <\/p>\n<p>Oppbevares p\u00e5 et kj\u00f8lig, t\u00f8rt sted, mellom 3\u00baC og 10\u00baC. Oppbevares beskyttet mot sollys og sterk lukt. <\/p>\n<p>N\u00e5r Aubergine Flavour Olive er \u00e5pnet, oppbevares den i kj\u00f8leskap og konsumeres innen 30 dager.<\/p>\n<p>Hvis du \u00f8nsker \u00e5 kj\u00f8pe oliven eller andre typer <a href=\"https:\/\/latiendadesami.com\/categoria-producto\/encurtidos\/\" rel=\"noopener noreferrer nofollow\" target=\"_blank\">sylteagurk<\/a>, kan du ta en titt p\u00e5 v\u00e5r online katalog for \u00e5 se det store utvalget av <a href=\"https:\/\/latiendadesami.com\/categoria-producto\/encurtidos\/berenjenas\/\" target=\"_blank\" rel=\"noopener noreferrer nofollow\">auberginer<\/a> vi har.<\/p>\n<p>Merket er La Encajonera, en familiebedrift som ble grunnlagt i 1990, og som ligger i hjertet av La Mancha, i byen ALMAGRO i provinsen Ciudad Real.<\/p>\n<p>Produksjonsprosessen for produktene starter i det samme dyrkingsomr\u00e5det, der man velger ut de beste kvalitetsproduktene.<\/p>\n<p>Fabrikken er utstyrt med den mest avanserte teknologien, samtidig som h\u00e5ndverkernes tradisjon og kunnskap er bevart.<\/p>\n","protected":false},"excerpt":{"rendered":"<p>Aubergine Flavour Olive har en sv\u00e6rt mild smak, noe som gj\u00f8r den til en dristig forrett som alltid er appetittvekkende. I tillegg til \u00e5 v\u00e6re et ideelt tilbeh\u00f8r til retter med skje. De kan ogs\u00e5 nytes sammen med et glass vin. Ingredienser: Oliven, vann, pepper, salt, eddik, naturlige krydder (hvitl\u00f8k, spisskummen, paprika og olje), smaksforsterker [&hellip;]<\/p>\n","protected":false},"featured_media":7618,"template":"","meta":{"_et_pb_use_builder":"","_et_pb_old_content":"","_et_gb_content_width":""},"product_brand":[1057],"product_cat":[1556,1555],"product_tag":[2160],"class_list":{"0":"post-43682","1":"product","2":"type-product","3":"status-publish","4":"has-post-thumbnail","6":"product_brand-la-encajera","7":"product_cat-oliven","8":"product_cat-pickles-no","9":"product_tag-aubergine-no","11":"first","12":"outofstock","13":"taxable","14":"shipping-taxable","15":"product-type-variable"},"_links":{"self":[{"href":"https:\/\/myspainfood.com\/no\/wp-json\/wp\/v2\/product\/43682","targetHints":{"allow":["GET"]}}],"collection":[{"href":"https:\/\/myspainfood.com\/no\/wp-json\/wp\/v2\/product"}],"about":[{"href":"https:\/\/myspainfood.com\/no\/wp-json\/wp\/v2\/types\/product"}],"wp:featuredmedia":[{"embeddable":true,"href":"https:\/\/myspainfood.com\/no\/wp-json\/wp\/v2\/media\/7618"}],"wp:attachment":[{"href":"https:\/\/myspainfood.com\/no\/wp-json\/wp\/v2\/media?parent=43682"}],"wp:term":[{"taxonomy":"product_brand","embeddable":true,"href":"https:\/\/myspainfood.com\/no\/wp-json\/wp\/v2\/product_brand?post=43682"},{"taxonomy":"product_cat","embeddable":true,"href":"https:\/\/myspainfood.com\/no\/wp-json\/wp\/v2\/product_cat?post=43682"},{"taxonomy":"product_tag","embeddable":true,"href":"https:\/\/myspainfood.com\/no\/wp-json\/wp\/v2\/product_tag?post=43682"}],"curies":[{"name":"wp","href":"https:\/\/api.w.org\/{rel}","templated":true}]}}