{"id":44581,"date":"2025-04-10T12:11:40","date_gmt":"2025-04-10T10:11:40","guid":{"rendered":"https:\/\/myspainfood.com\/producto\/nieva-cojonudos-hvit-asparges-extra-13-16-veldig-tykk\/"},"modified":"2025-04-10T12:11:40","modified_gmt":"2025-04-10T10:11:40","slug":"nieva-cojonudos-hvit-asparges-extra-13-16-veldig-tykk","status":"publish","type":"product","link":"https:\/\/myspainfood.com\/no\/producto\/nieva-cojonudos-hvit-asparges-extra-13-16-veldig-tykk\/","title":{"rendered":"Nieva &raquo;Cojonudos&raquo; hvit asparges Extra 13\/16 veldig tykk"},"content":{"rendered":"<p>Fordyp deg i den uts\u00f8kte smaken av Nievas tykke hvite asparges og oppdag en unik kulinarisk opplevelse! Hver asparges er n\u00f8ye utvalgt og dyrket i de mest fruktbare omr\u00e5dene, noe som garanterer h\u00f8yeste kvalitet og friskhet i hver eneste bit. <\/p>\n<p>De hvite aspargesene fra Nieva utmerker seg med sin sjener\u00f8se st\u00f8rrelse og faste, saftige konsistens. Med en eksepsjonelt stor diameter er disse aspargesene det perfekte valget for deg som er ute etter en intens smak og en deilig konsistens i hver porsjon. <\/p>\n<p>V\u00e5re hvite asparges kommer fra de mest sk\u00e5nsomt dyrkede \u00e5krene og h\u00f8stes n\u00e5r de er optimalt modne, og er en naturskatt som vil glede ganen din og l\u00f8fte rettene dine til nye gastronomiske h\u00f8yder.<\/p>\n<p>Nyt den milde, litt bitre smaken og den m\u00f8re, men seige konsistensen. Enten du nyter dem som garnityr til hovedretter, i friske salater eller i gourmetoppskrifter, er Nievas sv\u00e6rt tykke hvite asparges det perfekte valget for deg som elsker god mat. <\/p>\n<p>Overrask gjestene dine med den gastronomiske fortreffeligheten til v\u00e5re hvite asparges og gj\u00f8r hvert m\u00e5ltid til en uforglemmelig opplevelse. Kj\u00f8p dem n\u00e5 og oppdag hvorfor Nieva er synonymt med eksepsjonell kvalitet og smak i hver eneste bit! <\/p>\n","protected":false},"excerpt":{"rendered":"<p>Fordyp deg i den uts\u00f8kte smaken av Nievas tykke hvite asparges og oppdag en unik kulinarisk opplevelse! Hver asparges er n\u00f8ye utvalgt og dyrket i de mest fruktbare omr\u00e5dene, noe som garanterer h\u00f8yeste kvalitet og friskhet i hver eneste bit. <\/p>\n","protected":false},"featured_media":14115,"template":"","meta":{"_et_pb_use_builder":"","_et_pb_old_content":"","_et_gb_content_width":""},"product_brand":[1458],"product_cat":[6367,1972],"product_tag":[],"class_list":{"0":"post-44581","1":"product","2":"type-product","3":"status-publish","4":"has-post-thumbnail","6":"product_brand-nieva-cojonudos","7":"product_cat-asparges","8":"product_cat-konserver","10":"first","11":"outofstock","12":"taxable","13":"shipping-taxable","14":"product-type-variable"},"_links":{"self":[{"href":"https:\/\/myspainfood.com\/no\/wp-json\/wp\/v2\/product\/44581","targetHints":{"allow":["GET"]}}],"collection":[{"href":"https:\/\/myspainfood.com\/no\/wp-json\/wp\/v2\/product"}],"about":[{"href":"https:\/\/myspainfood.com\/no\/wp-json\/wp\/v2\/types\/product"}],"wp:featuredmedia":[{"embeddable":true,"href":"https:\/\/myspainfood.com\/no\/wp-json\/wp\/v2\/media\/14115"}],"wp:attachment":[{"href":"https:\/\/myspainfood.com\/no\/wp-json\/wp\/v2\/media?parent=44581"}],"wp:term":[{"taxonomy":"product_brand","embeddable":true,"href":"https:\/\/myspainfood.com\/no\/wp-json\/wp\/v2\/product_brand?post=44581"},{"taxonomy":"product_cat","embeddable":true,"href":"https:\/\/myspainfood.com\/no\/wp-json\/wp\/v2\/product_cat?post=44581"},{"taxonomy":"product_tag","embeddable":true,"href":"https:\/\/myspainfood.com\/no\/wp-json\/wp\/v2\/product_tag?post=44581"}],"curies":[{"name":"wp","href":"https:\/\/api.w.org\/{rel}","templated":true}]}}