{"id":44897,"date":"2025-04-10T12:12:05","date_gmt":"2025-04-10T10:12:05","guid":{"rendered":"https:\/\/myspainfood.com\/producto\/la-vieja-fabrica-bitter-appelsinsyltetoy-280-g\/"},"modified":"2025-09-02T10:52:32","modified_gmt":"2025-09-02T08:52:32","slug":"la-vieja-fabrica-bitter-appelsinsyltetoy-280-g","status":"publish","type":"product","link":"https:\/\/myspainfood.com\/no\/producto\/la-vieja-fabrica-bitter-appelsinsyltetoy-280-g\/","title":{"rendered":"La Vieja F\u00e1brica Bitter Appelsinsyltet\u00f8y 280 g"},"content":{"rendered":"<p>La Vieja F\u00e1brica pomeransmarmelade er et tradisjonelt spansk produkt som skiller seg ut med sin autentiske og deilige smak. Den er laget av de beste pomeransene etter tradisjonelle oppskrifter og har en perfekt balanse mellom s\u00f8dme og bitterhet. Denne marmeladen er ideell til frokost, snacks eller desserter, og er en nytelse som gir deg en rikdom av de tradisjonelle spanske smakene p\u00e5 bordet.  <\/p>\n<p>&nbsp;<\/p>\n<p><span class=\"info-key \"><strong>Matvarens navn<\/strong>:<\/span> Bitter appelsinmarmelade<\/p>\n<p><span class=\"info-key \"><strong>Operat\u00f8rens navn<\/strong>:<\/span> \u00c1ngel Camacho Alimentaci\u00f3n, S.L.<\/p>\n<p><span class=\"info-key \"><strong>Operat\u00f8rens adresse<\/strong>:<\/span> Avda. del Pilar, 6 - 41530 Mor\u00f3n de la Frontera (Sevilla)<\/p>\n<p><span class=\"info-key \"><strong>Matvarens opprinnelsessted<\/strong>:<\/span> Produkt fra Spania<\/p>\n<p><span class=\"info-key \"><strong>Netto mengde<\/strong>:<\/span> 365 g<\/p>\n<p><span class=\"info-key \"><strong>Andre obligatoriske merkeopplysninger<\/strong>:<\/span> Laget av 40 g appelsiner per 100 g.<\/p>\n<p><strong>Totalt sukkerinnhold<\/strong> 65 g per 100 g.<\/p>\n","protected":false},"excerpt":{"rendered":"<p>La Vieja F\u00e1brica pomeransmarmelade er et tradisjonelt spansk produkt som skiller seg ut med sin autentiske og deilige smak. Den er laget av de beste pomeransene etter tradisjonelle oppskrifter og har en perfekt balanse mellom s\u00f8dme og bitterhet. Denne marmeladen er ideell til frokost, snacks eller desserter, og er en nytelse som gir deg en [&hellip;]<\/p>\n","protected":false},"featured_media":14214,"template":"","meta":{"_et_pb_use_builder":"","_et_pb_old_content":"","_et_gb_content_width":""},"product_brand":[1460],"product_cat":[1972],"product_tag":[],"class_list":{"0":"post-44897","1":"product","2":"type-product","3":"status-publish","4":"has-post-thumbnail","6":"product_brand-la-vieja-fabrica","7":"product_cat-konserver","9":"first","10":"outofstock","11":"taxable","12":"shipping-taxable","13":"product-type-variable"},"_links":{"self":[{"href":"https:\/\/myspainfood.com\/no\/wp-json\/wp\/v2\/product\/44897","targetHints":{"allow":["GET"]}}],"collection":[{"href":"https:\/\/myspainfood.com\/no\/wp-json\/wp\/v2\/product"}],"about":[{"href":"https:\/\/myspainfood.com\/no\/wp-json\/wp\/v2\/types\/product"}],"wp:featuredmedia":[{"embeddable":true,"href":"https:\/\/myspainfood.com\/no\/wp-json\/wp\/v2\/media\/14214"}],"wp:attachment":[{"href":"https:\/\/myspainfood.com\/no\/wp-json\/wp\/v2\/media?parent=44897"}],"wp:term":[{"taxonomy":"product_brand","embeddable":true,"href":"https:\/\/myspainfood.com\/no\/wp-json\/wp\/v2\/product_brand?post=44897"},{"taxonomy":"product_cat","embeddable":true,"href":"https:\/\/myspainfood.com\/no\/wp-json\/wp\/v2\/product_cat?post=44897"},{"taxonomy":"product_tag","embeddable":true,"href":"https:\/\/myspainfood.com\/no\/wp-json\/wp\/v2\/product_tag?post=44897"}],"curies":[{"name":"wp","href":"https:\/\/api.w.org\/{rel}","templated":true}]}}