{"id":44928,"date":"2025-04-10T12:12:29","date_gmt":"2025-04-10T10:12:29","guid":{"rendered":"https:\/\/myspainfood.com\/producto\/santos-sodupe-rioja-ung-rod-descuido\/"},"modified":"2026-01-29T12:48:30","modified_gmt":"2026-01-29T11:48:30","slug":"santos-sodupe-rioja-ung-rod-descuido","status":"publish","type":"product","link":"https:\/\/myspainfood.com\/no\/producto\/santos-sodupe-rioja-ung-rod-descuido\/","title":{"rendered":"Santos Sodupe Rioja Ung R\u00f8d DESCUIDO"},"content":{"rendered":"<p>Tradisjonell karbonmaserasjon<\/p>\n<p>Kald maserasjon<\/p>\n<p>Lavtrykkspressing, frittl\u00f8pende juice<\/p>\n<p>Rengj\u00f8ring ved dekantering (desludging)<\/p>\n<p>Temperaturkontrollert gj\u00e6ring<\/p>\n<p>Innh\u00f8sting valgt p\u00e5 vinstokken<\/p>\n<p>Tekniske spesifikasjoner<\/p>\n<p>Ung r\u00f8d<\/p>\n<p>85 % tempranillo, 10 % viura, 5 % graciano<\/p>\n<p>Bodegas Santos Sodupe<\/p>\n<p>San Asensio, La Rioja<\/p>\n<p>D.O.C. Rioja<\/p>\n<p>75cl \/ 12,5%vol.<\/p>\n<p>Inneholder sulfitter<\/p>\n","protected":false},"excerpt":{"rendered":"<p>Tradisjonell karbonmaserasjon Kald maserasjon Lavtrykkspressing, frittl\u00f8pende juice Rengj\u00f8ring ved dekantering (desludging) Temperaturkontrollert gj\u00e6ring Innh\u00f8sting valgt p\u00e5 vinstokken Tekniske spesifikasjoner Ung r\u00f8d 85 % tempranillo, 10 % viura, 5 % graciano Bodegas Santos Sodupe San Asensio, La Rioja D.O.C. Rioja 75cl \/ 12,5%vol. Inneholder sulfitter<\/p>\n","protected":false},"featured_media":14313,"template":"","meta":{"_et_pb_use_builder":"","_et_pb_old_content":"","_et_gb_content_width":""},"product_brand":[1459],"product_cat":[4884,6270],"product_tag":[],"class_list":{"0":"post-44928","1":"product","2":"type-product","3":"status-publish","4":"has-post-thumbnail","6":"product_brand-santos-sodupe","7":"product_cat-drikkevarer","8":"product_cat-vin-no-3","10":"first","11":"outofstock","12":"taxable","13":"shipping-taxable","14":"product-type-variable"},"_links":{"self":[{"href":"https:\/\/myspainfood.com\/no\/wp-json\/wp\/v2\/product\/44928","targetHints":{"allow":["GET"]}}],"collection":[{"href":"https:\/\/myspainfood.com\/no\/wp-json\/wp\/v2\/product"}],"about":[{"href":"https:\/\/myspainfood.com\/no\/wp-json\/wp\/v2\/types\/product"}],"wp:featuredmedia":[{"embeddable":true,"href":"https:\/\/myspainfood.com\/no\/wp-json\/wp\/v2\/media\/14313"}],"wp:attachment":[{"href":"https:\/\/myspainfood.com\/no\/wp-json\/wp\/v2\/media?parent=44928"}],"wp:term":[{"taxonomy":"product_brand","embeddable":true,"href":"https:\/\/myspainfood.com\/no\/wp-json\/wp\/v2\/product_brand?post=44928"},{"taxonomy":"product_cat","embeddable":true,"href":"https:\/\/myspainfood.com\/no\/wp-json\/wp\/v2\/product_cat?post=44928"},{"taxonomy":"product_tag","embeddable":true,"href":"https:\/\/myspainfood.com\/no\/wp-json\/wp\/v2\/product_tag?post=44928"}],"curies":[{"name":"wp","href":"https:\/\/api.w.org\/{rel}","templated":true}]}}