{"id":45247,"date":"2025-04-10T12:10:00","date_gmt":"2025-04-10T10:10:00","guid":{"rendered":"https:\/\/myspainfood.com\/producto\/chicon-grandmas-party-900-g-pakke-a-6-enheter\/"},"modified":"2025-07-10T09:19:12","modified_gmt":"2025-07-10T07:19:12","slug":"chicon-grandmas-party-900-g-pakke-a-6-enheter","status":"publish","type":"product","link":"https:\/\/myspainfood.com\/no\/producto\/chicon-grandmas-party-900-g-pakke-a-6-enheter\/","title":{"rendered":"Chicon Grandma&#8217;s Party 900 g pakke \u00e0 6 enheter"},"content":{"rendered":"<p>Fordelene med Bestemors delte oliven<\/p>\n<p>Fordelene med bestemors sprukne oliven er mange, og i tillegg til den fantastiske smaken har de ogs\u00e5 sv\u00e6rt helsebringende egenskaper.<\/p>\n<p>De reduserer kolesterolet. Takket v\u00e6re oljesyre bidrar bestemors splittede oliven til \u00e5 holde kolesterolet i sjakk. <\/p>\n<p>De hjelper ford\u00f8yelsen. P\u00e5 grunn av det h\u00f8ye fiberinnholdet bidrar olivenene til \u00e5 eliminere giftstoffer og forbedre ford\u00f8yelsen. <\/p>\n<p>Fordeler for huden. Vitamin A og E er bra for huden og virker mot aldring. <\/p>\n<p>De gir energi. De inneholder mye jern, som bidrar til \u00e5 syntetisere karnitin og produsere energi. <\/p>\n<p>Kj\u00f8p oliven fra bestemors fest<\/p>\n<p>Grandma&#8217;s Olives utmerker seg med sin s\u00f8te, men intense smak og sin karakteristiske krydring, som er laget av naturlige krydder.<\/p>\n<p>Etter \u00e5 ha blitt konservert i 5 \u00e5r, blir fruktene fra oliventreet maserert til de oppn\u00e5r den behagelige konsistensen til v\u00e5re <a href=\"https:\/\/latiendadesami.com\/categoria-producto\/encurtidos\/\" target=\"_blank\" rel=\"noopener noreferrer nofollow\">&laquo;Encurtidos Aceitunas de la Abuela&raquo; (Bestemors olivenpickles<\/a> ).<\/p>\n<p>Disse hele olivenene med fast fruktkj\u00f8tt, lett knuste og <a href=\"https:\/\/es.wikipedia.org\/wiki\/Aceitunas_ali%C3%B1adas\" target=\"_blank\" rel=\"noopener noreferrer nofollow\">krydret<\/a> etter bestemors oppskrift, er resultatet av en lang familietradisjon, opprinnelig fra Antequera i Malaga.<\/p>\n","protected":false},"excerpt":{"rendered":"<p>Fordelene med Bestemors delte oliven Fordelene med bestemors sprukne oliven er mange, og i tillegg til den fantastiske smaken har de ogs\u00e5 sv\u00e6rt helsebringende egenskaper. De reduserer kolesterolet. Takket v\u00e6re oljesyre bidrar bestemors splittede oliven til \u00e5 holde kolesterolet i sjakk. De hjelper ford\u00f8yelsen. P\u00e5 grunn av det h\u00f8ye fiberinnholdet bidrar olivenene til \u00e5 eliminere [&hellip;]<\/p>\n","protected":false},"featured_media":7860,"template":"","meta":{"_et_pb_use_builder":"","_et_pb_old_content":"","_et_gb_content_width":""},"product_brand":[1036],"product_cat":[2943,3118],"product_tag":[1557,1558],"class_list":{"0":"post-45247","1":"product","2":"type-product","3":"status-publish","4":"has-post-thumbnail","6":"product_brand-chicon","7":"product_cat-engroshandel","8":"product_cat-pickles-no-2","9":"product_tag-bestemor","10":"product_tag-vare","12":"first","13":"instock","14":"featured","15":"taxable","16":"shipping-taxable","17":"purchasable","18":"product-type-variable"},"_links":{"self":[{"href":"https:\/\/myspainfood.com\/no\/wp-json\/wp\/v2\/product\/45247","targetHints":{"allow":["GET"]}}],"collection":[{"href":"https:\/\/myspainfood.com\/no\/wp-json\/wp\/v2\/product"}],"about":[{"href":"https:\/\/myspainfood.com\/no\/wp-json\/wp\/v2\/types\/product"}],"wp:featuredmedia":[{"embeddable":true,"href":"https:\/\/myspainfood.com\/no\/wp-json\/wp\/v2\/media\/7860"}],"wp:attachment":[{"href":"https:\/\/myspainfood.com\/no\/wp-json\/wp\/v2\/media?parent=45247"}],"wp:term":[{"taxonomy":"product_brand","embeddable":true,"href":"https:\/\/myspainfood.com\/no\/wp-json\/wp\/v2\/product_brand?post=45247"},{"taxonomy":"product_cat","embeddable":true,"href":"https:\/\/myspainfood.com\/no\/wp-json\/wp\/v2\/product_cat?post=45247"},{"taxonomy":"product_tag","embeddable":true,"href":"https:\/\/myspainfood.com\/no\/wp-json\/wp\/v2\/product_tag?post=45247"}],"curies":[{"name":"wp","href":"https:\/\/api.w.org\/{rel}","templated":true}]}}