{"id":45305,"date":"2025-04-10T12:10:02","date_gmt":"2025-04-10T10:10:02","guid":{"rendered":"https:\/\/myspainfood.com\/producto\/chicon-oliven-slikkepinner-900-gram-pakke-6-stk\/"},"modified":"2025-04-10T12:10:02","modified_gmt":"2025-04-10T10:10:02","slug":"chicon-oliven-slikkepinner-900-gram-pakke-6-stk","status":"publish","type":"product","link":"https:\/\/myspainfood.com\/no\/producto\/chicon-oliven-slikkepinner-900-gram-pakke-6-stk\/","title":{"rendered":"Chic\u00f3n oliven slikkepinner 900 gram pakke 6 stk."},"content":{"rendered":"<h3>Fordeler med <a href=\"https:\/\/aceitunaschiconlebron.com\/\" target=\"_blank\" rel=\"noopener noreferrer nofollow\">Chicon<\/a> Chupadedos Oliven Ali\u00f1o<\/h3>\n<p>Visste du om de mange fordelene med disse Chicon Ali\u00f1o Olives Suckers? De har en h\u00f8y evne til \u00e5 forebygge hjertesykdommer og sirkulasjonssykdommer generelt. <\/p>\n<p>Dette skyldes det h\u00f8ye innholdet av umettet fett. I tillegg er det en matvare som inneholder mye jern og fiber og er sv\u00e6rt mettende, noe som gj\u00f8r det til et perfekt mellomm\u00e5ltid. <\/p>\n<p>Det anbefales \u00e5 oppbevare disse hele olivenene p\u00e5 et kj\u00f8lig, t\u00f8rt sted, beskyttet mot sollys.<\/p>\n<p>Hvis du \u00f8nsker \u00e5 kj\u00f8pe oliven eller andre typer <a href=\"https:\/\/latiendadesami.com\/categoria-producto\/encurtidos\/\" rel=\"noopener noreferrer nofollow\" target=\"_blank\">syltet mat<\/a>, ikke n\u00f8l med \u00e5 ta en titt p\u00e5 v\u00e5r online katalog for \u00e5 se det brede utvalget av <a href=\"https:\/\/latiendadesami.com\/categoria-producto\/encurtidos\/aceitunas\/\" target=\"_blank\" rel=\"noopener noreferrer nofollow\">oliven<\/a> vi har.<\/p>\n","protected":false},"excerpt":{"rendered":"<p>Fordeler med Chicon Chupadedos Oliven Ali\u00f1o Visste du om de mange fordelene med disse Chicon Ali\u00f1o Olives Suckers? De har en h\u00f8y evne til \u00e5 forebygge hjertesykdommer og sirkulasjonssykdommer generelt. Dette skyldes det h\u00f8ye innholdet av umettet fett. I tillegg er det en matvare som inneholder mye jern og fiber og er sv\u00e6rt mettende, noe [&hellip;]<\/p>\n","protected":false},"featured_media":12351,"template":"","meta":{"_et_pb_use_builder":"","_et_pb_old_content":"","_et_gb_content_width":""},"product_brand":[1036],"product_cat":[2943,3118],"product_tag":[4076],"class_list":{"0":"post-45305","1":"product","2":"type-product","3":"status-publish","4":"has-post-thumbnail","6":"product_brand-chicon","7":"product_cat-engroshandel","8":"product_cat-pickles-no-2","9":"product_tag-suckers","11":"first","12":"instock","13":"taxable","14":"shipping-taxable","15":"purchasable","16":"product-type-variable"},"_links":{"self":[{"href":"https:\/\/myspainfood.com\/no\/wp-json\/wp\/v2\/product\/45305","targetHints":{"allow":["GET"]}}],"collection":[{"href":"https:\/\/myspainfood.com\/no\/wp-json\/wp\/v2\/product"}],"about":[{"href":"https:\/\/myspainfood.com\/no\/wp-json\/wp\/v2\/types\/product"}],"wp:featuredmedia":[{"embeddable":true,"href":"https:\/\/myspainfood.com\/no\/wp-json\/wp\/v2\/media\/12351"}],"wp:attachment":[{"href":"https:\/\/myspainfood.com\/no\/wp-json\/wp\/v2\/media?parent=45305"}],"wp:term":[{"taxonomy":"product_brand","embeddable":true,"href":"https:\/\/myspainfood.com\/no\/wp-json\/wp\/v2\/product_brand?post=45305"},{"taxonomy":"product_cat","embeddable":true,"href":"https:\/\/myspainfood.com\/no\/wp-json\/wp\/v2\/product_cat?post=45305"},{"taxonomy":"product_tag","embeddable":true,"href":"https:\/\/myspainfood.com\/no\/wp-json\/wp\/v2\/product_tag?post=45305"}],"curies":[{"name":"wp","href":"https:\/\/api.w.org\/{rel}","templated":true}]}}