{"id":45398,"date":"2025-04-10T12:10:12","date_gmt":"2025-04-10T10:10:12","guid":{"rendered":"https:\/\/myspainfood.com\/producto\/80-stk-cusumano-kystnaer-fersk-bonito-18-kg\/"},"modified":"2026-01-13T13:48:59","modified_gmt":"2026-01-13T12:48:59","slug":"80-stk-cusumano-kystnaer-fersk-bonito-18-kg","status":"publish","type":"product","link":"https:\/\/myspainfood.com\/no\/producto\/80-stk-cusumano-kystnaer-fersk-bonito-18-kg\/","title":{"rendered":"80 stk Cusumano kystn\u00e6r fersk bonito 1&#8217;8 kg"},"content":{"rendered":"<div id=\"product-description-short-5\" class=\"rte-content\">\n<p style=\"text-align: left;\">Kystens ferske tunfisk Cusumano er en hvit tunfisk som fanges \u00e9n og \u00e9n i Det kantabriske hav og <a href=\"https:\/\/es.wikipedia.org\/wiki\/Thunnus\" target=\"_blank\" rel=\"noopener noreferrer nofollow\">bearbeides<\/a> FERSK.<\/p>\n<p>Denne maten har en autentisk smak og en eksepsjonell konsistens.<\/p>\n<p>Endelig kan du ha en tradisjonell syltet\u00f8ykonserve p\u00e5 bordet.<\/p>\n<p>Fresco de Costera.<\/p>\n<p>Ettersom dette er et sesongfiskeri som varer fra juni til oktober, garanterer Cusumano at denne hvite tunfisken ikke har gjennomg\u00e5tt noen fryseprosess fra fangst til produksjon.<\/p>\n<p>Denne tunfisken beholder alle sine organoleptiske egenskaper som farge, smak og tekstur intakt.<\/p>\n<p>Conservas Cusumano har nye og moderne fasiliteter p\u00e5 nesten 6000 m\u00b2 i Mundaka.<\/p>\n<p>Conservas Cusumano er et selskap som i mer enn 60 \u00e5r har opprettholdt kj\u00e6rligheten til tradisjon og kunnskap i et av de eldste og mest tradisjonsrike yrkene i verden: fiske og hermetisering av fersk hvit tunfisk fra kysten.<\/p>\n<p>I det uforlignelige Urdaibai biosf\u00e6rereservat, som gj\u00f8r at de kan f\u00e5 den ferskeste fisken p\u00e5 grunn av beliggenheten s\u00e5 n\u00e6r havet som gjennomsyrer essensen v\u00e5r.<\/p>\n<p>Hvis du \u00f8nsker \u00e5 kj\u00f8pe fersk tunfisk fra Cusumano Coastal eller en annen type <a href=\"https:\/\/latiendadesami.com\/categoria-producto\/conservas\/\" rel=\"noopener noreferrer nofollow\" target=\"_blank\">hermetisk<\/a> tunfisk, kan du ta en titt p\u00e5 hele v\u00e5r nettkatalog for \u00e5 se det store utvalget av <a href=\"https:\/\/latiendadesami.com\/categoria-producto\/conservas\/atun-y-bonito\/\" target=\"_blank\" rel=\"noopener noreferrer nofollow\">tunfisk<\/a> vi har.<\/p>\n<p>Skriv til oss for mer informasjon.<\/p>\n<p>&nbsp;<\/p>\n<\/div>\n","protected":false},"excerpt":{"rendered":"<p>Kystens ferske tunfisk Cusumano er en hvit tunfisk som fanges \u00e9n og \u00e9n i Det kantabriske hav og bearbeides FERSK. Denne maten har en autentisk smak og en eksepsjonell konsistens. Endelig kan du ha en tradisjonell syltet\u00f8ykonserve p\u00e5 bordet. Fresco de Costera. Ettersom dette er et sesongfiskeri som varer fra juni til oktober, garanterer Cusumano [&hellip;]<\/p>\n","protected":false},"featured_media":12621,"template":"","meta":{"_et_pb_use_builder":"","_et_pb_old_content":"","_et_gb_content_width":""},"product_brand":[1272],"product_cat":[1972,4233],"product_tag":[],"class_list":{"0":"post-45398","1":"product","2":"type-product","3":"status-publish","4":"has-post-thumbnail","6":"product_brand-cusumano","7":"product_cat-konserver","8":"product_cat-tunfisk-og-bonito","10":"first","11":"outofstock","12":"taxable","13":"shipping-taxable","14":"purchasable","15":"product-type-simple"},"_links":{"self":[{"href":"https:\/\/myspainfood.com\/no\/wp-json\/wp\/v2\/product\/45398","targetHints":{"allow":["GET"]}}],"collection":[{"href":"https:\/\/myspainfood.com\/no\/wp-json\/wp\/v2\/product"}],"about":[{"href":"https:\/\/myspainfood.com\/no\/wp-json\/wp\/v2\/types\/product"}],"wp:featuredmedia":[{"embeddable":true,"href":"https:\/\/myspainfood.com\/no\/wp-json\/wp\/v2\/media\/12621"}],"wp:attachment":[{"href":"https:\/\/myspainfood.com\/no\/wp-json\/wp\/v2\/media?parent=45398"}],"wp:term":[{"taxonomy":"product_brand","embeddable":true,"href":"https:\/\/myspainfood.com\/no\/wp-json\/wp\/v2\/product_brand?post=45398"},{"taxonomy":"product_cat","embeddable":true,"href":"https:\/\/myspainfood.com\/no\/wp-json\/wp\/v2\/product_cat?post=45398"},{"taxonomy":"product_tag","embeddable":true,"href":"https:\/\/myspainfood.com\/no\/wp-json\/wp\/v2\/product_tag?post=45398"}],"curies":[{"name":"wp","href":"https:\/\/api.w.org\/{rel}","templated":true}]}}