{"id":45910,"date":"2025-04-10T12:11:27","date_gmt":"2025-04-10T10:11:27","guid":{"rendered":"https:\/\/myspainfood.com\/producto\/hjemmelaget-shortbread-500-gram-pose-la-ponderosa\/"},"modified":"2025-09-02T10:51:03","modified_gmt":"2025-09-02T08:51:03","slug":"hjemmelaget-shortbread-500-gram-pose-la-ponderosa","status":"publish","type":"product","link":"https:\/\/myspainfood.com\/no\/producto\/hjemmelaget-shortbread-500-gram-pose-la-ponderosa\/","title":{"rendered":"Hjemmelaget shortbread 500 gram pose La Ponderosa"},"content":{"rendered":"<p>Sjokolade, sitron, kanel&#8230; Det finnes mange varianter av mantecados p\u00e5 markedet, men hvis det er noen som er et must p\u00e5 julebordet, s\u00e5 er det hjemmelagde mantecados. Blandingen av kvalitet, siden v\u00e5re hjemmelagde mantecados er laget med de beste ingrediensene, med h\u00e5ndverket og tradisjonen til et produkt som har v\u00e6rt markedsf\u00f8rt i \u00e5revis i v\u00e5rt land, gj\u00f8r det til et av de mest solgte produktene blant v\u00e5re kunder. <\/p>\n<p>Ingredienser:<\/p>\n<p>Hvetemel, sukker, iberisk smult (antioksidant: E-320), kanel og sesamfr\u00f8. Kan inneholde spor av n\u00f8tter, pean\u00f8tter og sulfitter. <\/p>\n<p>Allergener<\/p>\n<p>Inneholder gluten og sesam. Kan inneholde spor av n\u00f8tter, pean\u00f8tter og sulfitter. <\/p>\n","protected":false},"excerpt":{"rendered":"<p>Sjokolade, sitron, kanel&#8230; Det finnes mange varianter av mantecados p\u00e5 markedet, men hvis det er noen som er et must p\u00e5 julebordet, s\u00e5 er det hjemmelagde mantecados. Blandingen av kvalitet, siden v\u00e5re hjemmelagde mantecados er laget med de beste ingrediensene, med h\u00e5ndverket og tradisjonen til et produkt som har v\u00e6rt markedsf\u00f8rt i \u00e5revis i v\u00e5rt [&hellip;]<\/p>\n","protected":false},"featured_media":13773,"template":"","meta":{"_et_pb_use_builder":"","_et_pb_old_content":"","_et_gb_content_width":""},"product_brand":[1417],"product_cat":[7703,1972],"product_tag":[],"class_list":{"0":"post-45910","1":"product","2":"type-product","3":"status-publish","4":"has-post-thumbnail","6":"product_brand-la-ponderosa","7":"product_cat-julespesial","8":"product_cat-konserver","10":"first","11":"outofstock","12":"taxable","13":"shipping-taxable","14":"product-type-variable"},"_links":{"self":[{"href":"https:\/\/myspainfood.com\/no\/wp-json\/wp\/v2\/product\/45910","targetHints":{"allow":["GET"]}}],"collection":[{"href":"https:\/\/myspainfood.com\/no\/wp-json\/wp\/v2\/product"}],"about":[{"href":"https:\/\/myspainfood.com\/no\/wp-json\/wp\/v2\/types\/product"}],"wp:featuredmedia":[{"embeddable":true,"href":"https:\/\/myspainfood.com\/no\/wp-json\/wp\/v2\/media\/13773"}],"wp:attachment":[{"href":"https:\/\/myspainfood.com\/no\/wp-json\/wp\/v2\/media?parent=45910"}],"wp:term":[{"taxonomy":"product_brand","embeddable":true,"href":"https:\/\/myspainfood.com\/no\/wp-json\/wp\/v2\/product_brand?post=45910"},{"taxonomy":"product_cat","embeddable":true,"href":"https:\/\/myspainfood.com\/no\/wp-json\/wp\/v2\/product_cat?post=45910"},{"taxonomy":"product_tag","embeddable":true,"href":"https:\/\/myspainfood.com\/no\/wp-json\/wp\/v2\/product_tag?post=45910"}],"curies":[{"name":"wp","href":"https:\/\/api.w.org\/{rel}","templated":true}]}}