{"id":46154,"date":"2025-04-10T12:12:05","date_gmt":"2025-04-10T10:12:05","guid":{"rendered":"https:\/\/myspainfood.com\/producto\/santos-sodupe-rioja-ung-titis-rose\/"},"modified":"2026-01-29T13:01:24","modified_gmt":"2026-01-29T12:01:24","slug":"santos-sodupe-rioja-ung-titis-rose","status":"publish","type":"product","link":"https:\/\/myspainfood.com\/no\/producto\/santos-sodupe-rioja-ung-titis-rose\/","title":{"rendered":"Santos Sodupe Rioja ung TITIS ROS\u00c9"},"content":{"rendered":"<p>Rosa<\/p>\n<p>Kald maserasjon<\/p>\n<p>Lavtrykkspressing, frittl\u00f8pende juice<\/p>\n<p>Rengj\u00f8ring ved flotasjon<\/p>\n<p>Temperaturkontrollert gj\u00e6ring<\/p>\n<p>Tekniske spesifikasjoner<\/p>\n<p>  Ung ros\u00e9<\/p>\n<p>  100 % r\u00f8d grenache<\/p>\n<p>  Bodegas Santos Sodupe<\/p>\n<p>  San Asensio, La Rioja<\/p>\n<p>  D.O.C. Rioja<\/p>\n<p>  75cl \/ 12,5%vol.<\/p>\n<p>  Inneholder sulfitter<\/p>\n<p>smakspr\u00f8ver<\/p>\n<p>Lys, ren rosa med laksefargede striper<\/p>\n<p>Omsluttende og elegant, hvite frukter og sitrusfrukter<\/p>\n<p>Lang og myk, elegant og langvarig syrlighet<\/p>\n","protected":false},"excerpt":{"rendered":"<p>Rosa Kald maserasjon Lavtrykkspressing, frittl\u00f8pende juice Rengj\u00f8ring ved flotasjon Temperaturkontrollert gj\u00e6ring Tekniske spesifikasjoner Ung ros\u00e9 100 % r\u00f8d grenache Bodegas Santos Sodupe San Asensio, La Rioja D.O.C. Rioja 75cl \/ 12,5%vol. Inneholder sulfitter smakspr\u00f8ver Lys, ren rosa med laksefargede striper Omsluttende og elegant, hvite frukter og sitrusfrukter Lang og myk, elegant og langvarig syrlighet<\/p>\n","protected":false},"featured_media":14286,"template":"","meta":{"_et_pb_use_builder":"","_et_pb_old_content":"","_et_gb_content_width":""},"product_brand":[1459],"product_cat":[4884,4886],"product_tag":[],"class_list":{"0":"post-46154","1":"product","2":"type-product","3":"status-publish","4":"has-post-thumbnail","6":"product_brand-santos-sodupe","7":"product_cat-drikkevarer","8":"product_cat-vin-no","10":"first","11":"outofstock","12":"taxable","13":"shipping-taxable","14":"product-type-variable"},"_links":{"self":[{"href":"https:\/\/myspainfood.com\/no\/wp-json\/wp\/v2\/product\/46154","targetHints":{"allow":["GET"]}}],"collection":[{"href":"https:\/\/myspainfood.com\/no\/wp-json\/wp\/v2\/product"}],"about":[{"href":"https:\/\/myspainfood.com\/no\/wp-json\/wp\/v2\/types\/product"}],"wp:featuredmedia":[{"embeddable":true,"href":"https:\/\/myspainfood.com\/no\/wp-json\/wp\/v2\/media\/14286"}],"wp:attachment":[{"href":"https:\/\/myspainfood.com\/no\/wp-json\/wp\/v2\/media?parent=46154"}],"wp:term":[{"taxonomy":"product_brand","embeddable":true,"href":"https:\/\/myspainfood.com\/no\/wp-json\/wp\/v2\/product_brand?post=46154"},{"taxonomy":"product_cat","embeddable":true,"href":"https:\/\/myspainfood.com\/no\/wp-json\/wp\/v2\/product_cat?post=46154"},{"taxonomy":"product_tag","embeddable":true,"href":"https:\/\/myspainfood.com\/no\/wp-json\/wp\/v2\/product_tag?post=46154"}],"curies":[{"name":"wp","href":"https:\/\/api.w.org\/{rel}","templated":true}]}}