{"id":46164,"date":"2025-04-10T12:12:05","date_gmt":"2025-04-10T10:12:05","guid":{"rendered":"https:\/\/myspainfood.com\/producto\/santos-sodupe-rioja-signaturrodvin-graciano-rioja\/"},"modified":"2026-01-29T12:27:14","modified_gmt":"2026-01-29T11:27:14","slug":"santos-sodupe-rioja-signaturrodvin-graciano-rioja","status":"publish","type":"product","link":"https:\/\/myspainfood.com\/no\/producto\/santos-sodupe-rioja-signaturrodvin-graciano-rioja\/","title":{"rendered":"Santos Sodupe Rioja signaturr\u00f8dvin GRACIANO Rioja"},"content":{"rendered":"<p>100 % Graciano<\/p>\n<p>16 m\u00e5neder p\u00e5 eikefat<\/p>\n<p>Fransk<\/p>\n<p>Gamle vinstokker<\/p>\n<p>Innh\u00f8sting valgt p\u00e5 vinstokken<\/p>\n<p>Gullmedalje toppvin 2021<\/p>\n<p>Civas gullmedalje i gull 2023<\/p>\n<p>Tekniske spesifikasjoner<\/p>\n<p>Signatur r\u00f8dvin<\/p>\n<p>100 % graciano<\/p>\n<p>Bodegas Santos Sodupe<\/p>\n<p>San Asensio, La Rioja<\/p>\n<p>D.O.C. Rioja<\/p>\n<p>75cl \/ 12,5%vol.<\/p>\n<p>Inneholder sulfitter<\/p>\n<p>smakspr\u00f8ver<\/p>\n<p>Kirseb\u00e6rr\u00f8d med okerfargede toner<\/p>\n<p>Krydret og treaktig med modne r\u00f8de frukter<\/p>\n<p>Kj\u00f8ttfull og lang, edle tanniner, fylde og struktur.<\/p>\n","protected":false},"excerpt":{"rendered":"<p>100 % Graciano 16 m\u00e5neder p\u00e5 eikefat Fransk Gamle vinstokker Innh\u00f8sting valgt p\u00e5 vinstokken Gullmedalje toppvin 2021 Civas gullmedalje i gull 2023 Tekniske spesifikasjoner Signatur r\u00f8dvin 100 % graciano Bodegas Santos Sodupe San Asensio, La Rioja D.O.C. Rioja 75cl \/ 12,5%vol. Inneholder sulfitter smakspr\u00f8ver Kirseb\u00e6rr\u00f8d med okerfargede toner Krydret og treaktig med modne r\u00f8de frukter [&hellip;]<\/p>\n","protected":false},"featured_media":14241,"template":"","meta":{"_et_pb_use_builder":"","_et_pb_old_content":"","_et_gb_content_width":""},"product_brand":[1459],"product_cat":[4884,4886],"product_tag":[],"class_list":{"0":"post-46164","1":"product","2":"type-product","3":"status-publish","4":"has-post-thumbnail","6":"product_brand-santos-sodupe","7":"product_cat-drikkevarer","8":"product_cat-vin-no","10":"first","11":"outofstock","12":"taxable","13":"shipping-taxable","14":"product-type-variable"},"_links":{"self":[{"href":"https:\/\/myspainfood.com\/no\/wp-json\/wp\/v2\/product\/46164","targetHints":{"allow":["GET"]}}],"collection":[{"href":"https:\/\/myspainfood.com\/no\/wp-json\/wp\/v2\/product"}],"about":[{"href":"https:\/\/myspainfood.com\/no\/wp-json\/wp\/v2\/types\/product"}],"wp:featuredmedia":[{"embeddable":true,"href":"https:\/\/myspainfood.com\/no\/wp-json\/wp\/v2\/media\/14241"}],"wp:attachment":[{"href":"https:\/\/myspainfood.com\/no\/wp-json\/wp\/v2\/media?parent=46164"}],"wp:term":[{"taxonomy":"product_brand","embeddable":true,"href":"https:\/\/myspainfood.com\/no\/wp-json\/wp\/v2\/product_brand?post=46164"},{"taxonomy":"product_cat","embeddable":true,"href":"https:\/\/myspainfood.com\/no\/wp-json\/wp\/v2\/product_cat?post=46164"},{"taxonomy":"product_tag","embeddable":true,"href":"https:\/\/myspainfood.com\/no\/wp-json\/wp\/v2\/product_tag?post=46164"}],"curies":[{"name":"wp","href":"https:\/\/api.w.org\/{rel}","templated":true}]}}