{"id":46237,"date":"2025-04-10T12:07:15","date_gmt":"2025-04-10T10:07:15","guid":{"rendered":"https:\/\/myspainfood.com\/producto\/erter-veldig-fine-ekstra\/"},"modified":"2025-04-10T12:07:15","modified_gmt":"2025-04-10T10:07:15","slug":"erter-veldig-fine-ekstra","status":"publish","type":"product","link":"https:\/\/myspainfood.com\/no\/producto\/erter-veldig-fine-ekstra\/","title":{"rendered":"Erter veldig fine ekstra"},"content":{"rendered":"<p>Guisantes muy fino extra er et <a href=\"https:\/\/twitter.com\/mca_spain\" target=\"_blank\" rel=\"noopener noreferrer nofollow\">produkt fra Spania.<\/a><\/p>\n<p>Ingredienser: Erter, vann, sukker og salt.<\/p>\n<p>N\u00e5r den er \u00e5pnet, oppbevares den i kj\u00f8leskap og konsumeres helst innen 5 dager.<\/p>\n<p>La Viuda de Mateo er et av de kommersielle merkene som MCA Spain-gruppen g\u00e5r ut p\u00e5 markedet under.<\/p>\n<p>MCA Spain har sin opprinnelse i erfaringen til Carlos Ripa, den n\u00e5v\u00e6rende daglige lederen, etter ti \u00e5r i en familiebedrift knyttet til dagligvaresektoren.<\/p>\n<p>P\u00e5 midten av 1980-tallet lanserte Ripa imidlertid sitt eget personlige prosjekt i hjembyen Mendavia i Navarra: hermetikkprodusenten MCA Spain.<\/p>\n<p>Dette selskapet har posisjonert seg i den f\u00f8rste divisjonen av den spanske landbruksmatsektoren med sine gr\u00f8nnsakskonserver og fiskekonserver.<\/p>\n<p>En spektakul\u00e6r utvikling som ikke hadde v\u00e6rt mulig uten et f\u00f8rsteklasses team og et kall for kundeservice.<\/p>\n<p>Hvis du \u00f8nsker \u00e5 kj\u00f8pe ekstra fine erter eller andre typer <a href=\"https:\/\/latiendadesami.com\/categoria-producto\/conservas\/\" rel=\"noopener noreferrer nofollow\" target=\"_blank\">hermetikk<\/a>, er du velkommen til \u00e5 ta en titt i v\u00e5r nettkatalog.<\/p>\n<p>Vi har den h\u00f8yeste kvaliteten til den beste prisen.<\/p>\n<p>Skriv til oss for mer informasjon eller hvis du har sp\u00f8rsm\u00e5l om dette eller andre produkter i katalogen v\u00e5r.<\/p>\n","protected":false},"excerpt":{"rendered":"<p>Erter veldig fine Extra<\/p>\n","protected":false},"featured_media":9489,"template":"","meta":{"_et_pb_use_builder":"","_et_pb_old_content":"","_et_gb_content_width":""},"product_brand":[1129],"product_cat":[3714,1972],"product_tag":[],"class_list":{"0":"post-46237","1":"product","2":"type-product","3":"status-publish","4":"has-post-thumbnail","6":"product_brand-mateo","7":"product_cat-gronnsaker","8":"product_cat-konserver","10":"first","11":"instock","12":"taxable","13":"shipping-taxable","14":"purchasable","15":"product-type-variable"},"_links":{"self":[{"href":"https:\/\/myspainfood.com\/no\/wp-json\/wp\/v2\/product\/46237","targetHints":{"allow":["GET"]}}],"collection":[{"href":"https:\/\/myspainfood.com\/no\/wp-json\/wp\/v2\/product"}],"about":[{"href":"https:\/\/myspainfood.com\/no\/wp-json\/wp\/v2\/types\/product"}],"wp:featuredmedia":[{"embeddable":true,"href":"https:\/\/myspainfood.com\/no\/wp-json\/wp\/v2\/media\/9489"}],"wp:attachment":[{"href":"https:\/\/myspainfood.com\/no\/wp-json\/wp\/v2\/media?parent=46237"}],"wp:term":[{"taxonomy":"product_brand","embeddable":true,"href":"https:\/\/myspainfood.com\/no\/wp-json\/wp\/v2\/product_brand?post=46237"},{"taxonomy":"product_cat","embeddable":true,"href":"https:\/\/myspainfood.com\/no\/wp-json\/wp\/v2\/product_cat?post=46237"},{"taxonomy":"product_tag","embeddable":true,"href":"https:\/\/myspainfood.com\/no\/wp-json\/wp\/v2\/product_tag?post=46237"}],"curies":[{"name":"wp","href":"https:\/\/api.w.org\/{rel}","templated":true}]}}